{"id":153,"date":"2019-09-29T21:15:26","date_gmt":"2019-09-29T19:15:26","guid":{"rendered":"http:\/\/www.crpmna.fr\/?page_id=153"},"modified":"2026-03-27T16:24:09","modified_gmt":"2026-03-27T15:24:09","slug":"pole-de-talence","status":"publish","type":"page","link":"https:\/\/www.crpmna.fr\/index.php\/pole-de-talence\/","title":{"rendered":"P\u00f4le de Talence"},"content":{"rendered":"\n<div class=\"wp-block-media-text alignwide has-media-on-the-right is-stacked-on-mobile\" style=\"grid-template-columns:auto 34%\"><div class=\"wp-block-media-text__content\">\n<p>Suite au changement de statut, le P\u00f4le Rel\u00e8ve Pentathlon Moderne devient P\u00f4le France Rel\u00e8ve Pentathlon Moderne.<\/p>\n\n\n\n<p>Le p\u00f4le permets aux jeunes issus des clubs de se pr\u00e9parer et appr\u00e9hender la comp\u00e9tition de haut niveau. Certains d\u2019entre eux poursuivent leur carri\u00e8re \u00e0 l\u2019INSEP.<\/p>\n\n\n\n<p>Il est situ\u00e9 au CREPS de Bordeaux (Centre de Ressources, d\u2019Expertise et de Performance Sportive).<\/p>\n\n\n\n<p>Responsable du P\u00f4le : Xavier CUGAT<br>Entra\u00eeneur adjoint : Didier BOUBE<\/p>\n<\/div><figure class=\"wp-block-media-text__media\"><img decoding=\"async\" width=\"770\" height=\"770\" src=\"https:\/\/www.crpmna.fr\/wp-content\/uploads\/2025\/02\/IMG_4552.jpg\" alt=\"\" class=\"wp-image-3617 size-full\" srcset=\"https:\/\/www.crpmna.fr\/wp-content\/uploads\/2025\/02\/IMG_4552.jpg 770w, https:\/\/www.crpmna.fr\/wp-content\/uploads\/2025\/02\/IMG_4552-300x300.jpg 300w, https:\/\/www.crpmna.fr\/wp-content\/uploads\/2025\/02\/IMG_4552-150x150.jpg 150w, https:\/\/www.crpmna.fr\/wp-content\/uploads\/2025\/02\/IMG_4552-768x768.jpg 768w\" sizes=\"(max-width: 770px) 100vw, 770px\" \/><\/figure><\/div>\n\n\n\n<div style=\"height:22px\" aria-hidden=\"true\" class=\"wp-block-spacer\"><\/div>\n\n\n\n<p><\/p>\n","protected":false},"excerpt":{"rendered":"<p>Suite au changement de statut, le P\u00f4le Rel\u00e8ve Pentathlon Moderne devient P\u00f4le France Rel\u00e8ve Pentathlon Moderne. Le p\u00f4le permets aux<\/p>\n","protected":false},"author":1,"featured_media":0,"parent":0,"menu_order":0,"comment_status":"closed","ping_status":"closed","template":"","meta":{"colormag_page_container_layout":"default_layout","colormag_page_sidebar_layout":"default_layout","advgb_blocks_editor_width":"","advgb_blocks_columns_visual_guide":"","ngg_post_thumbnail":0,"_mc_calendar":[],"footnotes":""},"class_list":["post-153","page","type-page","status-publish","hentry"],"yoast_head":"<!-- This site is optimized with the Yoast SEO plugin v27.4 - https:\/\/yoast.com\/product\/yoast-seo-wordpress\/ -->\n<title>P\u00f4le de Talence - CRPMNA<\/title>\n<meta name=\"description\" content=\"Le P\u00f4le France Rel\u00e8ve Pentathlon Moderne permets aux jeunes issus des clubs de se pr\u00e9parer et appr\u00e9hender la comp\u00e9tition de haut niveau.\" \/>\n<meta name=\"robots\" content=\"index, follow, max-snippet:-1, max-image-preview:large, max-video-preview:-1\" \/>\n<link rel=\"canonical\" href=\"https:\/\/www.crpmna.fr\/index.php\/pole-de-talence\/\" \/>\n<meta property=\"og:locale\" content=\"fr_FR\" \/>\n<meta property=\"og:type\" content=\"article\" \/>\n<meta property=\"og:title\" content=\"P\u00f4le de Talence - CRPMNA\" \/>\n<meta property=\"og:description\" content=\"Le P\u00f4le France Rel\u00e8ve Pentathlon Moderne permets aux jeunes issus des clubs de se pr\u00e9parer et appr\u00e9hender la comp\u00e9tition de haut niveau.\" \/>\n<meta property=\"og:url\" content=\"https:\/\/www.crpmna.fr\/index.php\/pole-de-talence\/\" \/>\n<meta property=\"og:site_name\" content=\"CRPMNA\" \/>\n<meta property=\"article:publisher\" content=\"https:\/\/www.facebook.com\/crpmna.fr\" \/>\n<meta property=\"article:modified_time\" content=\"2026-03-27T15:24:09+00:00\" \/>\n<meta property=\"og:image\" content=\"https:\/\/www.crpmna.fr\/wp-content\/uploads\/2025\/02\/IMG_4552.jpg\" \/>\n\t<meta property=\"og:image:width\" content=\"770\" \/>\n\t<meta property=\"og:image:height\" content=\"770\" \/>\n\t<meta property=\"og:image:type\" content=\"image\/jpeg\" \/>\n<meta name=\"twitter:card\" content=\"summary_large_image\" \/>\n<meta name=\"twitter:label1\" content=\"Dur\u00e9e de lecture estim\u00e9e\" \/>\n\t<meta name=\"twitter:data1\" content=\"1 minute\" \/>\n<script type=\"application\/ld+json\" class=\"yoast-schema-graph\">{\"@context\":\"https:\\\/\\\/schema.org\",\"@graph\":[{\"@type\":\"WebPage\",\"@id\":\"https:\\\/\\\/www.crpmna.fr\\\/index.php\\\/pole-de-talence\\\/\",\"url\":\"https:\\\/\\\/www.crpmna.fr\\\/index.php\\\/pole-de-talence\\\/\",\"name\":\"P\u00f4le de Talence - CRPMNA\",\"isPartOf\":{\"@id\":\"https:\\\/\\\/www.crpmna.fr\\\/#website\"},\"primaryImageOfPage\":{\"@id\":\"https:\\\/\\\/www.crpmna.fr\\\/index.php\\\/pole-de-talence\\\/#primaryimage\"},\"image\":{\"@id\":\"https:\\\/\\\/www.crpmna.fr\\\/index.php\\\/pole-de-talence\\\/#primaryimage\"},\"thumbnailUrl\":\"https:\\\/\\\/www.crpmna.fr\\\/wp-content\\\/uploads\\\/2025\\\/02\\\/IMG_4552.jpg\",\"datePublished\":\"2019-09-29T19:15:26+00:00\",\"dateModified\":\"2026-03-27T15:24:09+00:00\",\"description\":\"Le P\u00f4le France Rel\u00e8ve Pentathlon Moderne permets aux jeunes issus des clubs de se pr\u00e9parer et appr\u00e9hender la comp\u00e9tition de haut niveau.\",\"breadcrumb\":{\"@id\":\"https:\\\/\\\/www.crpmna.fr\\\/index.php\\\/pole-de-talence\\\/#breadcrumb\"},\"inLanguage\":\"fr-FR\",\"potentialAction\":[{\"@type\":\"ReadAction\",\"target\":[\"https:\\\/\\\/www.crpmna.fr\\\/index.php\\\/pole-de-talence\\\/\"]}]},{\"@type\":\"ImageObject\",\"inLanguage\":\"fr-FR\",\"@id\":\"https:\\\/\\\/www.crpmna.fr\\\/index.php\\\/pole-de-talence\\\/#primaryimage\",\"url\":\"https:\\\/\\\/www.crpmna.fr\\\/wp-content\\\/uploads\\\/2025\\\/02\\\/IMG_4552.jpg\",\"contentUrl\":\"https:\\\/\\\/www.crpmna.fr\\\/wp-content\\\/uploads\\\/2025\\\/02\\\/IMG_4552.jpg\",\"width\":770,\"height\":770},{\"@type\":\"BreadcrumbList\",\"@id\":\"https:\\\/\\\/www.crpmna.fr\\\/index.php\\\/pole-de-talence\\\/#breadcrumb\",\"itemListElement\":[{\"@type\":\"ListItem\",\"position\":1,\"name\":\"Home\",\"item\":\"https:\\\/\\\/www.crpmna.fr\\\/\"},{\"@type\":\"ListItem\",\"position\":2,\"name\":\"P\u00f4le de Talence\"}]},{\"@type\":\"WebSite\",\"@id\":\"https:\\\/\\\/www.crpmna.fr\\\/#website\",\"url\":\"https:\\\/\\\/www.crpmna.fr\\\/\",\"name\":\"CRPMNA\",\"description\":\"Organiser et d\u00e9velopper la pratique du pentathlon moderne en Nouvelle Aquitaine\",\"publisher\":{\"@id\":\"https:\\\/\\\/www.crpmna.fr\\\/#organization\"},\"alternateName\":\"Comit\u00e9 R\u00e9gional de Pentathlon Moderne de Nouvelle-Aquitaine\",\"potentialAction\":[{\"@type\":\"SearchAction\",\"target\":{\"@type\":\"EntryPoint\",\"urlTemplate\":\"https:\\\/\\\/www.crpmna.fr\\\/?s={search_term_string}\"},\"query-input\":{\"@type\":\"PropertyValueSpecification\",\"valueRequired\":true,\"valueName\":\"search_term_string\"}}],\"inLanguage\":\"fr-FR\"},{\"@type\":\"Organization\",\"@id\":\"https:\\\/\\\/www.crpmna.fr\\\/#organization\",\"name\":\"CRPMNA\",\"alternateName\":\"Comit\u00e9 R\u00e9gional de Pentathlon Moderne de Nouvelle-Aquitaine\",\"url\":\"https:\\\/\\\/www.crpmna.fr\\\/\",\"logo\":{\"@type\":\"ImageObject\",\"inLanguage\":\"fr-FR\",\"@id\":\"https:\\\/\\\/www.crpmna.fr\\\/#\\\/schema\\\/logo\\\/image\\\/\",\"url\":\"https:\\\/\\\/www.crpmna.fr\\\/wp-content\\\/uploads\\\/2023\\\/10\\\/Logo-CRPMNA-noir-sans-fond.png\",\"contentUrl\":\"https:\\\/\\\/www.crpmna.fr\\\/wp-content\\\/uploads\\\/2023\\\/10\\\/Logo-CRPMNA-noir-sans-fond.png\",\"width\":2364,\"height\":2363,\"caption\":\"CRPMNA\"},\"image\":{\"@id\":\"https:\\\/\\\/www.crpmna.fr\\\/#\\\/schema\\\/logo\\\/image\\\/\"},\"sameAs\":[\"https:\\\/\\\/www.facebook.com\\\/crpmna.fr\",\"https:\\\/\\\/www.instagram.com\\\/crpmna\\\/\",\"https:\\\/\\\/www.youtube.com\\\/channel\\\/UCsnwnBbuM8lu46ibC6H2jEA\",\"https:\\\/\\\/www.linkedin.com\\\/company\\\/89200652\\\/admin\\\/\"]}]}<\/script>\n<!-- \/ Yoast SEO plugin. -->","yoast_head_json":{"title":"P\u00f4le de Talence - CRPMNA","description":"Le P\u00f4le France Rel\u00e8ve Pentathlon Moderne permets aux jeunes issus des clubs de se pr\u00e9parer et appr\u00e9hender la comp\u00e9tition de haut niveau.","robots":{"index":"index","follow":"follow","max-snippet":"max-snippet:-1","max-image-preview":"max-image-preview:large","max-video-preview":"max-video-preview:-1"},"canonical":"https:\/\/www.crpmna.fr\/index.php\/pole-de-talence\/","og_locale":"fr_FR","og_type":"article","og_title":"P\u00f4le de Talence - CRPMNA","og_description":"Le P\u00f4le France Rel\u00e8ve Pentathlon Moderne permets aux jeunes issus des clubs de se pr\u00e9parer et appr\u00e9hender la comp\u00e9tition de haut niveau.","og_url":"https:\/\/www.crpmna.fr\/index.php\/pole-de-talence\/","og_site_name":"CRPMNA","article_publisher":"https:\/\/www.facebook.com\/crpmna.fr","article_modified_time":"2026-03-27T15:24:09+00:00","og_image":[{"width":770,"height":770,"url":"https:\/\/www.crpmna.fr\/wp-content\/uploads\/2025\/02\/IMG_4552.jpg","type":"image\/jpeg"}],"twitter_card":"summary_large_image","twitter_misc":{"Dur\u00e9e de lecture estim\u00e9e":"1 minute"},"schema":{"@context":"https:\/\/schema.org","@graph":[{"@type":"WebPage","@id":"https:\/\/www.crpmna.fr\/index.php\/pole-de-talence\/","url":"https:\/\/www.crpmna.fr\/index.php\/pole-de-talence\/","name":"P\u00f4le de Talence - CRPMNA","isPartOf":{"@id":"https:\/\/www.crpmna.fr\/#website"},"primaryImageOfPage":{"@id":"https:\/\/www.crpmna.fr\/index.php\/pole-de-talence\/#primaryimage"},"image":{"@id":"https:\/\/www.crpmna.fr\/index.php\/pole-de-talence\/#primaryimage"},"thumbnailUrl":"https:\/\/www.crpmna.fr\/wp-content\/uploads\/2025\/02\/IMG_4552.jpg","datePublished":"2019-09-29T19:15:26+00:00","dateModified":"2026-03-27T15:24:09+00:00","description":"Le P\u00f4le France Rel\u00e8ve Pentathlon Moderne permets aux jeunes issus des clubs de se pr\u00e9parer et appr\u00e9hender la comp\u00e9tition de haut niveau.","breadcrumb":{"@id":"https:\/\/www.crpmna.fr\/index.php\/pole-de-talence\/#breadcrumb"},"inLanguage":"fr-FR","potentialAction":[{"@type":"ReadAction","target":["https:\/\/www.crpmna.fr\/index.php\/pole-de-talence\/"]}]},{"@type":"ImageObject","inLanguage":"fr-FR","@id":"https:\/\/www.crpmna.fr\/index.php\/pole-de-talence\/#primaryimage","url":"https:\/\/www.crpmna.fr\/wp-content\/uploads\/2025\/02\/IMG_4552.jpg","contentUrl":"https:\/\/www.crpmna.fr\/wp-content\/uploads\/2025\/02\/IMG_4552.jpg","width":770,"height":770},{"@type":"BreadcrumbList","@id":"https:\/\/www.crpmna.fr\/index.php\/pole-de-talence\/#breadcrumb","itemListElement":[{"@type":"ListItem","position":1,"name":"Home","item":"https:\/\/www.crpmna.fr\/"},{"@type":"ListItem","position":2,"name":"P\u00f4le de Talence"}]},{"@type":"WebSite","@id":"https:\/\/www.crpmna.fr\/#website","url":"https:\/\/www.crpmna.fr\/","name":"CRPMNA","description":"Organiser et d\u00e9velopper la pratique du pentathlon moderne en Nouvelle Aquitaine","publisher":{"@id":"https:\/\/www.crpmna.fr\/#organization"},"alternateName":"Comit\u00e9 R\u00e9gional de Pentathlon Moderne de Nouvelle-Aquitaine","potentialAction":[{"@type":"SearchAction","target":{"@type":"EntryPoint","urlTemplate":"https:\/\/www.crpmna.fr\/?s={search_term_string}"},"query-input":{"@type":"PropertyValueSpecification","valueRequired":true,"valueName":"search_term_string"}}],"inLanguage":"fr-FR"},{"@type":"Organization","@id":"https:\/\/www.crpmna.fr\/#organization","name":"CRPMNA","alternateName":"Comit\u00e9 R\u00e9gional de Pentathlon Moderne de Nouvelle-Aquitaine","url":"https:\/\/www.crpmna.fr\/","logo":{"@type":"ImageObject","inLanguage":"fr-FR","@id":"https:\/\/www.crpmna.fr\/#\/schema\/logo\/image\/","url":"https:\/\/www.crpmna.fr\/wp-content\/uploads\/2023\/10\/Logo-CRPMNA-noir-sans-fond.png","contentUrl":"https:\/\/www.crpmna.fr\/wp-content\/uploads\/2023\/10\/Logo-CRPMNA-noir-sans-fond.png","width":2364,"height":2363,"caption":"CRPMNA"},"image":{"@id":"https:\/\/www.crpmna.fr\/#\/schema\/logo\/image\/"},"sameAs":["https:\/\/www.facebook.com\/crpmna.fr","https:\/\/www.instagram.com\/crpmna\/","https:\/\/www.youtube.com\/channel\/UCsnwnBbuM8lu46ibC6H2jEA","https:\/\/www.linkedin.com\/company\/89200652\/admin\/"]}]}},"coauthors":[],"author_meta":{"author_link":"https:\/\/www.crpmna.fr\/index.php\/author\/admcomite\/","display_name":"Nans ALVES"},"relative_dates":{"created":"Publi\u00e9 7 ans il y a","modified":"Mis \u00e0 jour 4 semaines il y a"},"absolute_dates":{"created":"Publi\u00e9 le 29 septembre 2019","modified":"Mise \u00e0 jour le 27 mars 2026"},"absolute_dates_time":{"created":"Publi\u00e9 le 29 septembre 2019 21 h 15 min","modified":"Mise \u00e0 jour le 27 mars 2026 16 h 24 min"},"featured_img_caption":"","featured_img":false,"series_order":"","_links":{"self":[{"href":"https:\/\/www.crpmna.fr\/index.php\/wp-json\/wp\/v2\/pages\/153","targetHints":{"allow":["GET"]}}],"collection":[{"href":"https:\/\/www.crpmna.fr\/index.php\/wp-json\/wp\/v2\/pages"}],"about":[{"href":"https:\/\/www.crpmna.fr\/index.php\/wp-json\/wp\/v2\/types\/page"}],"author":[{"embeddable":true,"href":"https:\/\/www.crpmna.fr\/index.php\/wp-json\/wp\/v2\/users\/1"}],"replies":[{"embeddable":true,"href":"https:\/\/www.crpmna.fr\/index.php\/wp-json\/wp\/v2\/comments?post=153"}],"version-history":[{"count":10,"href":"https:\/\/www.crpmna.fr\/index.php\/wp-json\/wp\/v2\/pages\/153\/revisions"}],"predecessor-version":[{"id":5056,"href":"https:\/\/www.crpmna.fr\/index.php\/wp-json\/wp\/v2\/pages\/153\/revisions\/5056"}],"wp:attachment":[{"href":"https:\/\/www.crpmna.fr\/index.php\/wp-json\/wp\/v2\/media?parent=153"}],"curies":[{"name":"wp","href":"https:\/\/api.w.org\/{rel}","templated":true}]}}