{"id":181,"date":"2022-01-07T18:26:54","date_gmt":"2022-01-07T17:26:54","guid":{"rendered":"http:\/\/www.crpmna.fr\/?page_id=181"},"modified":"2026-01-27T11:01:55","modified_gmt":"2026-01-27T10:01:55","slug":"nous-contacter","status":"publish","type":"page","link":"https:\/\/www.crpmna.fr\/index.php\/nous-contacter\/","title":{"rendered":"Nous contacter"},"content":{"rendered":"\n<figure class=\"wp-block-image aligncenter size-large is-style-default\"><img decoding=\"async\" width=\"1024\" height=\"180\" src=\"https:\/\/www.crpmna.fr\/wp-content\/uploads\/2022\/11\/Sans-titre-1-1024x180.png\" alt=\"nous contacter\" class=\"wp-image-1144\" srcset=\"https:\/\/www.crpmna.fr\/wp-content\/uploads\/2022\/11\/Sans-titre-1-1024x180.png 1024w, https:\/\/www.crpmna.fr\/wp-content\/uploads\/2022\/11\/Sans-titre-1-300x53.png 300w, https:\/\/www.crpmna.fr\/wp-content\/uploads\/2022\/11\/Sans-titre-1-768x135.png 768w, https:\/\/www.crpmna.fr\/wp-content\/uploads\/2022\/11\/Sans-titre-1-1536x270.png 1536w, https:\/\/www.crpmna.fr\/wp-content\/uploads\/2022\/11\/Sans-titre-1-2048x360.png 2048w\" sizes=\"(max-width: 1024px) 100vw, 1024px\" \/><\/figure>\n\n\n\n<p class=\"has-text-align-center\"><strong>Vous avez une question concernant un club ? Une comp\u00e9tition ? N&rsquo;h\u00e9sitez pas \u00e0 nous en faire part en remplissant le formulaire ci-dessous.<\/strong><\/p>\n\n\n\n<div class=\"wp-block-columns is-layout-flex wp-container-core-columns-is-layout-28f84493 wp-block-columns-is-layout-flex\">\n<div class=\"wp-block-column is-layout-flow wp-block-column-is-layout-flow\" style=\"flex-basis:100%\">\n<div class=\"wp-block-group is-layout-constrained wp-block-group-is-layout-constrained\"><div class=\"everest-forms\"><div class=\"evf-container default\" id=\"evf-281\"><form id=\"evf-form-281\" class=\"everest-form\" data-formid=\"281\" data-ajax_submission=\"0\" data-keyboard_friendly_form=\"0\" data-form_state_type=\"\" method=\"post\" enctype=\"multipart\/form-data\" action=\"\/index.php\/wp-json\/wp\/v2\/pages\/181\"><div class=\"evf-field-container\"><input type=\"hidden\" id=\"_wpnonce281\" name=\"_wpnonce281\" value=\"9782f9d287\" \/><input type=\"hidden\" name=\"_wp_http_referer\" value=\"\/index.php\/wp-json\/wp\/v2\/pages\/181\" \/><div class=\"evf-frontend-row\" data-row=\"row_1\" conditional_rules=\"[]\"><div class=\"evf-frontend-grid evf-grid-1\" data-grid=\"grid_1\"><div id=\"evf-281-field_fullname-container\" class=\"evf-field evf-field-text form-row validate-required\" data-required-field-message=\"Champ requis\" data-field-id=\"fullname\"><label class=\"evf-field-label\" for=\"evf-281-field_fullname\"><span class=\"evf-label\">Nom<\/span> <abbr class=\"required\" title=\"N\u00e9cessaire\">*<\/abbr><\/label><input type=\"text\" id=\"evf-281-field_fullname\" class=\"input-text\" name=\"everest_forms[form_fields][fullname]\" required><\/div><div id=\"evf-281-field_email-container\" class=\"evf-field evf-field-email form-row validate-required validate-email\" data-required-field-message=\"Merci de renseigner une adresse mail valide\" data-field-id=\"email\"><label class=\"evf-field-label\" for=\"evf-281-field_email\"><span class=\"evf-label\">Email<\/span> <abbr class=\"required\" title=\"N\u00e9cessaire\">*<\/abbr><\/label><input type=\"email\" id=\"evf-281-field_email\" class=\"input-text\" name=\"everest_forms[form_fields][email]\" required ><\/div><div id=\"evf-281-field_subject-container\" class=\"evf-field evf-field-text form-row validate-required\" data-required-field-message=\"Champ requis\" data-field-id=\"subject\"><label class=\"evf-field-label\" for=\"evf-281-field_subject\"><span class=\"evf-label\">Sujet<\/span> <abbr class=\"required\" title=\"N\u00e9cessaire\">*<\/abbr><\/label><input type=\"text\" id=\"evf-281-field_subject\" class=\"input-text\" name=\"everest_forms[form_fields][subject]\" required><\/div><div id=\"evf-281-field_message-container\" class=\"evf-field evf-field-textarea form-row\" data-field-id=\"message\"><label class=\"evf-field-label\" for=\"evf-281-field_message\"><span class=\"evf-label\">Message<\/span> <\/label><textarea id=\"evf-281-field_message\" class=\"input-text\" name=\"everest_forms[form_fields][message]\"  ><\/textarea><\/div><\/div><\/div><\/div><div class=\"evf-honeypot-container evf-field-hp\"><label for=\"evf-281-field-hp\" class=\"evf-field-label\">Website<\/label><input type=\"text\" name=\"everest_forms[hp]\" id=\"evf-281-field-hp\" class=\"input-text\"><\/div><div class=\"evf-submit-container \" ><input type=\"hidden\" name=\"everest_forms[id]\" value=\"281\"><input type=\"hidden\" name=\"everest_forms[author]\" value=\"1\"><button type='submit' name='everest_forms[submit]' class='everest-forms-submit-button button evf-submit ' id='evf-submit-281' value='evf-submit' data-process-text=\"En traitement\u2026\" conditional_rules='&quot;&quot;' conditional_id='evf-submit-281'  id=\"evf-submit-281\" aria-live=\"assertive\">Submit<\/button><\/div><\/form><\/div><!-- .evf-container --><\/div>\n<\/div>\n<\/div>\n<\/div>\n","protected":false},"excerpt":{"rendered":"<p>Vous avez une question concernant un club ? Une comp\u00e9tition ? N&rsquo;h\u00e9sitez pas \u00e0 nous en faire part en remplissant<\/p>\n","protected":false},"author":1,"featured_media":0,"parent":0,"menu_order":0,"comment_status":"closed","ping_status":"closed","template":"","meta":{"colormag_page_container_layout":"default_layout","colormag_page_sidebar_layout":"default_layout","advgb_blocks_editor_width":"","advgb_blocks_columns_visual_guide":"","ngg_post_thumbnail":0,"_mc_calendar":[],"footnotes":""},"class_list":["post-181","page","type-page","status-publish","hentry"],"yoast_head":"<!-- This site is optimized with the Yoast SEO plugin v27.5 - https:\/\/yoast.com\/product\/yoast-seo-wordpress\/ -->\n<title>Nous contacter - CRPMNA<\/title>\n<meta name=\"description\" content=\"Vous avez une question ? Une demande ? N&#039;h\u00e9sitez pas \u00e0 contacter le Comit\u00e9 R\u00e9gional de Pentathlon Moderne de Nouvelle-Aquitaine..\" \/>\n<meta name=\"robots\" content=\"index, follow, max-snippet:-1, max-image-preview:large, max-video-preview:-1\" \/>\n<link rel=\"canonical\" href=\"https:\/\/www.crpmna.fr\/index.php\/nous-contacter\/\" \/>\n<meta property=\"og:locale\" content=\"fr_FR\" \/>\n<meta property=\"og:type\" content=\"article\" \/>\n<meta property=\"og:title\" content=\"Nous contacter - CRPMNA\" \/>\n<meta property=\"og:description\" content=\"Vous avez une question ? Une demande ? N&#039;h\u00e9sitez pas \u00e0 contacter le Comit\u00e9 R\u00e9gional de Pentathlon Moderne de Nouvelle-Aquitaine..\" \/>\n<meta property=\"og:url\" content=\"https:\/\/www.crpmna.fr\/index.php\/nous-contacter\/\" \/>\n<meta property=\"og:site_name\" content=\"CRPMNA\" \/>\n<meta property=\"article:publisher\" content=\"https:\/\/www.facebook.com\/crpmna.fr\" \/>\n<meta property=\"article:modified_time\" content=\"2026-01-27T10:01:55+00:00\" \/>\n<meta property=\"og:image\" content=\"https:\/\/www.crpmna.fr\/wp-content\/uploads\/2022\/11\/Sans-titre-1-1024x180.png\" \/>\n\t<meta property=\"og:image:width\" content=\"1024\" \/>\n\t<meta property=\"og:image:height\" content=\"180\" \/>\n\t<meta property=\"og:image:type\" content=\"image\/png\" \/>\n<meta name=\"twitter:card\" content=\"summary_large_image\" \/>\n<meta name=\"twitter:label1\" content=\"Dur\u00e9e de lecture estim\u00e9e\" \/>\n\t<meta name=\"twitter:data1\" content=\"1 minute\" \/>\n<script type=\"application\/ld+json\" class=\"yoast-schema-graph\">{\"@context\":\"https:\\\/\\\/schema.org\",\"@graph\":[{\"@type\":\"WebPage\",\"@id\":\"https:\\\/\\\/www.crpmna.fr\\\/index.php\\\/nous-contacter\\\/\",\"url\":\"https:\\\/\\\/www.crpmna.fr\\\/index.php\\\/nous-contacter\\\/\",\"name\":\"Nous contacter - CRPMNA\",\"isPartOf\":{\"@id\":\"https:\\\/\\\/www.crpmna.fr\\\/#website\"},\"primaryImageOfPage\":{\"@id\":\"https:\\\/\\\/www.crpmna.fr\\\/index.php\\\/nous-contacter\\\/#primaryimage\"},\"image\":{\"@id\":\"https:\\\/\\\/www.crpmna.fr\\\/index.php\\\/nous-contacter\\\/#primaryimage\"},\"thumbnailUrl\":\"https:\\\/\\\/www.crpmna.fr\\\/wp-content\\\/uploads\\\/2022\\\/11\\\/Sans-titre-1-1024x180.png\",\"datePublished\":\"2022-01-07T17:26:54+00:00\",\"dateModified\":\"2026-01-27T10:01:55+00:00\",\"description\":\"Vous avez une question ? Une demande ? N'h\u00e9sitez pas \u00e0 contacter le Comit\u00e9 R\u00e9gional de Pentathlon Moderne de Nouvelle-Aquitaine..\",\"breadcrumb\":{\"@id\":\"https:\\\/\\\/www.crpmna.fr\\\/index.php\\\/nous-contacter\\\/#breadcrumb\"},\"inLanguage\":\"fr-FR\",\"potentialAction\":[{\"@type\":\"ReadAction\",\"target\":[\"https:\\\/\\\/www.crpmna.fr\\\/index.php\\\/nous-contacter\\\/\"]}]},{\"@type\":\"ImageObject\",\"inLanguage\":\"fr-FR\",\"@id\":\"https:\\\/\\\/www.crpmna.fr\\\/index.php\\\/nous-contacter\\\/#primaryimage\",\"url\":\"https:\\\/\\\/www.crpmna.fr\\\/wp-content\\\/uploads\\\/2022\\\/11\\\/Sans-titre-1.png\",\"contentUrl\":\"https:\\\/\\\/www.crpmna.fr\\\/wp-content\\\/uploads\\\/2022\\\/11\\\/Sans-titre-1.png\",\"width\":9492,\"height\":1667},{\"@type\":\"BreadcrumbList\",\"@id\":\"https:\\\/\\\/www.crpmna.fr\\\/index.php\\\/nous-contacter\\\/#breadcrumb\",\"itemListElement\":[{\"@type\":\"ListItem\",\"position\":1,\"name\":\"Home\",\"item\":\"https:\\\/\\\/www.crpmna.fr\\\/\"},{\"@type\":\"ListItem\",\"position\":2,\"name\":\"Nous contacter\"}]},{\"@type\":\"WebSite\",\"@id\":\"https:\\\/\\\/www.crpmna.fr\\\/#website\",\"url\":\"https:\\\/\\\/www.crpmna.fr\\\/\",\"name\":\"CRPMNA\",\"description\":\"Organiser et d\u00e9velopper la pratique du pentathlon moderne en Nouvelle Aquitaine\",\"publisher\":{\"@id\":\"https:\\\/\\\/www.crpmna.fr\\\/#organization\"},\"alternateName\":\"Comit\u00e9 R\u00e9gional de Pentathlon Moderne de Nouvelle-Aquitaine\",\"potentialAction\":[{\"@type\":\"SearchAction\",\"target\":{\"@type\":\"EntryPoint\",\"urlTemplate\":\"https:\\\/\\\/www.crpmna.fr\\\/?s={search_term_string}\"},\"query-input\":{\"@type\":\"PropertyValueSpecification\",\"valueRequired\":true,\"valueName\":\"search_term_string\"}}],\"inLanguage\":\"fr-FR\"},{\"@type\":\"Organization\",\"@id\":\"https:\\\/\\\/www.crpmna.fr\\\/#organization\",\"name\":\"CRPMNA\",\"alternateName\":\"Comit\u00e9 R\u00e9gional de Pentathlon Moderne de Nouvelle-Aquitaine\",\"url\":\"https:\\\/\\\/www.crpmna.fr\\\/\",\"logo\":{\"@type\":\"ImageObject\",\"inLanguage\":\"fr-FR\",\"@id\":\"https:\\\/\\\/www.crpmna.fr\\\/#\\\/schema\\\/logo\\\/image\\\/\",\"url\":\"https:\\\/\\\/www.crpmna.fr\\\/wp-content\\\/uploads\\\/2023\\\/10\\\/Logo-CRPMNA-noir-sans-fond.png\",\"contentUrl\":\"https:\\\/\\\/www.crpmna.fr\\\/wp-content\\\/uploads\\\/2023\\\/10\\\/Logo-CRPMNA-noir-sans-fond.png\",\"width\":2364,\"height\":2363,\"caption\":\"CRPMNA\"},\"image\":{\"@id\":\"https:\\\/\\\/www.crpmna.fr\\\/#\\\/schema\\\/logo\\\/image\\\/\"},\"sameAs\":[\"https:\\\/\\\/www.facebook.com\\\/crpmna.fr\",\"https:\\\/\\\/www.instagram.com\\\/crpmna\\\/\",\"https:\\\/\\\/www.youtube.com\\\/channel\\\/UCsnwnBbuM8lu46ibC6H2jEA\",\"https:\\\/\\\/www.linkedin.com\\\/company\\\/89200652\\\/admin\\\/\"]}]}<\/script>\n<!-- \/ Yoast SEO plugin. -->","yoast_head_json":{"title":"Nous contacter - CRPMNA","description":"Vous avez une question ? Une demande ? N'h\u00e9sitez pas \u00e0 contacter le Comit\u00e9 R\u00e9gional de Pentathlon Moderne de Nouvelle-Aquitaine..","robots":{"index":"index","follow":"follow","max-snippet":"max-snippet:-1","max-image-preview":"max-image-preview:large","max-video-preview":"max-video-preview:-1"},"canonical":"https:\/\/www.crpmna.fr\/index.php\/nous-contacter\/","og_locale":"fr_FR","og_type":"article","og_title":"Nous contacter - CRPMNA","og_description":"Vous avez une question ? Une demande ? N'h\u00e9sitez pas \u00e0 contacter le Comit\u00e9 R\u00e9gional de Pentathlon Moderne de Nouvelle-Aquitaine..","og_url":"https:\/\/www.crpmna.fr\/index.php\/nous-contacter\/","og_site_name":"CRPMNA","article_publisher":"https:\/\/www.facebook.com\/crpmna.fr","article_modified_time":"2026-01-27T10:01:55+00:00","og_image":[{"width":1024,"height":180,"url":"https:\/\/www.crpmna.fr\/wp-content\/uploads\/2022\/11\/Sans-titre-1-1024x180.png","type":"image\/png"}],"twitter_card":"summary_large_image","twitter_misc":{"Dur\u00e9e de lecture estim\u00e9e":"1 minute"},"schema":{"@context":"https:\/\/schema.org","@graph":[{"@type":"WebPage","@id":"https:\/\/www.crpmna.fr\/index.php\/nous-contacter\/","url":"https:\/\/www.crpmna.fr\/index.php\/nous-contacter\/","name":"Nous contacter - CRPMNA","isPartOf":{"@id":"https:\/\/www.crpmna.fr\/#website"},"primaryImageOfPage":{"@id":"https:\/\/www.crpmna.fr\/index.php\/nous-contacter\/#primaryimage"},"image":{"@id":"https:\/\/www.crpmna.fr\/index.php\/nous-contacter\/#primaryimage"},"thumbnailUrl":"https:\/\/www.crpmna.fr\/wp-content\/uploads\/2022\/11\/Sans-titre-1-1024x180.png","datePublished":"2022-01-07T17:26:54+00:00","dateModified":"2026-01-27T10:01:55+00:00","description":"Vous avez une question ? Une demande ? N'h\u00e9sitez pas \u00e0 contacter le Comit\u00e9 R\u00e9gional de Pentathlon Moderne de Nouvelle-Aquitaine..","breadcrumb":{"@id":"https:\/\/www.crpmna.fr\/index.php\/nous-contacter\/#breadcrumb"},"inLanguage":"fr-FR","potentialAction":[{"@type":"ReadAction","target":["https:\/\/www.crpmna.fr\/index.php\/nous-contacter\/"]}]},{"@type":"ImageObject","inLanguage":"fr-FR","@id":"https:\/\/www.crpmna.fr\/index.php\/nous-contacter\/#primaryimage","url":"https:\/\/www.crpmna.fr\/wp-content\/uploads\/2022\/11\/Sans-titre-1.png","contentUrl":"https:\/\/www.crpmna.fr\/wp-content\/uploads\/2022\/11\/Sans-titre-1.png","width":9492,"height":1667},{"@type":"BreadcrumbList","@id":"https:\/\/www.crpmna.fr\/index.php\/nous-contacter\/#breadcrumb","itemListElement":[{"@type":"ListItem","position":1,"name":"Home","item":"https:\/\/www.crpmna.fr\/"},{"@type":"ListItem","position":2,"name":"Nous contacter"}]},{"@type":"WebSite","@id":"https:\/\/www.crpmna.fr\/#website","url":"https:\/\/www.crpmna.fr\/","name":"CRPMNA","description":"Organiser et d\u00e9velopper la pratique du pentathlon moderne en Nouvelle Aquitaine","publisher":{"@id":"https:\/\/www.crpmna.fr\/#organization"},"alternateName":"Comit\u00e9 R\u00e9gional de Pentathlon Moderne de Nouvelle-Aquitaine","potentialAction":[{"@type":"SearchAction","target":{"@type":"EntryPoint","urlTemplate":"https:\/\/www.crpmna.fr\/?s={search_term_string}"},"query-input":{"@type":"PropertyValueSpecification","valueRequired":true,"valueName":"search_term_string"}}],"inLanguage":"fr-FR"},{"@type":"Organization","@id":"https:\/\/www.crpmna.fr\/#organization","name":"CRPMNA","alternateName":"Comit\u00e9 R\u00e9gional de Pentathlon Moderne de Nouvelle-Aquitaine","url":"https:\/\/www.crpmna.fr\/","logo":{"@type":"ImageObject","inLanguage":"fr-FR","@id":"https:\/\/www.crpmna.fr\/#\/schema\/logo\/image\/","url":"https:\/\/www.crpmna.fr\/wp-content\/uploads\/2023\/10\/Logo-CRPMNA-noir-sans-fond.png","contentUrl":"https:\/\/www.crpmna.fr\/wp-content\/uploads\/2023\/10\/Logo-CRPMNA-noir-sans-fond.png","width":2364,"height":2363,"caption":"CRPMNA"},"image":{"@id":"https:\/\/www.crpmna.fr\/#\/schema\/logo\/image\/"},"sameAs":["https:\/\/www.facebook.com\/crpmna.fr","https:\/\/www.instagram.com\/crpmna\/","https:\/\/www.youtube.com\/channel\/UCsnwnBbuM8lu46ibC6H2jEA","https:\/\/www.linkedin.com\/company\/89200652\/admin\/"]}]}},"coauthors":[],"author_meta":{"author_link":"https:\/\/www.crpmna.fr\/index.php\/author\/admcomite\/","display_name":"Nans ALVES"},"relative_dates":{"created":"Publi\u00e9 4 ans il y a","modified":"Mis \u00e0 jour 3 mois il y a"},"absolute_dates":{"created":"Publi\u00e9 le 7 janvier 2022","modified":"Mise \u00e0 jour le 27 janvier 2026"},"absolute_dates_time":{"created":"Publi\u00e9 le 7 janvier 2022 18 h 26 min","modified":"Mise \u00e0 jour le 27 janvier 2026 11 h 01 min"},"featured_img_caption":"","featured_img":false,"series_order":"","_links":{"self":[{"href":"https:\/\/www.crpmna.fr\/index.php\/wp-json\/wp\/v2\/pages\/181","targetHints":{"allow":["GET"]}}],"collection":[{"href":"https:\/\/www.crpmna.fr\/index.php\/wp-json\/wp\/v2\/pages"}],"about":[{"href":"https:\/\/www.crpmna.fr\/index.php\/wp-json\/wp\/v2\/types\/page"}],"author":[{"embeddable":true,"href":"https:\/\/www.crpmna.fr\/index.php\/wp-json\/wp\/v2\/users\/1"}],"replies":[{"embeddable":true,"href":"https:\/\/www.crpmna.fr\/index.php\/wp-json\/wp\/v2\/comments?post=181"}],"version-history":[{"count":11,"href":"https:\/\/www.crpmna.fr\/index.php\/wp-json\/wp\/v2\/pages\/181\/revisions"}],"predecessor-version":[{"id":4821,"href":"https:\/\/www.crpmna.fr\/index.php\/wp-json\/wp\/v2\/pages\/181\/revisions\/4821"}],"wp:attachment":[{"href":"https:\/\/www.crpmna.fr\/index.php\/wp-json\/wp\/v2\/media?parent=181"}],"curies":[{"name":"wp","href":"https:\/\/api.w.org\/{rel}","templated":true}]}}