{"id":190,"date":"2019-11-17T16:01:00","date_gmt":"2019-11-17T15:01:00","guid":{"rendered":"http:\/\/www.crpmna.fr\/?page_id=190"},"modified":"2026-01-28T12:34:40","modified_gmt":"2026-01-28T11:34:40","slug":"partenaires","status":"publish","type":"page","link":"https:\/\/www.crpmna.fr\/index.php\/partenaires\/","title":{"rendered":"Partenaires"},"content":{"rendered":"\n<figure class=\"wp-block-image aligncenter size-large is-resized is-style-default\"><img decoding=\"async\" width=\"1024\" height=\"225\" src=\"https:\/\/www.crpmna.fr\/wp-content\/uploads\/2022\/11\/partenaire-1-1024x225.png\" alt=\"\" class=\"wp-image-1166\" style=\"width:1140px;height:250px\" srcset=\"https:\/\/www.crpmna.fr\/wp-content\/uploads\/2022\/11\/partenaire-1-1024x225.png 1024w, https:\/\/www.crpmna.fr\/wp-content\/uploads\/2022\/11\/partenaire-1-300x66.png 300w, https:\/\/www.crpmna.fr\/wp-content\/uploads\/2022\/11\/partenaire-1-768x168.png 768w, https:\/\/www.crpmna.fr\/wp-content\/uploads\/2022\/11\/partenaire-1-1536x337.png 1536w, https:\/\/www.crpmna.fr\/wp-content\/uploads\/2022\/11\/partenaire-1-2048x449.png 2048w\" sizes=\"(max-width: 1024px) 100vw, 1024px\" \/><\/figure>\n\n\n\n<p style=\"text-align: center;\">Vous souhaitez devenir notre partenaire que ce soit pour faire un don ou pour nous aider et \/ ou nous soutenir dans nos diff\u00e9rentes actions.<\/p>\n<p style=\"text-align: center;\">Contactez nous par notre formulaire de contact ou par courrier \u00e9lectronique \u00e0 l&rsquo;adresse suivante <strong><a href=\"mailto:comite@crpmna.fr\">comite@crpmna.fr<\/a><\/strong><\/p>\n<p>&nbsp;<\/p>\n\n\n\n<figure class=\"wp-block-gallery has-nested-images columns-5 is-cropped wp-block-gallery-1 is-layout-flex wp-block-gallery-is-layout-flex\">\n<figure class=\"wp-block-image size-large\"><a href=\"https:\/\/www.crpmna.fr\/wp-content\/uploads\/2023\/05\/1-3.png\"><img decoding=\"async\" width=\"1024\" height=\"1024\" data-id=\"1600\" src=\"https:\/\/www.crpmna.fr\/wp-content\/uploads\/2023\/05\/1-3-1024x1024.png\" alt=\"\" class=\"wp-image-1600\" srcset=\"https:\/\/www.crpmna.fr\/wp-content\/uploads\/2023\/05\/1-3-1024x1024.png 1024w, https:\/\/www.crpmna.fr\/wp-content\/uploads\/2023\/05\/1-3-300x300.png 300w, https:\/\/www.crpmna.fr\/wp-content\/uploads\/2023\/05\/1-3-150x150.png 150w, https:\/\/www.crpmna.fr\/wp-content\/uploads\/2023\/05\/1-3-768x768.png 768w, https:\/\/www.crpmna.fr\/wp-content\/uploads\/2023\/05\/1-3.png 1080w\" sizes=\"(max-width: 1024px) 100vw, 1024px\" \/><\/a><\/figure>\n\n\n\n<figure class=\"wp-block-image size-large\"><a href=\"https:\/\/www.crpmna.fr\/wp-content\/uploads\/2025\/09\/2.png\"><img decoding=\"async\" width=\"1024\" height=\"1024\" data-id=\"4490\" src=\"https:\/\/www.crpmna.fr\/wp-content\/uploads\/2025\/09\/2-1024x1024.png\" alt=\"\" class=\"wp-image-4490\" srcset=\"https:\/\/www.crpmna.fr\/wp-content\/uploads\/2025\/09\/2-1024x1024.png 1024w, https:\/\/www.crpmna.fr\/wp-content\/uploads\/2025\/09\/2-300x300.png 300w, https:\/\/www.crpmna.fr\/wp-content\/uploads\/2025\/09\/2-150x150.png 150w, https:\/\/www.crpmna.fr\/wp-content\/uploads\/2025\/09\/2-768x768.png 768w, https:\/\/www.crpmna.fr\/wp-content\/uploads\/2025\/09\/2.png 1080w\" sizes=\"(max-width: 1024px) 100vw, 1024px\" \/><\/a><\/figure>\n\n\n\n<figure class=\"wp-block-image size-large is-style-default\"><a href=\"https:\/\/www.crpmna.fr\/wp-content\/uploads\/2023\/05\/3-3.png\"><img decoding=\"async\" width=\"1024\" height=\"1024\" data-id=\"1602\" src=\"https:\/\/www.crpmna.fr\/wp-content\/uploads\/2023\/05\/3-3-1024x1024.png\" alt=\"\" class=\"wp-image-1602\" srcset=\"https:\/\/www.crpmna.fr\/wp-content\/uploads\/2023\/05\/3-3-1024x1024.png 1024w, https:\/\/www.crpmna.fr\/wp-content\/uploads\/2023\/05\/3-3-300x300.png 300w, https:\/\/www.crpmna.fr\/wp-content\/uploads\/2023\/05\/3-3-150x150.png 150w, https:\/\/www.crpmna.fr\/wp-content\/uploads\/2023\/05\/3-3-768x768.png 768w, https:\/\/www.crpmna.fr\/wp-content\/uploads\/2023\/05\/3-3.png 1080w\" sizes=\"(max-width: 1024px) 100vw, 1024px\" \/><\/a><\/figure>\n\n\n\n<figure class=\"wp-block-image size-large\"><a href=\"https:\/\/www.crpmna.fr\/wp-content\/uploads\/2023\/05\/4-3.png\"><img decoding=\"async\" width=\"1024\" height=\"1024\" data-id=\"1603\" src=\"https:\/\/www.crpmna.fr\/wp-content\/uploads\/2023\/05\/4-3-1024x1024.png\" alt=\"\" class=\"wp-image-1603\" srcset=\"https:\/\/www.crpmna.fr\/wp-content\/uploads\/2023\/05\/4-3-1024x1024.png 1024w, https:\/\/www.crpmna.fr\/wp-content\/uploads\/2023\/05\/4-3-300x300.png 300w, https:\/\/www.crpmna.fr\/wp-content\/uploads\/2023\/05\/4-3-150x150.png 150w, https:\/\/www.crpmna.fr\/wp-content\/uploads\/2023\/05\/4-3-768x768.png 768w, https:\/\/www.crpmna.fr\/wp-content\/uploads\/2023\/05\/4-3.png 1080w\" sizes=\"(max-width: 1024px) 100vw, 1024px\" \/><\/a><\/figure>\n\n\n\n<figure class=\"wp-block-image size-large\"><a href=\"https:\/\/www.crpmna.fr\/wp-content\/uploads\/2023\/05\/5-3.png\"><img decoding=\"async\" width=\"1024\" height=\"1024\" data-id=\"1604\" src=\"https:\/\/www.crpmna.fr\/wp-content\/uploads\/2023\/05\/5-3-1024x1024.png\" alt=\"\" class=\"wp-image-1604\" srcset=\"https:\/\/www.crpmna.fr\/wp-content\/uploads\/2023\/05\/5-3-1024x1024.png 1024w, https:\/\/www.crpmna.fr\/wp-content\/uploads\/2023\/05\/5-3-300x300.png 300w, https:\/\/www.crpmna.fr\/wp-content\/uploads\/2023\/05\/5-3-150x150.png 150w, https:\/\/www.crpmna.fr\/wp-content\/uploads\/2023\/05\/5-3-768x768.png 768w, https:\/\/www.crpmna.fr\/wp-content\/uploads\/2023\/05\/5-3.png 1080w\" sizes=\"(max-width: 1024px) 100vw, 1024px\" \/><\/a><\/figure>\n<\/figure>\n\n\n\n<div style=\"height:37px\" aria-hidden=\"true\" class=\"wp-block-spacer\"><\/div>\n\n\n\n<h3 class=\"wp-block-heading has-cm-color-2-color has-text-color has-link-color wp-elements-c3baf7253c6ef1fd62df98632a8079f4\"><strong>Nos partenaires<\/strong><\/h3>\n\n\n\n<p>Nous remercions nos partenaires pour leur soutien.<\/p>\n\n\n\n<div class=\"wp-block-columns is-layout-flex wp-container-core-columns-is-layout-28f84493 wp-block-columns-is-layout-flex\">\n<div class=\"wp-block-column is-vertically-aligned-center is-layout-flow wp-block-column-is-layout-flow\">\n<figure class=\"wp-block-image aligncenter size-full\"><img decoding=\"async\" width=\"298\" height=\"199\" src=\"https:\/\/www.crpmna.fr\/wp-content\/uploads\/2022\/10\/Plan-de-travail-1.png\" alt=\"\" class=\"wp-image-1074\"\/><\/figure>\n\n\n\n<p><\/p>\n<\/div>\n\n\n\n<div class=\"wp-block-column is-vertically-aligned-center is-layout-flow wp-block-column-is-layout-flow\">\n<figure class=\"wp-block-image aligncenter size-full is-resized\"><img decoding=\"async\" width=\"298\" height=\"199\" src=\"https:\/\/www.crpmna.fr\/wp-content\/uploads\/2022\/10\/Plan-de-travail-4.png\" alt=\"\" class=\"wp-image-1073\" style=\"width:361px;height:240px\"\/><\/figure>\n<\/div>\n\n\n\n<div class=\"wp-block-column is-vertically-aligned-center is-layout-flow wp-block-column-is-layout-flow\">\n<figure class=\"wp-block-image aligncenter size-full\"><img decoding=\"async\" width=\"298\" height=\"199\" src=\"https:\/\/www.crpmna.fr\/wp-content\/uploads\/2022\/10\/Plan-de-travail-5.png\" alt=\"\" class=\"wp-image-1072\"\/><\/figure>\n<\/div>\n<\/div>\n\n\n\n<div class=\"wp-block-columns is-layout-flex wp-container-core-columns-is-layout-28f84493 wp-block-columns-is-layout-flex\">\n<div class=\"wp-block-column is-vertically-aligned-center is-layout-flow wp-block-column-is-layout-flow\">\n<figure class=\"wp-block-image aligncenter size-full\"><img decoding=\"async\" width=\"298\" height=\"199\" src=\"https:\/\/www.crpmna.fr\/wp-content\/uploads\/2022\/10\/Plan-de-travail-2.png\" alt=\"\" class=\"wp-image-1075\"\/><\/figure>\n<\/div>\n\n\n\n<div class=\"wp-block-column is-vertically-aligned-center is-layout-flow wp-block-column-is-layout-flow\">\n<figure class=\"wp-block-image aligncenter size-full\"><img decoding=\"async\" width=\"298\" height=\"199\" src=\"https:\/\/www.crpmna.fr\/wp-content\/uploads\/2022\/10\/Plan-de-travail-3.png\" alt=\"\" class=\"wp-image-1076\"\/><\/figure>\n<\/div>\n\n\n\n<div class=\"wp-block-column is-vertically-aligned-center is-layout-flow wp-block-column-is-layout-flow\">\n<figure class=\"wp-block-image aligncenter size-full is-style-default\"><img decoding=\"async\" width=\"298\" height=\"199\" src=\"https:\/\/www.crpmna.fr\/wp-content\/uploads\/2022\/10\/Plan-de-travail-6.png\" alt=\"\" class=\"wp-image-1077\"\/><\/figure>\n<\/div>\n<\/div>\n\n\n\n<p><\/p>\n\n\n\n<figure class=\"wp-block-image alignright size-full is-resized\"><img decoding=\"async\" width=\"299\" height=\"200\" src=\"https:\/\/www.crpmna.fr\/wp-content\/uploads\/2022\/10\/Plan-de-travail-9.png\" alt=\"\" class=\"wp-image-1080\" style=\"width:257px;height:172px\"\/><\/figure>\n\n\n\n<figure class=\"wp-block-image alignleft size-full is-resized\"><img decoding=\"async\" width=\"299\" height=\"200\" src=\"https:\/\/www.crpmna.fr\/wp-content\/uploads\/2022\/10\/Plan-de-travail-7.png\" alt=\"\" class=\"wp-image-1078\" style=\"width:283px;height:189px\"\/><\/figure>\n\n\n\n<div class=\"wp-block-columns are-vertically-aligned-top is-layout-flex wp-container-core-columns-is-layout-28f84493 wp-block-columns-is-layout-flex\">\n<div class=\"wp-block-column is-vertically-aligned-top is-layout-flow wp-block-column-is-layout-flow\" style=\"flex-basis:100%\">\n<figure class=\"wp-block-image aligncenter size-full is-resized\"><img decoding=\"async\" width=\"299\" height=\"200\" src=\"https:\/\/www.crpmna.fr\/wp-content\/uploads\/2022\/10\/Plan-de-travail-8.png\" alt=\"\" class=\"wp-image-1079\" style=\"width:296px;height:198px\"\/><\/figure>\n<\/div>\n<\/div>\n","protected":false},"excerpt":{"rendered":"<p>Vous souhaitez devenir notre partenaire que ce soit pour faire un don ou pour nous aider et \/ ou nous<\/p>\n","protected":false},"author":1,"featured_media":0,"parent":0,"menu_order":0,"comment_status":"closed","ping_status":"closed","template":"","meta":{"colormag_page_container_layout":"default_layout","colormag_page_sidebar_layout":"default_layout","advgb_blocks_editor_width":"","advgb_blocks_columns_visual_guide":"","ngg_post_thumbnail":0,"_mc_calendar":[],"footnotes":""},"class_list":["post-190","page","type-page","status-publish","hentry"],"yoast_head":"<!-- This site is optimized with the Yoast SEO plugin v27.4 - https:\/\/yoast.com\/product\/yoast-seo-wordpress\/ -->\n<title>Partenaires - CRPMNA<\/title>\n<meta name=\"description\" content=\"Pour le CRPMNA les partenaires sont un bien pr\u00e9cieux.. N&#039;attendez plus! Contactez nous d\u00e8s maintenant et DEVENEZ NOTRE PARTENAIRE!\" \/>\n<meta name=\"robots\" content=\"index, follow, max-snippet:-1, max-image-preview:large, max-video-preview:-1\" \/>\n<link rel=\"canonical\" href=\"https:\/\/www.crpmna.fr\/index.php\/partenaires\/\" \/>\n<meta property=\"og:locale\" content=\"fr_FR\" \/>\n<meta property=\"og:type\" content=\"article\" \/>\n<meta property=\"og:title\" content=\"Partenaires - CRPMNA\" \/>\n<meta property=\"og:description\" content=\"Pour le CRPMNA les partenaires sont un bien pr\u00e9cieux.. N&#039;attendez plus! Contactez nous d\u00e8s maintenant et DEVENEZ NOTRE PARTENAIRE!\" \/>\n<meta property=\"og:url\" content=\"https:\/\/www.crpmna.fr\/index.php\/partenaires\/\" \/>\n<meta property=\"og:site_name\" content=\"CRPMNA\" \/>\n<meta property=\"article:publisher\" content=\"https:\/\/www.facebook.com\/crpmna.fr\" \/>\n<meta property=\"article:modified_time\" content=\"2026-01-28T11:34:40+00:00\" \/>\n<meta property=\"og:image\" content=\"https:\/\/www.crpmna.fr\/wp-content\/uploads\/2022\/11\/partenaire-1-1024x225.png\" \/>\n\t<meta property=\"og:image:width\" content=\"1024\" \/>\n\t<meta property=\"og:image:height\" content=\"225\" \/>\n\t<meta property=\"og:image:type\" content=\"image\/png\" \/>\n<meta name=\"twitter:card\" content=\"summary_large_image\" \/>\n<meta name=\"twitter:label1\" content=\"Dur\u00e9e de lecture estim\u00e9e\" \/>\n\t<meta name=\"twitter:data1\" content=\"4 minutes\" \/>\n<script type=\"application\/ld+json\" class=\"yoast-schema-graph\">{\"@context\":\"https:\\\/\\\/schema.org\",\"@graph\":[{\"@type\":\"WebPage\",\"@id\":\"https:\\\/\\\/www.crpmna.fr\\\/index.php\\\/partenaires\\\/\",\"url\":\"https:\\\/\\\/www.crpmna.fr\\\/index.php\\\/partenaires\\\/\",\"name\":\"Partenaires - CRPMNA\",\"isPartOf\":{\"@id\":\"https:\\\/\\\/www.crpmna.fr\\\/#website\"},\"primaryImageOfPage\":{\"@id\":\"https:\\\/\\\/www.crpmna.fr\\\/index.php\\\/partenaires\\\/#primaryimage\"},\"image\":{\"@id\":\"https:\\\/\\\/www.crpmna.fr\\\/index.php\\\/partenaires\\\/#primaryimage\"},\"thumbnailUrl\":\"https:\\\/\\\/www.crpmna.fr\\\/wp-content\\\/uploads\\\/2022\\\/11\\\/partenaire-1-1024x225.png\",\"datePublished\":\"2019-11-17T15:01:00+00:00\",\"dateModified\":\"2026-01-28T11:34:40+00:00\",\"description\":\"Pour le CRPMNA les partenaires sont un bien pr\u00e9cieux.. N'attendez plus! Contactez nous d\u00e8s maintenant et DEVENEZ NOTRE PARTENAIRE!\",\"breadcrumb\":{\"@id\":\"https:\\\/\\\/www.crpmna.fr\\\/index.php\\\/partenaires\\\/#breadcrumb\"},\"inLanguage\":\"fr-FR\",\"potentialAction\":[{\"@type\":\"ReadAction\",\"target\":[\"https:\\\/\\\/www.crpmna.fr\\\/index.php\\\/partenaires\\\/\"]}]},{\"@type\":\"ImageObject\",\"inLanguage\":\"fr-FR\",\"@id\":\"https:\\\/\\\/www.crpmna.fr\\\/index.php\\\/partenaires\\\/#primaryimage\",\"url\":\"https:\\\/\\\/www.crpmna.fr\\\/wp-content\\\/uploads\\\/2022\\\/11\\\/partenaire-1.png\",\"contentUrl\":\"https:\\\/\\\/www.crpmna.fr\\\/wp-content\\\/uploads\\\/2022\\\/11\\\/partenaire-1.png\",\"width\":7603,\"height\":1667},{\"@type\":\"BreadcrumbList\",\"@id\":\"https:\\\/\\\/www.crpmna.fr\\\/index.php\\\/partenaires\\\/#breadcrumb\",\"itemListElement\":[{\"@type\":\"ListItem\",\"position\":1,\"name\":\"Home\",\"item\":\"https:\\\/\\\/www.crpmna.fr\\\/\"},{\"@type\":\"ListItem\",\"position\":2,\"name\":\"Partenaires\"}]},{\"@type\":\"WebSite\",\"@id\":\"https:\\\/\\\/www.crpmna.fr\\\/#website\",\"url\":\"https:\\\/\\\/www.crpmna.fr\\\/\",\"name\":\"CRPMNA\",\"description\":\"Organiser et d\u00e9velopper la pratique du pentathlon moderne en Nouvelle Aquitaine\",\"publisher\":{\"@id\":\"https:\\\/\\\/www.crpmna.fr\\\/#organization\"},\"alternateName\":\"Comit\u00e9 R\u00e9gional de Pentathlon Moderne de Nouvelle-Aquitaine\",\"potentialAction\":[{\"@type\":\"SearchAction\",\"target\":{\"@type\":\"EntryPoint\",\"urlTemplate\":\"https:\\\/\\\/www.crpmna.fr\\\/?s={search_term_string}\"},\"query-input\":{\"@type\":\"PropertyValueSpecification\",\"valueRequired\":true,\"valueName\":\"search_term_string\"}}],\"inLanguage\":\"fr-FR\"},{\"@type\":\"Organization\",\"@id\":\"https:\\\/\\\/www.crpmna.fr\\\/#organization\",\"name\":\"CRPMNA\",\"alternateName\":\"Comit\u00e9 R\u00e9gional de Pentathlon Moderne de Nouvelle-Aquitaine\",\"url\":\"https:\\\/\\\/www.crpmna.fr\\\/\",\"logo\":{\"@type\":\"ImageObject\",\"inLanguage\":\"fr-FR\",\"@id\":\"https:\\\/\\\/www.crpmna.fr\\\/#\\\/schema\\\/logo\\\/image\\\/\",\"url\":\"https:\\\/\\\/www.crpmna.fr\\\/wp-content\\\/uploads\\\/2023\\\/10\\\/Logo-CRPMNA-noir-sans-fond.png\",\"contentUrl\":\"https:\\\/\\\/www.crpmna.fr\\\/wp-content\\\/uploads\\\/2023\\\/10\\\/Logo-CRPMNA-noir-sans-fond.png\",\"width\":2364,\"height\":2363,\"caption\":\"CRPMNA\"},\"image\":{\"@id\":\"https:\\\/\\\/www.crpmna.fr\\\/#\\\/schema\\\/logo\\\/image\\\/\"},\"sameAs\":[\"https:\\\/\\\/www.facebook.com\\\/crpmna.fr\",\"https:\\\/\\\/www.instagram.com\\\/crpmna\\\/\",\"https:\\\/\\\/www.youtube.com\\\/channel\\\/UCsnwnBbuM8lu46ibC6H2jEA\",\"https:\\\/\\\/www.linkedin.com\\\/company\\\/89200652\\\/admin\\\/\"]}]}<\/script>\n<!-- \/ Yoast SEO plugin. -->","yoast_head_json":{"title":"Partenaires - CRPMNA","description":"Pour le CRPMNA les partenaires sont un bien pr\u00e9cieux.. N'attendez plus! Contactez nous d\u00e8s maintenant et DEVENEZ NOTRE PARTENAIRE!","robots":{"index":"index","follow":"follow","max-snippet":"max-snippet:-1","max-image-preview":"max-image-preview:large","max-video-preview":"max-video-preview:-1"},"canonical":"https:\/\/www.crpmna.fr\/index.php\/partenaires\/","og_locale":"fr_FR","og_type":"article","og_title":"Partenaires - CRPMNA","og_description":"Pour le CRPMNA les partenaires sont un bien pr\u00e9cieux.. N'attendez plus! Contactez nous d\u00e8s maintenant et DEVENEZ NOTRE PARTENAIRE!","og_url":"https:\/\/www.crpmna.fr\/index.php\/partenaires\/","og_site_name":"CRPMNA","article_publisher":"https:\/\/www.facebook.com\/crpmna.fr","article_modified_time":"2026-01-28T11:34:40+00:00","og_image":[{"width":1024,"height":225,"url":"https:\/\/www.crpmna.fr\/wp-content\/uploads\/2022\/11\/partenaire-1-1024x225.png","type":"image\/png"}],"twitter_card":"summary_large_image","twitter_misc":{"Dur\u00e9e de lecture estim\u00e9e":"4 minutes"},"schema":{"@context":"https:\/\/schema.org","@graph":[{"@type":"WebPage","@id":"https:\/\/www.crpmna.fr\/index.php\/partenaires\/","url":"https:\/\/www.crpmna.fr\/index.php\/partenaires\/","name":"Partenaires - CRPMNA","isPartOf":{"@id":"https:\/\/www.crpmna.fr\/#website"},"primaryImageOfPage":{"@id":"https:\/\/www.crpmna.fr\/index.php\/partenaires\/#primaryimage"},"image":{"@id":"https:\/\/www.crpmna.fr\/index.php\/partenaires\/#primaryimage"},"thumbnailUrl":"https:\/\/www.crpmna.fr\/wp-content\/uploads\/2022\/11\/partenaire-1-1024x225.png","datePublished":"2019-11-17T15:01:00+00:00","dateModified":"2026-01-28T11:34:40+00:00","description":"Pour le CRPMNA les partenaires sont un bien pr\u00e9cieux.. N'attendez plus! Contactez nous d\u00e8s maintenant et DEVENEZ NOTRE PARTENAIRE!","breadcrumb":{"@id":"https:\/\/www.crpmna.fr\/index.php\/partenaires\/#breadcrumb"},"inLanguage":"fr-FR","potentialAction":[{"@type":"ReadAction","target":["https:\/\/www.crpmna.fr\/index.php\/partenaires\/"]}]},{"@type":"ImageObject","inLanguage":"fr-FR","@id":"https:\/\/www.crpmna.fr\/index.php\/partenaires\/#primaryimage","url":"https:\/\/www.crpmna.fr\/wp-content\/uploads\/2022\/11\/partenaire-1.png","contentUrl":"https:\/\/www.crpmna.fr\/wp-content\/uploads\/2022\/11\/partenaire-1.png","width":7603,"height":1667},{"@type":"BreadcrumbList","@id":"https:\/\/www.crpmna.fr\/index.php\/partenaires\/#breadcrumb","itemListElement":[{"@type":"ListItem","position":1,"name":"Home","item":"https:\/\/www.crpmna.fr\/"},{"@type":"ListItem","position":2,"name":"Partenaires"}]},{"@type":"WebSite","@id":"https:\/\/www.crpmna.fr\/#website","url":"https:\/\/www.crpmna.fr\/","name":"CRPMNA","description":"Organiser et d\u00e9velopper la pratique du pentathlon moderne en Nouvelle Aquitaine","publisher":{"@id":"https:\/\/www.crpmna.fr\/#organization"},"alternateName":"Comit\u00e9 R\u00e9gional de Pentathlon Moderne de Nouvelle-Aquitaine","potentialAction":[{"@type":"SearchAction","target":{"@type":"EntryPoint","urlTemplate":"https:\/\/www.crpmna.fr\/?s={search_term_string}"},"query-input":{"@type":"PropertyValueSpecification","valueRequired":true,"valueName":"search_term_string"}}],"inLanguage":"fr-FR"},{"@type":"Organization","@id":"https:\/\/www.crpmna.fr\/#organization","name":"CRPMNA","alternateName":"Comit\u00e9 R\u00e9gional de Pentathlon Moderne de Nouvelle-Aquitaine","url":"https:\/\/www.crpmna.fr\/","logo":{"@type":"ImageObject","inLanguage":"fr-FR","@id":"https:\/\/www.crpmna.fr\/#\/schema\/logo\/image\/","url":"https:\/\/www.crpmna.fr\/wp-content\/uploads\/2023\/10\/Logo-CRPMNA-noir-sans-fond.png","contentUrl":"https:\/\/www.crpmna.fr\/wp-content\/uploads\/2023\/10\/Logo-CRPMNA-noir-sans-fond.png","width":2364,"height":2363,"caption":"CRPMNA"},"image":{"@id":"https:\/\/www.crpmna.fr\/#\/schema\/logo\/image\/"},"sameAs":["https:\/\/www.facebook.com\/crpmna.fr","https:\/\/www.instagram.com\/crpmna\/","https:\/\/www.youtube.com\/channel\/UCsnwnBbuM8lu46ibC6H2jEA","https:\/\/www.linkedin.com\/company\/89200652\/admin\/"]}]}},"coauthors":[],"author_meta":{"author_link":"https:\/\/www.crpmna.fr\/index.php\/author\/admcomite\/","display_name":"Nans ALVES"},"relative_dates":{"created":"Publi\u00e9 6 ans il y a","modified":"Mis \u00e0 jour 3 mois il y a"},"absolute_dates":{"created":"Publi\u00e9 le 17 novembre 2019","modified":"Mise \u00e0 jour le 28 janvier 2026"},"absolute_dates_time":{"created":"Publi\u00e9 le 17 novembre 2019 16 h 01 min","modified":"Mise \u00e0 jour le 28 janvier 2026 12 h 34 min"},"featured_img_caption":"","featured_img":false,"series_order":"","_links":{"self":[{"href":"https:\/\/www.crpmna.fr\/index.php\/wp-json\/wp\/v2\/pages\/190","targetHints":{"allow":["GET"]}}],"collection":[{"href":"https:\/\/www.crpmna.fr\/index.php\/wp-json\/wp\/v2\/pages"}],"about":[{"href":"https:\/\/www.crpmna.fr\/index.php\/wp-json\/wp\/v2\/types\/page"}],"author":[{"embeddable":true,"href":"https:\/\/www.crpmna.fr\/index.php\/wp-json\/wp\/v2\/users\/1"}],"replies":[{"embeddable":true,"href":"https:\/\/www.crpmna.fr\/index.php\/wp-json\/wp\/v2\/comments?post=190"}],"version-history":[{"count":27,"href":"https:\/\/www.crpmna.fr\/index.php\/wp-json\/wp\/v2\/pages\/190\/revisions"}],"predecessor-version":[{"id":4899,"href":"https:\/\/www.crpmna.fr\/index.php\/wp-json\/wp\/v2\/pages\/190\/revisions\/4899"}],"wp:attachment":[{"href":"https:\/\/www.crpmna.fr\/index.php\/wp-json\/wp\/v2\/media?parent=190"}],"curies":[{"name":"wp","href":"https:\/\/api.w.org\/{rel}","templated":true}]}}