{"id":2,"date":"2019-09-18T15:55:48","date_gmt":"2019-09-18T13:55:48","guid":{"rendered":"http:\/\/www.crpmna.fr\/?page_id=2"},"modified":"2026-01-30T12:14:53","modified_gmt":"2026-01-30T11:14:53","slug":"le-pentathlon-moderne","status":"publish","type":"page","link":"https:\/\/www.crpmna.fr\/index.php\/le-pentathlon-moderne\/","title":{"rendered":"Le pentathlon moderne"},"content":{"rendered":"\n<p class=\"advgb-dyn-d1aa051a\">Le <strong>pentathlon moderne<\/strong>, par la compl\u00e9mentarit\u00e9 de ses <strong>5 discipline<\/strong>, favorise la construction d\u2019un <strong>athl\u00e8te complet et \u00e9quilibr\u00e9<\/strong> :<br><a href=\"https:\/\/www.crpmna.fr\/index.php\/natation-2\/\"><strong>la natation <\/strong><\/a>et la <strong>course \u00e0 pied<\/strong> concernent <strong>l\u2019aspect foncier et le d\u00e9veloppement des qualit\u00e9s physiques fondamentales<\/strong>, le <strong>tir<\/strong> privil\u00e9gie la <strong>concentration et le rel\u00e2chement<\/strong>, <strong><a href=\"https:\/\/www.crpmna.fr\/index.php\/lescrime\/\">l\u2019escrime<\/a> l\u2019adaptation et la vitesse de r\u00e9action<\/strong>, et enfin <a href=\"https:\/\/www.crpmna.fr\/index.php\/lequitation\/\">l<\/a><strong><a href=\"https:\/\/www.crpmna.fr\/index.php\/lequitation\/\">\u2019\u00e9quitation<\/a> la relation, le respect et la maitrise du cheval.<\/strong><br><\/p>\n\n\n\n<p><strong>Accessible en toute s\u00e9curit\u00e9 d\u00e8s l\u2019\u00e2ge de 7 ans<\/strong>, le pentathlon moderne constitue \u00e9galement un&nbsp;<strong>excellent moyen d\u2019entretenir sa condition physique<\/strong>&nbsp;\u00e0 l\u2019<strong>\u00e2ge adulte<\/strong>&nbsp;et jusqu\u2019au&nbsp;<strong>troisi\u00e8me \u00e2ge<\/strong>.<\/p>\n\n\n\n<p>Des&nbsp;<strong>circuits adapt\u00e9s \u00e0 tous les \u00e2ges<\/strong>&nbsp;sont propos\u00e9s, r\u00e9partis en&nbsp;<strong>trois cat\u00e9gories<\/strong>&nbsp;: <a href=\"https:\/\/www.crpmna.fr\/index.php\/le-laser-run\/\"><strong>le Laser-Run<\/strong><\/a> (tir &#8211; course), <strong>le triathle moderne<\/strong> (natation &#8211; tir &#8211; course), et<strong> le pentathlon moderne<\/strong>. <\/p>\n\n\n\n<p>Si&nbsp;<strong>l\u2019ensemble des disciplines est pratiqu\u00e9 \u00e0 l\u2019entra\u00eenement<\/strong>, les&nbsp;<strong>comp\u00e9titions sont am\u00e9nag\u00e9es selon l\u2019\u00e2ge et le niveau<\/strong> des participants.<\/p>\n\n\n\n<p>L\u2019<strong>organisation hebdomadaire des activit\u00e9s<\/strong>&nbsp;prend en compte la&nbsp;<strong>scolarit\u00e9 des plus jeunes<\/strong>. Cette pratique favorise leur <strong>\u00e9panouissement personnel<\/strong>&nbsp;et leur transmet les&nbsp;<strong>valeurs fondamentales d\u2019une \u00e9thique sportive<\/strong>, profond\u00e9ment ancr\u00e9e dans&nbsp;<strong>l\u2019esprit de l\u2019olympisme<\/strong>.<\/p>\n\n\n\n<div style=\"height:15px\" aria-hidden=\"true\" class=\"wp-block-spacer\"><\/div>\n\n\n\n<div class=\"wp-block-group alignwide is-content-justification-center is-nowrap is-layout-flex wp-container-core-group-is-layout-23441af8 wp-block-group-is-layout-flex\">\n<iframe width=\"560\" height=\"315\" src=\"https:\/\/www.youtube.com\/embed\/S0a9os4jXrg?si=SFxDuV_p_qsSIS7V\" title=\"YouTube video player\" frameborder=\"0\" allow=\"accelerometer; autoplay; clipboard-write; encrypted-media; gyroscope; picture-in-picture; web-share\" referrerpolicy=\"strict-origin-when-cross-origin\" allowfullscreen><\/iframe>\n<\/div>\n\n\n\n<div style=\"height:15px\" aria-hidden=\"true\" class=\"wp-block-spacer\"><\/div>\n\n\n\n<h2 class=\"wp-block-heading\"><strong>Pourquoi \u00abmoderne\u00bb ?<\/strong><\/h2>\n\n\n\n<div class=\"wp-block-media-text is-stacked-on-mobile is-vertically-aligned-center\" style=\"grid-template-columns:15% auto\"><figure class=\"wp-block-media-text__media\"><img decoding=\"async\" width=\"200\" height=\"300\" src=\"https:\/\/www.crpmna.fr\/wp-content\/uploads\/2019\/09\/coubertin.jpg\" alt=\"\" class=\"wp-image-27 size-full\"\/><\/figure><div class=\"wp-block-media-text__content\">\n<blockquote class=\"wp-block-quote alignwide is-layout-flow wp-block-quote-is-layout-flow\">\n<p><strong><em>5 disciplines, 1 sport, l\u2019homme capable<br>de s\u2019y pr\u00e9senter est un athl\u00e8te v\u00e9ritable<\/em><\/strong><\/p>\n<cite>Pierre de Coubertin<\/cite><\/blockquote>\n<\/div><\/div>\n\n\n\n<div style=\"height:27px\" aria-hidden=\"true\" class=\"wp-block-spacer\"><\/div>\n\n\n\n<p>Lors des jeux de l\u2019antiquit\u00e9, <strong>le pentathlon<\/strong> (disque, javelot, course, saut en longueur et pancrace) constituait l\u2019une des <strong>\u00e9preuves olympiques<\/strong> les plus r\u00e9put\u00e9es.<br>Comme les ma\u00eetres de l\u2019antiquit\u00e9 grecque, le baron <strong>Pierre de Coubertin, r\u00e9novateur des jeux olympiques, pr\u00e9conisait un syst\u00e8me d\u2019\u00e9ducation physique g\u00e9n\u00e9ral <\/strong>oppos\u00e9 \u00e0 toute sp\u00e9cialisation.<br><strong>D\u00e8s 1894<\/strong>,<strong> il s\u2019efforce d\u2019introduire<\/strong> dans le programme des jeux modernes <strong>un nouveau pentathlon<\/strong> adapt\u00e9 \u00e9videmment \u00e0 sa conception du sport.<br><strong>Pour faire comprendre la logique du choix des cinq activit\u00e9s propos\u00e9es<\/strong>, Coubertin se plaisait \u00e0 citer <strong>l\u2019aventure d\u2019un agent de liaison dont le cheval fut abattu en territoire ennemi, et de ce fait dut se d\u00e9fendre avec son \u00e9p\u00e9e, se prot\u00e9ger avec son pistolet, traverser un fleuve \u00e0 la nage, avant d\u2019effectuer la derni\u00e8re partie de son chemin en courant.<\/strong><\/p>\n","protected":false},"excerpt":{"rendered":"<p>Le pentathlon moderne, par la compl\u00e9mentarit\u00e9 de ses 5 discipline, favorise la construction d\u2019un athl\u00e8te complet et \u00e9quilibr\u00e9 :la natation<\/p>\n","protected":false},"author":1,"featured_media":0,"parent":0,"menu_order":0,"comment_status":"closed","ping_status":"open","template":"","meta":{"colormag_page_container_layout":"no_sidebar_full_width","colormag_page_sidebar_layout":"no_sidebar","advgb_blocks_editor_width":"large","advgb_blocks_columns_visual_guide":"disable","ngg_post_thumbnail":0,"_mc_calendar":[],"footnotes":""},"class_list":["post-2","page","type-page","status-publish","hentry"],"yoast_head":"<!-- This site is optimized with the Yoast SEO plugin v27.4 - https:\/\/yoast.com\/product\/yoast-seo-wordpress\/ -->\n<title>Le pentathlon moderne - CRPMNA<\/title>\n<meta name=\"description\" content=\"Le pentathlon moderne est un sport complet alliant laser-run, natation, escrime et \u00e9quitation. Elles favorisent la construction d\u2019un athl\u00e8te.\" \/>\n<meta name=\"robots\" content=\"index, follow, max-snippet:-1, max-image-preview:large, max-video-preview:-1\" \/>\n<link rel=\"canonical\" href=\"https:\/\/www.crpmna.fr\/index.php\/le-pentathlon-moderne\/\" \/>\n<meta property=\"og:locale\" content=\"fr_FR\" \/>\n<meta property=\"og:type\" content=\"article\" \/>\n<meta property=\"og:title\" content=\"Le pentathlon moderne - CRPMNA\" \/>\n<meta property=\"og:description\" content=\"Le pentathlon moderne est un sport complet alliant laser-run, natation, escrime et \u00e9quitation. Elles favorisent la construction d\u2019un athl\u00e8te.\" \/>\n<meta property=\"og:url\" content=\"https:\/\/www.crpmna.fr\/index.php\/le-pentathlon-moderne\/\" \/>\n<meta property=\"og:site_name\" content=\"CRPMNA\" \/>\n<meta property=\"article:publisher\" content=\"https:\/\/www.facebook.com\/crpmna.fr\" \/>\n<meta property=\"article:modified_time\" content=\"2026-01-30T11:14:53+00:00\" \/>\n<meta property=\"og:image\" content=\"https:\/\/www.crpmna.fr\/wp-content\/uploads\/2019\/09\/coubertin.jpg\" \/>\n\t<meta property=\"og:image:width\" content=\"200\" \/>\n\t<meta property=\"og:image:height\" content=\"300\" \/>\n\t<meta property=\"og:image:type\" content=\"image\/jpeg\" \/>\n<meta name=\"twitter:card\" content=\"summary_large_image\" \/>\n<meta name=\"twitter:label1\" content=\"Dur\u00e9e de lecture estim\u00e9e\" \/>\n\t<meta name=\"twitter:data1\" content=\"2 minutes\" \/>\n<script type=\"application\/ld+json\" class=\"yoast-schema-graph\">{\"@context\":\"https:\\\/\\\/schema.org\",\"@graph\":[{\"@type\":\"WebPage\",\"@id\":\"https:\\\/\\\/www.crpmna.fr\\\/index.php\\\/le-pentathlon-moderne\\\/\",\"url\":\"https:\\\/\\\/www.crpmna.fr\\\/index.php\\\/le-pentathlon-moderne\\\/\",\"name\":\"Le pentathlon moderne - CRPMNA\",\"isPartOf\":{\"@id\":\"https:\\\/\\\/www.crpmna.fr\\\/#website\"},\"primaryImageOfPage\":{\"@id\":\"https:\\\/\\\/www.crpmna.fr\\\/index.php\\\/le-pentathlon-moderne\\\/#primaryimage\"},\"image\":{\"@id\":\"https:\\\/\\\/www.crpmna.fr\\\/index.php\\\/le-pentathlon-moderne\\\/#primaryimage\"},\"thumbnailUrl\":\"https:\\\/\\\/www.crpmna.fr\\\/wp-content\\\/uploads\\\/2019\\\/09\\\/coubertin.jpg\",\"datePublished\":\"2019-09-18T13:55:48+00:00\",\"dateModified\":\"2026-01-30T11:14:53+00:00\",\"description\":\"Le pentathlon moderne est un sport complet alliant laser-run, natation, escrime et \u00e9quitation. Elles favorisent la construction d\u2019un athl\u00e8te.\",\"breadcrumb\":{\"@id\":\"https:\\\/\\\/www.crpmna.fr\\\/index.php\\\/le-pentathlon-moderne\\\/#breadcrumb\"},\"inLanguage\":\"fr-FR\",\"potentialAction\":[{\"@type\":\"ReadAction\",\"target\":[\"https:\\\/\\\/www.crpmna.fr\\\/index.php\\\/le-pentathlon-moderne\\\/\"]}]},{\"@type\":\"ImageObject\",\"inLanguage\":\"fr-FR\",\"@id\":\"https:\\\/\\\/www.crpmna.fr\\\/index.php\\\/le-pentathlon-moderne\\\/#primaryimage\",\"url\":\"https:\\\/\\\/www.crpmna.fr\\\/wp-content\\\/uploads\\\/2019\\\/09\\\/coubertin.jpg\",\"contentUrl\":\"https:\\\/\\\/www.crpmna.fr\\\/wp-content\\\/uploads\\\/2019\\\/09\\\/coubertin.jpg\",\"width\":200,\"height\":300,\"caption\":\"Pierre de Coubertin 1863-1937\"},{\"@type\":\"BreadcrumbList\",\"@id\":\"https:\\\/\\\/www.crpmna.fr\\\/index.php\\\/le-pentathlon-moderne\\\/#breadcrumb\",\"itemListElement\":[{\"@type\":\"ListItem\",\"position\":1,\"name\":\"Home\",\"item\":\"https:\\\/\\\/www.crpmna.fr\\\/\"},{\"@type\":\"ListItem\",\"position\":2,\"name\":\"Le pentathlon moderne\"}]},{\"@type\":\"WebSite\",\"@id\":\"https:\\\/\\\/www.crpmna.fr\\\/#website\",\"url\":\"https:\\\/\\\/www.crpmna.fr\\\/\",\"name\":\"CRPMNA\",\"description\":\"Organiser et d\u00e9velopper la pratique du pentathlon moderne en Nouvelle Aquitaine\",\"publisher\":{\"@id\":\"https:\\\/\\\/www.crpmna.fr\\\/#organization\"},\"alternateName\":\"Comit\u00e9 R\u00e9gional de Pentathlon Moderne de Nouvelle-Aquitaine\",\"potentialAction\":[{\"@type\":\"SearchAction\",\"target\":{\"@type\":\"EntryPoint\",\"urlTemplate\":\"https:\\\/\\\/www.crpmna.fr\\\/?s={search_term_string}\"},\"query-input\":{\"@type\":\"PropertyValueSpecification\",\"valueRequired\":true,\"valueName\":\"search_term_string\"}}],\"inLanguage\":\"fr-FR\"},{\"@type\":\"Organization\",\"@id\":\"https:\\\/\\\/www.crpmna.fr\\\/#organization\",\"name\":\"CRPMNA\",\"alternateName\":\"Comit\u00e9 R\u00e9gional de Pentathlon Moderne de Nouvelle-Aquitaine\",\"url\":\"https:\\\/\\\/www.crpmna.fr\\\/\",\"logo\":{\"@type\":\"ImageObject\",\"inLanguage\":\"fr-FR\",\"@id\":\"https:\\\/\\\/www.crpmna.fr\\\/#\\\/schema\\\/logo\\\/image\\\/\",\"url\":\"https:\\\/\\\/www.crpmna.fr\\\/wp-content\\\/uploads\\\/2023\\\/10\\\/Logo-CRPMNA-noir-sans-fond.png\",\"contentUrl\":\"https:\\\/\\\/www.crpmna.fr\\\/wp-content\\\/uploads\\\/2023\\\/10\\\/Logo-CRPMNA-noir-sans-fond.png\",\"width\":2364,\"height\":2363,\"caption\":\"CRPMNA\"},\"image\":{\"@id\":\"https:\\\/\\\/www.crpmna.fr\\\/#\\\/schema\\\/logo\\\/image\\\/\"},\"sameAs\":[\"https:\\\/\\\/www.facebook.com\\\/crpmna.fr\",\"https:\\\/\\\/www.instagram.com\\\/crpmna\\\/\",\"https:\\\/\\\/www.youtube.com\\\/channel\\\/UCsnwnBbuM8lu46ibC6H2jEA\",\"https:\\\/\\\/www.linkedin.com\\\/company\\\/89200652\\\/admin\\\/\"]}]}<\/script>\n<!-- \/ Yoast SEO plugin. -->","yoast_head_json":{"title":"Le pentathlon moderne - CRPMNA","description":"Le pentathlon moderne est un sport complet alliant laser-run, natation, escrime et \u00e9quitation. Elles favorisent la construction d\u2019un athl\u00e8te.","robots":{"index":"index","follow":"follow","max-snippet":"max-snippet:-1","max-image-preview":"max-image-preview:large","max-video-preview":"max-video-preview:-1"},"canonical":"https:\/\/www.crpmna.fr\/index.php\/le-pentathlon-moderne\/","og_locale":"fr_FR","og_type":"article","og_title":"Le pentathlon moderne - CRPMNA","og_description":"Le pentathlon moderne est un sport complet alliant laser-run, natation, escrime et \u00e9quitation. Elles favorisent la construction d\u2019un athl\u00e8te.","og_url":"https:\/\/www.crpmna.fr\/index.php\/le-pentathlon-moderne\/","og_site_name":"CRPMNA","article_publisher":"https:\/\/www.facebook.com\/crpmna.fr","article_modified_time":"2026-01-30T11:14:53+00:00","og_image":[{"width":200,"height":300,"url":"https:\/\/www.crpmna.fr\/wp-content\/uploads\/2019\/09\/coubertin.jpg","type":"image\/jpeg"}],"twitter_card":"summary_large_image","twitter_misc":{"Dur\u00e9e de lecture estim\u00e9e":"2 minutes"},"schema":{"@context":"https:\/\/schema.org","@graph":[{"@type":"WebPage","@id":"https:\/\/www.crpmna.fr\/index.php\/le-pentathlon-moderne\/","url":"https:\/\/www.crpmna.fr\/index.php\/le-pentathlon-moderne\/","name":"Le pentathlon moderne - CRPMNA","isPartOf":{"@id":"https:\/\/www.crpmna.fr\/#website"},"primaryImageOfPage":{"@id":"https:\/\/www.crpmna.fr\/index.php\/le-pentathlon-moderne\/#primaryimage"},"image":{"@id":"https:\/\/www.crpmna.fr\/index.php\/le-pentathlon-moderne\/#primaryimage"},"thumbnailUrl":"https:\/\/www.crpmna.fr\/wp-content\/uploads\/2019\/09\/coubertin.jpg","datePublished":"2019-09-18T13:55:48+00:00","dateModified":"2026-01-30T11:14:53+00:00","description":"Le pentathlon moderne est un sport complet alliant laser-run, natation, escrime et \u00e9quitation. Elles favorisent la construction d\u2019un athl\u00e8te.","breadcrumb":{"@id":"https:\/\/www.crpmna.fr\/index.php\/le-pentathlon-moderne\/#breadcrumb"},"inLanguage":"fr-FR","potentialAction":[{"@type":"ReadAction","target":["https:\/\/www.crpmna.fr\/index.php\/le-pentathlon-moderne\/"]}]},{"@type":"ImageObject","inLanguage":"fr-FR","@id":"https:\/\/www.crpmna.fr\/index.php\/le-pentathlon-moderne\/#primaryimage","url":"https:\/\/www.crpmna.fr\/wp-content\/uploads\/2019\/09\/coubertin.jpg","contentUrl":"https:\/\/www.crpmna.fr\/wp-content\/uploads\/2019\/09\/coubertin.jpg","width":200,"height":300,"caption":"Pierre de Coubertin 1863-1937"},{"@type":"BreadcrumbList","@id":"https:\/\/www.crpmna.fr\/index.php\/le-pentathlon-moderne\/#breadcrumb","itemListElement":[{"@type":"ListItem","position":1,"name":"Home","item":"https:\/\/www.crpmna.fr\/"},{"@type":"ListItem","position":2,"name":"Le pentathlon moderne"}]},{"@type":"WebSite","@id":"https:\/\/www.crpmna.fr\/#website","url":"https:\/\/www.crpmna.fr\/","name":"CRPMNA","description":"Organiser et d\u00e9velopper la pratique du pentathlon moderne en Nouvelle Aquitaine","publisher":{"@id":"https:\/\/www.crpmna.fr\/#organization"},"alternateName":"Comit\u00e9 R\u00e9gional de Pentathlon Moderne de Nouvelle-Aquitaine","potentialAction":[{"@type":"SearchAction","target":{"@type":"EntryPoint","urlTemplate":"https:\/\/www.crpmna.fr\/?s={search_term_string}"},"query-input":{"@type":"PropertyValueSpecification","valueRequired":true,"valueName":"search_term_string"}}],"inLanguage":"fr-FR"},{"@type":"Organization","@id":"https:\/\/www.crpmna.fr\/#organization","name":"CRPMNA","alternateName":"Comit\u00e9 R\u00e9gional de Pentathlon Moderne de Nouvelle-Aquitaine","url":"https:\/\/www.crpmna.fr\/","logo":{"@type":"ImageObject","inLanguage":"fr-FR","@id":"https:\/\/www.crpmna.fr\/#\/schema\/logo\/image\/","url":"https:\/\/www.crpmna.fr\/wp-content\/uploads\/2023\/10\/Logo-CRPMNA-noir-sans-fond.png","contentUrl":"https:\/\/www.crpmna.fr\/wp-content\/uploads\/2023\/10\/Logo-CRPMNA-noir-sans-fond.png","width":2364,"height":2363,"caption":"CRPMNA"},"image":{"@id":"https:\/\/www.crpmna.fr\/#\/schema\/logo\/image\/"},"sameAs":["https:\/\/www.facebook.com\/crpmna.fr","https:\/\/www.instagram.com\/crpmna\/","https:\/\/www.youtube.com\/channel\/UCsnwnBbuM8lu46ibC6H2jEA","https:\/\/www.linkedin.com\/company\/89200652\/admin\/"]}]}},"coauthors":[],"author_meta":{"author_link":"https:\/\/www.crpmna.fr\/index.php\/author\/admcomite\/","display_name":"Nans ALVES"},"relative_dates":{"created":"Publi\u00e9 7 ans il y a","modified":"Mis \u00e0 jour 3 mois il y a"},"absolute_dates":{"created":"Publi\u00e9 le 18 septembre 2019","modified":"Mise \u00e0 jour le 30 janvier 2026"},"absolute_dates_time":{"created":"Publi\u00e9 le 18 septembre 2019 15 h 55 min","modified":"Mise \u00e0 jour le 30 janvier 2026 12 h 14 min"},"featured_img_caption":"","featured_img":false,"series_order":"","_links":{"self":[{"href":"https:\/\/www.crpmna.fr\/index.php\/wp-json\/wp\/v2\/pages\/2","targetHints":{"allow":["GET"]}}],"collection":[{"href":"https:\/\/www.crpmna.fr\/index.php\/wp-json\/wp\/v2\/pages"}],"about":[{"href":"https:\/\/www.crpmna.fr\/index.php\/wp-json\/wp\/v2\/types\/page"}],"author":[{"embeddable":true,"href":"https:\/\/www.crpmna.fr\/index.php\/wp-json\/wp\/v2\/users\/1"}],"replies":[{"embeddable":true,"href":"https:\/\/www.crpmna.fr\/index.php\/wp-json\/wp\/v2\/comments?post=2"}],"version-history":[{"count":50,"href":"https:\/\/www.crpmna.fr\/index.php\/wp-json\/wp\/v2\/pages\/2\/revisions"}],"predecessor-version":[{"id":4927,"href":"https:\/\/www.crpmna.fr\/index.php\/wp-json\/wp\/v2\/pages\/2\/revisions\/4927"}],"wp:attachment":[{"href":"https:\/\/www.crpmna.fr\/index.php\/wp-json\/wp\/v2\/media?parent=2"}],"curies":[{"name":"wp","href":"https:\/\/api.w.org\/{rel}","templated":true}]}}