{"id":22,"date":"2019-09-18T17:31:28","date_gmt":"2019-09-18T15:31:28","guid":{"rendered":"http:\/\/www.crpmna.fr\/?page_id=22"},"modified":"2026-01-28T16:31:10","modified_gmt":"2026-01-28T15:31:10","slug":"documents","status":"publish","type":"page","link":"https:\/\/www.crpmna.fr\/index.php\/documents\/","title":{"rendered":"Documents"},"content":{"rendered":"\n<figure class=\"wp-block-image aligncenter size-large is-resized\"><img decoding=\"async\" width=\"1024\" height=\"225\" src=\"https:\/\/www.crpmna.fr\/wp-content\/uploads\/2022\/11\/documents-1024x225.png\" alt=\"\" class=\"wp-image-1174\" style=\"width:1140px;height:250px\" srcset=\"https:\/\/www.crpmna.fr\/wp-content\/uploads\/2022\/11\/documents-1024x225.png 1024w, https:\/\/www.crpmna.fr\/wp-content\/uploads\/2022\/11\/documents-300x66.png 300w, https:\/\/www.crpmna.fr\/wp-content\/uploads\/2022\/11\/documents-768x168.png 768w, https:\/\/www.crpmna.fr\/wp-content\/uploads\/2022\/11\/documents-1536x337.png 1536w, https:\/\/www.crpmna.fr\/wp-content\/uploads\/2022\/11\/documents-2048x449.png 2048w\" sizes=\"(max-width: 1024px) 100vw, 1024px\" \/><\/figure>\n\n\n\n<p><\/p>\n\n\n\n<h4 class=\"wp-block-heading has-cm-color-2-color has-text-color has-link-color wp-elements-399cc3166d920cb7762c825f6bc3d227\"><strong>Documents relatif au clubs<\/strong><\/h4>\n\n\n\n<ul class=\"wp-block-list\">\n<li><a href=\"https:\/\/www.crpmna.fr\/wp-content\/uploads\/2019\/09\/formulaire-declaration-dirigeants-association.pdf\">Formulaire de d\u00e9claration des dirigeants d&rsquo;un club<\/a><\/li>\n\n\n\n<li><a href=\"https:\/\/www.crpmna.fr\/wp-content\/uploads\/2019\/09\/formulaire-creation-association.pdf\">Formulaire de cr\u00e9ation d&rsquo;association<\/a><\/li>\n\n\n\n<li><a href=\"https:\/\/ffpentathlon.fr\/wp-content\/uploads\/2025\/08\/Affiliation-club-2025-2026.pdf\" type=\"link\" id=\"https:\/\/ffpentathlon.fr\/wp-content\/uploads\/2025\/08\/Affiliation-club-2025-2026.pdf\">Formulaire d&rsquo;affiliation \u00e0 la F\u00e9d\u00e9ration Fran\u00e7aise de Pentathlon Moderne<\/a><\/li>\n\n\n\n<li><a href=\"https:\/\/ffpentathlon.fr\/wp-content\/uploads\/2025\/09\/Formulaire-de-demande-de-licence-MAJEUR-2025-2026.pdf\">Formulaire de demande de licence Majeur<\/a><\/li>\n\n\n\n<li><a href=\"https:\/\/ffpentathlon.fr\/wp-content\/uploads\/2023\/08\/Formulaiire-de-demande-de-licence-2023-2024.pdf\"><\/a><a href=\"https:\/\/ffpentathlon.fr\/wp-content\/uploads\/2025\/09\/Formulaire-de-demande-de-licence-Mineur-2025-2026.pdf\">Formulaire de demande de licence Mineur<\/a><\/li>\n\n\n\n<li><a href=\"https:\/\/ffpentathlon.fr\/wp-content\/uploads\/2023\/09\/Cotisations-2023-2024.pdf\"><\/a><a href=\"https:\/\/ffpentathlon.fr\/wp-content\/uploads\/2025\/08\/Tarifs-Licences-25-26.pdf\">Cotisation<\/a><\/li>\n\n\n\n<li><a href=\"https:\/\/acrobat.adobe.com\/link\/review?uri=urn:aaid:scds:US:75840831-9a7c-3319-abf4-9821709c5668\">Statut d&rsquo;un club<\/a><\/li>\n\n\n\n<li><a href=\"https:\/\/ffpentathlon.fr\/wp-content\/uploads\/2025\/08\/Honorabilite-FFPM.pdf\" type=\"link\" id=\"https:\/\/ffpentathlon.fr\/wp-content\/uploads\/2025\/08\/Honorabilite-FFPM.pdf\">Formulaire sp\u00e9cifique de contr\u00f4le \u00abd&rsquo;honorabilit\u00e9\u00bb<\/a><\/li>\n\n\n\n<li><a href=\"https:\/\/ffpentathlon.fr\/wp-content\/uploads\/2025\/08\/fiche_pratique_rgpd.pdf\">Fiche pratique RGPD<\/a><\/li>\n<\/ul>\n\n\n\n<p><\/p>\n\n\n\n<h5 class=\"wp-block-heading has-cm-color-6-color has-text-color has-link-color wp-elements-c6b8c9db1f518d6422ea1f9cbe491ede\"><strong>Divers<\/strong><\/h5>\n\n\n\n<ul class=\"wp-block-list\">\n<li><a href=\"https:\/\/www.crpmna.fr\/wp-content\/uploads\/2025\/02\/dde-prestation-crpmna-v3.pdf\" target=\"_blank\" rel=\"noreferrer noopener\">Demande de prestation aupr\u00e8s du CRPMNA<\/a><\/li>\n\n\n\n<li><a href=\"https:\/\/www.crpmna.fr\/wp-content\/uploads\/2019\/09\/Pi\u00e8ce-jointe-sans-titre-00015.pdf\">Fournisseurs de mat\u00e9riel Laser-Run en France <\/a><\/li>\n<\/ul>\n\n\n\n<div style=\"height:30px\" aria-hidden=\"true\" class=\"wp-block-spacer\"><\/div>\n\n\n\n<h4 class=\"wp-block-heading has-cm-color-2-color has-text-color has-link-color wp-elements-c82080c512d3c0bae0c99ab6fd33051e\"><strong>Documents relatifs aux Brevets F\u00e9d\u00e9raux<\/strong><\/h4>\n\n\n\n<p class=\"has-cm-color-6-color has-text-color has-link-color wp-elements-0958bf6ae8a78374aa0fdb17a8d9d6aa\"><strong>Brevet F\u00e9d\u00e9ral 1<\/strong><\/p>\n\n\n\n<ul class=\"wp-block-list\">\n<li><a href=\"https:\/\/www.crpmna.fr\/wp-content\/uploads\/2021\/02\/BREVET-FEDERAL-1.pdf\" target=\"_blank\" rel=\"noreferrer noopener\">Fiche dipl\u00f4me BF1 Pentathlon Moderne<\/a><\/li>\n\n\n\n<li><a href=\"https:\/\/www.crpmna.fr\/wp-content\/uploads\/2021\/10\/Contenu-BF-1.pdf\">Contenu BF1<\/a><\/li>\n<\/ul>\n\n\n\n<p class=\"has-cm-color-6-color has-text-color has-link-color wp-elements-2ad00fefe090347c81321683528398db\"><strong>Brevet F\u00e9d\u00e9ral 2<\/strong><\/p>\n\n\n\n<ul class=\"wp-block-list\">\n<li><a href=\"https:\/\/www.crpmna.fr\/wp-content\/uploads\/2021\/02\/BREVET-FEDERAL-2.pdf\" target=\"_blank\" rel=\"noreferrer noopener\">Fiche dipl\u00f4me BF2 Pentathlon Moderne<\/a><\/li>\n\n\n\n<li><a href=\"https:\/\/www.crpmna.fr\/wp-content\/uploads\/2021\/10\/Contenu-BF-2.pdf\">Contenu BF2<\/a><\/li>\n<\/ul>\n\n\n\n<p class=\"has-cm-color-6-color has-text-color has-link-color wp-elements-e6612e89d41283ba45de7fc9a525b5b6\"><strong>Brevet F\u00e9d\u00e9ral 3<\/strong><\/p>\n\n\n\n<ul class=\"wp-block-list\">\n<li><a href=\"https:\/\/www.crpmna.fr\/wp-content\/uploads\/2021\/02\/BREVET-FEDERAL-3.pdf\" target=\"_blank\" rel=\"noreferrer noopener\">Fiche dipl\u00f4me BF3 Pentathlon Moderne<\/a><\/li>\n\n\n\n<li><a href=\"https:\/\/www.crpmna.fr\/wp-content\/uploads\/2021\/10\/Contenu-BF-3.pdf\">Contenu BF3<\/a><\/li>\n<\/ul>\n\n\n\n<p><\/p>\n","protected":false},"excerpt":{"rendered":"<p>Documents relatif au clubs Divers Documents relatifs aux Brevets F\u00e9d\u00e9raux Brevet F\u00e9d\u00e9ral 1 Brevet F\u00e9d\u00e9ral 2 Brevet F\u00e9d\u00e9ral 3<\/p>\n","protected":false},"author":1,"featured_media":0,"parent":0,"menu_order":0,"comment_status":"closed","ping_status":"closed","template":"","meta":{"colormag_page_container_layout":"default_layout","colormag_page_sidebar_layout":"default_layout","advgb_blocks_editor_width":"","advgb_blocks_columns_visual_guide":"","ngg_post_thumbnail":0,"_mc_calendar":[],"footnotes":""},"class_list":["post-22","page","type-page","status-publish","hentry"],"yoast_head":"<!-- This site is optimized with the Yoast SEO plugin v27.3 - https:\/\/yoast.com\/product\/yoast-seo-wordpress\/ -->\n<title>Documents - CRPMNA<\/title>\n<meta name=\"robots\" content=\"index, follow, max-snippet:-1, max-image-preview:large, max-video-preview:-1\" \/>\n<link rel=\"canonical\" href=\"https:\/\/www.crpmna.fr\/index.php\/documents\/\" \/>\n<meta property=\"og:locale\" content=\"fr_FR\" \/>\n<meta property=\"og:type\" content=\"article\" \/>\n<meta property=\"og:title\" content=\"Documents - CRPMNA\" \/>\n<meta property=\"og:description\" content=\"Documents relatif au clubs Divers Documents relatifs aux Brevets F\u00e9d\u00e9raux Brevet F\u00e9d\u00e9ral 1 Brevet F\u00e9d\u00e9ral 2 Brevet F\u00e9d\u00e9ral 3\" \/>\n<meta property=\"og:url\" content=\"https:\/\/www.crpmna.fr\/index.php\/documents\/\" \/>\n<meta property=\"og:site_name\" content=\"CRPMNA\" \/>\n<meta property=\"article:publisher\" content=\"https:\/\/www.facebook.com\/crpmna.fr\" \/>\n<meta property=\"article:modified_time\" content=\"2026-01-28T15:31:10+00:00\" \/>\n<meta property=\"og:image\" content=\"https:\/\/www.crpmna.fr\/wp-content\/uploads\/2022\/11\/documents-1024x225.png\" \/>\n\t<meta property=\"og:image:width\" content=\"1024\" \/>\n\t<meta property=\"og:image:height\" content=\"225\" \/>\n\t<meta property=\"og:image:type\" content=\"image\/png\" \/>\n<meta name=\"twitter:card\" content=\"summary_large_image\" \/>\n<meta name=\"twitter:label1\" content=\"Dur\u00e9e de lecture estim\u00e9e\" \/>\n\t<meta name=\"twitter:data1\" content=\"1 minute\" \/>\n<script type=\"application\/ld+json\" class=\"yoast-schema-graph\">{\"@context\":\"https:\\\/\\\/schema.org\",\"@graph\":[{\"@type\":\"WebPage\",\"@id\":\"https:\\\/\\\/www.crpmna.fr\\\/index.php\\\/documents\\\/\",\"url\":\"https:\\\/\\\/www.crpmna.fr\\\/index.php\\\/documents\\\/\",\"name\":\"Documents - CRPMNA\",\"isPartOf\":{\"@id\":\"https:\\\/\\\/www.crpmna.fr\\\/#website\"},\"primaryImageOfPage\":{\"@id\":\"https:\\\/\\\/www.crpmna.fr\\\/index.php\\\/documents\\\/#primaryimage\"},\"image\":{\"@id\":\"https:\\\/\\\/www.crpmna.fr\\\/index.php\\\/documents\\\/#primaryimage\"},\"thumbnailUrl\":\"https:\\\/\\\/www.crpmna.fr\\\/wp-content\\\/uploads\\\/2022\\\/11\\\/documents-1024x225.png\",\"datePublished\":\"2019-09-18T15:31:28+00:00\",\"dateModified\":\"2026-01-28T15:31:10+00:00\",\"breadcrumb\":{\"@id\":\"https:\\\/\\\/www.crpmna.fr\\\/index.php\\\/documents\\\/#breadcrumb\"},\"inLanguage\":\"fr-FR\",\"potentialAction\":[{\"@type\":\"ReadAction\",\"target\":[\"https:\\\/\\\/www.crpmna.fr\\\/index.php\\\/documents\\\/\"]}]},{\"@type\":\"ImageObject\",\"inLanguage\":\"fr-FR\",\"@id\":\"https:\\\/\\\/www.crpmna.fr\\\/index.php\\\/documents\\\/#primaryimage\",\"url\":\"https:\\\/\\\/www.crpmna.fr\\\/wp-content\\\/uploads\\\/2022\\\/11\\\/documents.png\",\"contentUrl\":\"https:\\\/\\\/www.crpmna.fr\\\/wp-content\\\/uploads\\\/2022\\\/11\\\/documents.png\",\"width\":7603,\"height\":1667},{\"@type\":\"BreadcrumbList\",\"@id\":\"https:\\\/\\\/www.crpmna.fr\\\/index.php\\\/documents\\\/#breadcrumb\",\"itemListElement\":[{\"@type\":\"ListItem\",\"position\":1,\"name\":\"Home\",\"item\":\"https:\\\/\\\/www.crpmna.fr\\\/\"},{\"@type\":\"ListItem\",\"position\":2,\"name\":\"Documents\"}]},{\"@type\":\"WebSite\",\"@id\":\"https:\\\/\\\/www.crpmna.fr\\\/#website\",\"url\":\"https:\\\/\\\/www.crpmna.fr\\\/\",\"name\":\"CRPMNA\",\"description\":\"Organiser et d\u00e9velopper la pratique du pentathlon moderne en Nouvelle Aquitaine\",\"publisher\":{\"@id\":\"https:\\\/\\\/www.crpmna.fr\\\/#organization\"},\"alternateName\":\"Comit\u00e9 R\u00e9gional de Pentathlon Moderne de Nouvelle-Aquitaine\",\"potentialAction\":[{\"@type\":\"SearchAction\",\"target\":{\"@type\":\"EntryPoint\",\"urlTemplate\":\"https:\\\/\\\/www.crpmna.fr\\\/?s={search_term_string}\"},\"query-input\":{\"@type\":\"PropertyValueSpecification\",\"valueRequired\":true,\"valueName\":\"search_term_string\"}}],\"inLanguage\":\"fr-FR\"},{\"@type\":\"Organization\",\"@id\":\"https:\\\/\\\/www.crpmna.fr\\\/#organization\",\"name\":\"CRPMNA\",\"alternateName\":\"Comit\u00e9 R\u00e9gional de Pentathlon Moderne de Nouvelle-Aquitaine\",\"url\":\"https:\\\/\\\/www.crpmna.fr\\\/\",\"logo\":{\"@type\":\"ImageObject\",\"inLanguage\":\"fr-FR\",\"@id\":\"https:\\\/\\\/www.crpmna.fr\\\/#\\\/schema\\\/logo\\\/image\\\/\",\"url\":\"https:\\\/\\\/www.crpmna.fr\\\/wp-content\\\/uploads\\\/2023\\\/10\\\/Logo-CRPMNA-noir-sans-fond.png\",\"contentUrl\":\"https:\\\/\\\/www.crpmna.fr\\\/wp-content\\\/uploads\\\/2023\\\/10\\\/Logo-CRPMNA-noir-sans-fond.png\",\"width\":2364,\"height\":2363,\"caption\":\"CRPMNA\"},\"image\":{\"@id\":\"https:\\\/\\\/www.crpmna.fr\\\/#\\\/schema\\\/logo\\\/image\\\/\"},\"sameAs\":[\"https:\\\/\\\/www.facebook.com\\\/crpmna.fr\",\"https:\\\/\\\/www.instagram.com\\\/crpmna\\\/\",\"https:\\\/\\\/www.youtube.com\\\/channel\\\/UCsnwnBbuM8lu46ibC6H2jEA\",\"https:\\\/\\\/www.linkedin.com\\\/company\\\/89200652\\\/admin\\\/\"]}]}<\/script>\n<!-- \/ Yoast SEO plugin. -->","yoast_head_json":{"title":"Documents - CRPMNA","robots":{"index":"index","follow":"follow","max-snippet":"max-snippet:-1","max-image-preview":"max-image-preview:large","max-video-preview":"max-video-preview:-1"},"canonical":"https:\/\/www.crpmna.fr\/index.php\/documents\/","og_locale":"fr_FR","og_type":"article","og_title":"Documents - CRPMNA","og_description":"Documents relatif au clubs Divers Documents relatifs aux Brevets F\u00e9d\u00e9raux Brevet F\u00e9d\u00e9ral 1 Brevet F\u00e9d\u00e9ral 2 Brevet F\u00e9d\u00e9ral 3","og_url":"https:\/\/www.crpmna.fr\/index.php\/documents\/","og_site_name":"CRPMNA","article_publisher":"https:\/\/www.facebook.com\/crpmna.fr","article_modified_time":"2026-01-28T15:31:10+00:00","og_image":[{"width":1024,"height":225,"url":"https:\/\/www.crpmna.fr\/wp-content\/uploads\/2022\/11\/documents-1024x225.png","type":"image\/png"}],"twitter_card":"summary_large_image","twitter_misc":{"Dur\u00e9e de lecture estim\u00e9e":"1 minute"},"schema":{"@context":"https:\/\/schema.org","@graph":[{"@type":"WebPage","@id":"https:\/\/www.crpmna.fr\/index.php\/documents\/","url":"https:\/\/www.crpmna.fr\/index.php\/documents\/","name":"Documents - CRPMNA","isPartOf":{"@id":"https:\/\/www.crpmna.fr\/#website"},"primaryImageOfPage":{"@id":"https:\/\/www.crpmna.fr\/index.php\/documents\/#primaryimage"},"image":{"@id":"https:\/\/www.crpmna.fr\/index.php\/documents\/#primaryimage"},"thumbnailUrl":"https:\/\/www.crpmna.fr\/wp-content\/uploads\/2022\/11\/documents-1024x225.png","datePublished":"2019-09-18T15:31:28+00:00","dateModified":"2026-01-28T15:31:10+00:00","breadcrumb":{"@id":"https:\/\/www.crpmna.fr\/index.php\/documents\/#breadcrumb"},"inLanguage":"fr-FR","potentialAction":[{"@type":"ReadAction","target":["https:\/\/www.crpmna.fr\/index.php\/documents\/"]}]},{"@type":"ImageObject","inLanguage":"fr-FR","@id":"https:\/\/www.crpmna.fr\/index.php\/documents\/#primaryimage","url":"https:\/\/www.crpmna.fr\/wp-content\/uploads\/2022\/11\/documents.png","contentUrl":"https:\/\/www.crpmna.fr\/wp-content\/uploads\/2022\/11\/documents.png","width":7603,"height":1667},{"@type":"BreadcrumbList","@id":"https:\/\/www.crpmna.fr\/index.php\/documents\/#breadcrumb","itemListElement":[{"@type":"ListItem","position":1,"name":"Home","item":"https:\/\/www.crpmna.fr\/"},{"@type":"ListItem","position":2,"name":"Documents"}]},{"@type":"WebSite","@id":"https:\/\/www.crpmna.fr\/#website","url":"https:\/\/www.crpmna.fr\/","name":"CRPMNA","description":"Organiser et d\u00e9velopper la pratique du pentathlon moderne en Nouvelle Aquitaine","publisher":{"@id":"https:\/\/www.crpmna.fr\/#organization"},"alternateName":"Comit\u00e9 R\u00e9gional de Pentathlon Moderne de Nouvelle-Aquitaine","potentialAction":[{"@type":"SearchAction","target":{"@type":"EntryPoint","urlTemplate":"https:\/\/www.crpmna.fr\/?s={search_term_string}"},"query-input":{"@type":"PropertyValueSpecification","valueRequired":true,"valueName":"search_term_string"}}],"inLanguage":"fr-FR"},{"@type":"Organization","@id":"https:\/\/www.crpmna.fr\/#organization","name":"CRPMNA","alternateName":"Comit\u00e9 R\u00e9gional de Pentathlon Moderne de Nouvelle-Aquitaine","url":"https:\/\/www.crpmna.fr\/","logo":{"@type":"ImageObject","inLanguage":"fr-FR","@id":"https:\/\/www.crpmna.fr\/#\/schema\/logo\/image\/","url":"https:\/\/www.crpmna.fr\/wp-content\/uploads\/2023\/10\/Logo-CRPMNA-noir-sans-fond.png","contentUrl":"https:\/\/www.crpmna.fr\/wp-content\/uploads\/2023\/10\/Logo-CRPMNA-noir-sans-fond.png","width":2364,"height":2363,"caption":"CRPMNA"},"image":{"@id":"https:\/\/www.crpmna.fr\/#\/schema\/logo\/image\/"},"sameAs":["https:\/\/www.facebook.com\/crpmna.fr","https:\/\/www.instagram.com\/crpmna\/","https:\/\/www.youtube.com\/channel\/UCsnwnBbuM8lu46ibC6H2jEA","https:\/\/www.linkedin.com\/company\/89200652\/admin\/"]}]}},"coauthors":[],"author_meta":{"author_link":"https:\/\/www.crpmna.fr\/index.php\/author\/admcomite\/","display_name":"Nans ALVES"},"relative_dates":{"created":"Publi\u00e9 7 ans il y a","modified":"Mis \u00e0 jour 3 mois il y a"},"absolute_dates":{"created":"Publi\u00e9 le 18 septembre 2019","modified":"Mise \u00e0 jour le 28 janvier 2026"},"absolute_dates_time":{"created":"Publi\u00e9 le 18 septembre 2019 17 h 31 min","modified":"Mise \u00e0 jour le 28 janvier 2026 16 h 31 min"},"featured_img_caption":"","featured_img":false,"series_order":"","_links":{"self":[{"href":"https:\/\/www.crpmna.fr\/index.php\/wp-json\/wp\/v2\/pages\/22","targetHints":{"allow":["GET"]}}],"collection":[{"href":"https:\/\/www.crpmna.fr\/index.php\/wp-json\/wp\/v2\/pages"}],"about":[{"href":"https:\/\/www.crpmna.fr\/index.php\/wp-json\/wp\/v2\/types\/page"}],"author":[{"embeddable":true,"href":"https:\/\/www.crpmna.fr\/index.php\/wp-json\/wp\/v2\/users\/1"}],"replies":[{"embeddable":true,"href":"https:\/\/www.crpmna.fr\/index.php\/wp-json\/wp\/v2\/comments?post=22"}],"version-history":[{"count":29,"href":"https:\/\/www.crpmna.fr\/index.php\/wp-json\/wp\/v2\/pages\/22\/revisions"}],"predecessor-version":[{"id":4914,"href":"https:\/\/www.crpmna.fr\/index.php\/wp-json\/wp\/v2\/pages\/22\/revisions\/4914"}],"wp:attachment":[{"href":"https:\/\/www.crpmna.fr\/index.php\/wp-json\/wp\/v2\/media?parent=22"}],"curies":[{"name":"wp","href":"https:\/\/api.w.org\/{rel}","templated":true}]}}