{"id":248,"date":"2020-08-04T11:39:45","date_gmt":"2020-08-04T09:39:45","guid":{"rendered":"http:\/\/www.crpmna.fr\/?page_id=248"},"modified":"2026-01-28T11:42:55","modified_gmt":"2026-01-28T10:42:55","slug":"saffilier-a-la-federation-francaise-de-pentathlon-moderne","status":"publish","type":"page","link":"https:\/\/www.crpmna.fr\/index.php\/saffilier-a-la-federation-francaise-de-pentathlon-moderne\/","title":{"rendered":"S&rsquo;affilier \u00e0 la F\u00e9d\u00e9ration Fran\u00e7aise de Pentathlon Moderne"},"content":{"rendered":"\n<p class=\"has-text-align-left\">L\u2019Affiliation \u00e0 la F\u00e9d\u00e9ration Fran\u00e7aise de Pentathlon Moderne est ouverte \u00e0 toute association loi 1901 ayant pour objet la pratique du pentathlon moderne ou l\u2019organisation de manifestations de celui ci. S&rsquo;affilier \u00e0 la F\u00e9d\u00e9ration Fran\u00e7aise de Pentathlon Moderne permet de b\u00e9n\u00e9ficier de nombreux avantages sur les plans administratifs, sportifs, et techniques.<\/p>\n\n\n\n<div class=\"wp-block-group alignwide is-layout-constrained wp-block-group-is-layout-constrained\">\n<div class=\"wp-block-media-text alignwide is-stacked-on-mobile is-vertically-aligned-center\" style=\"grid-template-columns:15% auto\"><figure class=\"wp-block-media-text__media\"><img decoding=\"async\" width=\"300\" height=\"300\" src=\"https:\/\/www.crpmna.fr\/wp-content\/uploads\/2020\/08\/bill-300x300.png\" alt=\"S'affilier \u00e0 la F\u00e9d\u00e9ration Fran\u00e7aise de Pentathlon Moderne\" class=\"wp-image-273 size-medium\"\/><\/figure><div class=\"wp-block-media-text__content\">\n<p class=\"has-cm-color-6-color has-text-color has-link-color wp-elements-b1382957fc245ea70f3ac8f0a819bc33\"><strong>Administratif<\/strong><\/p>\n\n\n\n<ul class=\"wp-block-list\">\n<li>Reconnaissance et valorisation aupr\u00e8s des municipalit\u00e9s et des collectivit\u00e9s territoriales lors des demandes de subvention, notamment aupr\u00e8s du CNDS.<\/li>\n\n\n\n<li>Mise \u00e0 disposition de tous les services de la f\u00e9d\u00e9ration&nbsp;: assurances (responsabilit\u00e9 civile et comp\u00e9titions), service juridique (si un athl\u00e8te est victime ou responsable d\u2019un accident), publications diverses.<\/li>\n\n\n\n<li>Aide de la part des cadres techniques et administratifs de la ligue.<\/li>\n\n\n\n<li>Demander un label club ou une labellisation de course<\/li>\n<\/ul>\n<\/div><\/div>\n<\/div>\n\n\n\n<div class=\"wp-block-group alignwide is-layout-constrained wp-block-group-is-layout-constrained\">\n<div class=\"wp-block-media-text alignwide is-stacked-on-mobile is-vertically-aligned-center\" style=\"grid-template-columns:15% auto\"><figure class=\"wp-block-media-text__media\"><img decoding=\"async\" width=\"300\" height=\"300\" src=\"https:\/\/www.crpmna.fr\/wp-content\/uploads\/2020\/08\/medal-300x300.png\" alt=\"S'affilier \u00e0 la F\u00e9d\u00e9ration Fran\u00e7aise de Pentathlon Moderne\" class=\"wp-image-274 size-medium\"\/><\/figure><div class=\"wp-block-media-text__content\">\n<p class=\"has-cm-color-6-color has-text-color has-link-color wp-elements-8b5096ca17bb3084acf43a8a87aa5215\"><strong>Sportif<\/strong><\/p>\n\n\n\n<ul class=\"wp-block-list\">\n<li>Ne pas pr\u00e9senter syst\u00e9matiquement de certificat m\u00e9dical lors de l\u2019inscription \u00e0 une comp\u00e9tition.<\/li>\n\n\n\n<li>B\u00e9n\u00e9ficier d\u2019une fiche de suivie compl\u00e8te des performances individuelles.<\/li>\n\n\n\n<li>Participer aux championnats officiels  (d\u00e9partementaux, r\u00e9gionaux voire nationaux) avec une licence comp\u00e9tition.<\/li>\n\n\n\n<li>Participer aux stages organis\u00e9s par les comit\u00e9s d\u00e9partementaux ou par la Ligue : perfectionnement, entra\u00eenement.<\/li>\n<\/ul>\n<\/div><\/div>\n<\/div>\n\n\n\n<div class=\"wp-block-group alignwide is-layout-constrained wp-block-group-is-layout-constrained\">\n<div class=\"wp-block-media-text alignwide is-stacked-on-mobile is-vertically-aligned-center\" style=\"grid-template-columns:15% auto\"><figure class=\"wp-block-media-text__media\"><img decoding=\"async\" width=\"300\" height=\"300\" src=\"https:\/\/www.crpmna.fr\/wp-content\/uploads\/2020\/08\/meeting-300x300.png\" alt=\"\" class=\"wp-image-272 size-medium\"\/><\/figure><div class=\"wp-block-media-text__content\">\n<p class=\"has-cm-color-6-color has-text-color has-link-color wp-elements-d501990c999d226343e06548478152c6\"><strong>Technique<\/strong><\/p>\n\n\n\n<ul class=\"wp-block-list\">\n<li>B\u00e9n\u00e9ficier d\u2019une aide de la part des cadres techniques<\/li>\n\n\n\n<li>Participer aux stages et aux sessions de formation organis\u00e9es \u00e0 l\u2019intention des entra\u00eeneurs, dirigeants, officiels.<\/li>\n<\/ul>\n<\/div><\/div>\n<\/div>\n\n\n\n<div style=\"height:24px\" aria-hidden=\"true\" class=\"wp-block-spacer\"><\/div>\n\n\n\n<h4 class=\"wp-block-heading has-cm-color-2-color has-text-color has-link-color wp-elements-52b968cccbe28e18c2d9269e99d638c0\"><strong>Comment faire ?<\/strong><\/h4>\n\n\n\n<p>Toute association domicili\u00e9e en Nouvelle-Aquitaine souhaitant s\u2019affilier \u00e0 la F\u00e9d\u00e9ration Fran\u00e7aise de Pentathlon Moderne doit constituer un dossier comprenant les pi\u00e8ces list\u00e9es ci-dessous et l\u2019envoyer \u00e0 la FFPM.<\/p>\n\n\n\n<p>Le club sera automatiquement rattach\u00e9 au Comit\u00e9 D\u00e9partemental correspondant au lieu du si\u00e8ge de l\u2019association.<\/p>\n\n\n\n<p><\/p>\n\n\n\n<h4 class=\"wp-block-heading has-cm-color-2-color has-text-color has-link-color wp-elements-b6460292ff8a3ab36b5d5c63bc4b05d6\"><strong>Pi\u00e8ce \u00e0 joindre<\/strong><\/h4>\n\n\n\n<p class=\"has-cm-color-6-color has-text-color has-link-color wp-elements-4167d5dd875d560113cbbebaf049a46e\"><strong>Pour les nouveaux clubs :<\/strong><\/p>\n\n\n\n<ul class=\"wp-block-list\">\n<li>Affiliation Club 2025-2026<\/li>\n\n\n\n<li>Les statuts du club\u00a0<em>(sans omettre d\u2019y mentionner \u00ab l\u2019organisation et le d\u00e9veloppement de la pratique du pentathlon moderne et\/ou l\u2019organisation de manifestations du pentathlon moderne \u00bb)<\/em><\/li>\n\n\n\n<li>Votre r\u00e9c\u00e9piss\u00e9 de d\u00e9p\u00f4t de d\u00e9claration d\u2019association en pr\u00e9fecture<\/li>\n\n\n\n<li>Le proc\u00e8s-verbal d\u2019Assembl\u00e9e g\u00e9n\u00e9rale<\/li>\n\n\n\n<li>Le Journal Officiel<\/li>\n\n\n\n<li>Avis de situation Sirene<\/li>\n\n\n\n<li>Un RIB<\/li>\n\n\n\n<li>Un ch\u00e8que de 240 euros r\u00e9glant l\u2019affiliation \u00e0 la F\u00e9d\u00e9ration Fran\u00e7aise de Pentathlon Moderne et les licences des 3 dirigeants, libell\u00e9 \u00e0 l\u2019ordre de la F\u00e9d\u00e9ration Fran\u00e7aise de Pentathlon Moderne<\/li>\n<\/ul>\n\n\n\n<p><em><strong>T\u00e9l\u00e9charger les documents : <a href=\"https:\/\/www.crpmna.fr\/index.php\/clubs\/\">Ici<\/a><\/strong><\/em><\/p>\n\n\n\n<p><\/p>\n\n\n\n<p><\/p>\n","protected":false},"excerpt":{"rendered":"<p>L\u2019Affiliation \u00e0 la F\u00e9d\u00e9ration Fran\u00e7aise de Pentathlon Moderne est ouverte \u00e0 toute association loi 1901 ayant pour objet la pratique<\/p>\n","protected":false},"author":1,"featured_media":0,"parent":0,"menu_order":0,"comment_status":"closed","ping_status":"closed","template":"","meta":{"colormag_page_container_layout":"no_sidebar_content_centered","colormag_page_sidebar_layout":"no_sidebar","advgb_blocks_editor_width":"","advgb_blocks_columns_visual_guide":"","ngg_post_thumbnail":0,"_mc_calendar":[],"footnotes":""},"class_list":["post-248","page","type-page","status-publish","hentry"],"yoast_head":"<!-- This site is optimized with the Yoast SEO plugin v27.4 - https:\/\/yoast.com\/product\/yoast-seo-wordpress\/ -->\n<title>S&#039;affilier \u00e0 la F\u00e9d\u00e9ration Fran\u00e7aise de Pentathlon Moderne - CRPMNA<\/title>\n<meta name=\"description\" content=\"Comment s&#039;affilier \u00e0 la F\u00e9d\u00e9ration Fran\u00e7aise de Pentathlon Moderne ? Quelles sont les pi\u00e8ces justificatives \u00e0 inclure dans le dossier ?\" \/>\n<meta name=\"robots\" content=\"index, follow, max-snippet:-1, max-image-preview:large, max-video-preview:-1\" \/>\n<link rel=\"canonical\" href=\"https:\/\/www.crpmna.fr\/index.php\/saffilier-a-la-federation-francaise-de-pentathlon-moderne\/\" \/>\n<meta property=\"og:locale\" content=\"fr_FR\" \/>\n<meta property=\"og:type\" content=\"article\" \/>\n<meta property=\"og:title\" content=\"S&#039;affilier \u00e0 la F\u00e9d\u00e9ration Fran\u00e7aise de Pentathlon Moderne - CRPMNA\" \/>\n<meta property=\"og:description\" content=\"Comment s&#039;affilier \u00e0 la F\u00e9d\u00e9ration Fran\u00e7aise de Pentathlon Moderne ? Quelles sont les pi\u00e8ces justificatives \u00e0 inclure dans le dossier ?\" \/>\n<meta property=\"og:url\" content=\"https:\/\/www.crpmna.fr\/index.php\/saffilier-a-la-federation-francaise-de-pentathlon-moderne\/\" \/>\n<meta property=\"og:site_name\" content=\"CRPMNA\" \/>\n<meta property=\"article:publisher\" content=\"https:\/\/www.facebook.com\/crpmna.fr\" \/>\n<meta property=\"article:modified_time\" content=\"2026-01-28T10:42:55+00:00\" \/>\n<meta property=\"og:image\" content=\"https:\/\/www.crpmna.fr\/wp-content\/uploads\/2020\/08\/bill-e1596570804139.png\" \/>\n\t<meta property=\"og:image:width\" content=\"256\" \/>\n\t<meta property=\"og:image:height\" content=\"256\" \/>\n\t<meta property=\"og:image:type\" content=\"image\/png\" \/>\n<meta name=\"twitter:card\" content=\"summary_large_image\" \/>\n<meta name=\"twitter:label1\" content=\"Dur\u00e9e de lecture estim\u00e9e\" \/>\n\t<meta name=\"twitter:data1\" content=\"3 minutes\" \/>\n<script type=\"application\/ld+json\" class=\"yoast-schema-graph\">{\"@context\":\"https:\\\/\\\/schema.org\",\"@graph\":[{\"@type\":\"WebPage\",\"@id\":\"https:\\\/\\\/www.crpmna.fr\\\/index.php\\\/saffilier-a-la-federation-francaise-de-pentathlon-moderne\\\/\",\"url\":\"https:\\\/\\\/www.crpmna.fr\\\/index.php\\\/saffilier-a-la-federation-francaise-de-pentathlon-moderne\\\/\",\"name\":\"S'affilier \u00e0 la F\u00e9d\u00e9ration Fran\u00e7aise de Pentathlon Moderne - CRPMNA\",\"isPartOf\":{\"@id\":\"https:\\\/\\\/www.crpmna.fr\\\/#website\"},\"primaryImageOfPage\":{\"@id\":\"https:\\\/\\\/www.crpmna.fr\\\/index.php\\\/saffilier-a-la-federation-francaise-de-pentathlon-moderne\\\/#primaryimage\"},\"image\":{\"@id\":\"https:\\\/\\\/www.crpmna.fr\\\/index.php\\\/saffilier-a-la-federation-francaise-de-pentathlon-moderne\\\/#primaryimage\"},\"thumbnailUrl\":\"https:\\\/\\\/www.crpmna.fr\\\/wp-content\\\/uploads\\\/2020\\\/08\\\/bill-300x300.png\",\"datePublished\":\"2020-08-04T09:39:45+00:00\",\"dateModified\":\"2026-01-28T10:42:55+00:00\",\"description\":\"Comment s'affilier \u00e0 la F\u00e9d\u00e9ration Fran\u00e7aise de Pentathlon Moderne ? Quelles sont les pi\u00e8ces justificatives \u00e0 inclure dans le dossier ?\",\"breadcrumb\":{\"@id\":\"https:\\\/\\\/www.crpmna.fr\\\/index.php\\\/saffilier-a-la-federation-francaise-de-pentathlon-moderne\\\/#breadcrumb\"},\"inLanguage\":\"fr-FR\",\"potentialAction\":[{\"@type\":\"ReadAction\",\"target\":[\"https:\\\/\\\/www.crpmna.fr\\\/index.php\\\/saffilier-a-la-federation-francaise-de-pentathlon-moderne\\\/\"]}]},{\"@type\":\"ImageObject\",\"inLanguage\":\"fr-FR\",\"@id\":\"https:\\\/\\\/www.crpmna.fr\\\/index.php\\\/saffilier-a-la-federation-francaise-de-pentathlon-moderne\\\/#primaryimage\",\"url\":\"https:\\\/\\\/www.crpmna.fr\\\/wp-content\\\/uploads\\\/2020\\\/08\\\/bill-300x300.png\",\"contentUrl\":\"https:\\\/\\\/www.crpmna.fr\\\/wp-content\\\/uploads\\\/2020\\\/08\\\/bill-300x300.png\"},{\"@type\":\"BreadcrumbList\",\"@id\":\"https:\\\/\\\/www.crpmna.fr\\\/index.php\\\/saffilier-a-la-federation-francaise-de-pentathlon-moderne\\\/#breadcrumb\",\"itemListElement\":[{\"@type\":\"ListItem\",\"position\":1,\"name\":\"Home\",\"item\":\"https:\\\/\\\/www.crpmna.fr\\\/\"},{\"@type\":\"ListItem\",\"position\":2,\"name\":\"S&rsquo;affilier \u00e0 la F\u00e9d\u00e9ration Fran\u00e7aise de Pentathlon Moderne\"}]},{\"@type\":\"WebSite\",\"@id\":\"https:\\\/\\\/www.crpmna.fr\\\/#website\",\"url\":\"https:\\\/\\\/www.crpmna.fr\\\/\",\"name\":\"CRPMNA\",\"description\":\"Organiser et d\u00e9velopper la pratique du pentathlon moderne en Nouvelle Aquitaine\",\"publisher\":{\"@id\":\"https:\\\/\\\/www.crpmna.fr\\\/#organization\"},\"alternateName\":\"Comit\u00e9 R\u00e9gional de Pentathlon Moderne de Nouvelle-Aquitaine\",\"potentialAction\":[{\"@type\":\"SearchAction\",\"target\":{\"@type\":\"EntryPoint\",\"urlTemplate\":\"https:\\\/\\\/www.crpmna.fr\\\/?s={search_term_string}\"},\"query-input\":{\"@type\":\"PropertyValueSpecification\",\"valueRequired\":true,\"valueName\":\"search_term_string\"}}],\"inLanguage\":\"fr-FR\"},{\"@type\":\"Organization\",\"@id\":\"https:\\\/\\\/www.crpmna.fr\\\/#organization\",\"name\":\"CRPMNA\",\"alternateName\":\"Comit\u00e9 R\u00e9gional de Pentathlon Moderne de Nouvelle-Aquitaine\",\"url\":\"https:\\\/\\\/www.crpmna.fr\\\/\",\"logo\":{\"@type\":\"ImageObject\",\"inLanguage\":\"fr-FR\",\"@id\":\"https:\\\/\\\/www.crpmna.fr\\\/#\\\/schema\\\/logo\\\/image\\\/\",\"url\":\"https:\\\/\\\/www.crpmna.fr\\\/wp-content\\\/uploads\\\/2023\\\/10\\\/Logo-CRPMNA-noir-sans-fond.png\",\"contentUrl\":\"https:\\\/\\\/www.crpmna.fr\\\/wp-content\\\/uploads\\\/2023\\\/10\\\/Logo-CRPMNA-noir-sans-fond.png\",\"width\":2364,\"height\":2363,\"caption\":\"CRPMNA\"},\"image\":{\"@id\":\"https:\\\/\\\/www.crpmna.fr\\\/#\\\/schema\\\/logo\\\/image\\\/\"},\"sameAs\":[\"https:\\\/\\\/www.facebook.com\\\/crpmna.fr\",\"https:\\\/\\\/www.instagram.com\\\/crpmna\\\/\",\"https:\\\/\\\/www.youtube.com\\\/channel\\\/UCsnwnBbuM8lu46ibC6H2jEA\",\"https:\\\/\\\/www.linkedin.com\\\/company\\\/89200652\\\/admin\\\/\"]}]}<\/script>\n<!-- \/ Yoast SEO plugin. -->","yoast_head_json":{"title":"S'affilier \u00e0 la F\u00e9d\u00e9ration Fran\u00e7aise de Pentathlon Moderne - CRPMNA","description":"Comment s'affilier \u00e0 la F\u00e9d\u00e9ration Fran\u00e7aise de Pentathlon Moderne ? Quelles sont les pi\u00e8ces justificatives \u00e0 inclure dans le dossier ?","robots":{"index":"index","follow":"follow","max-snippet":"max-snippet:-1","max-image-preview":"max-image-preview:large","max-video-preview":"max-video-preview:-1"},"canonical":"https:\/\/www.crpmna.fr\/index.php\/saffilier-a-la-federation-francaise-de-pentathlon-moderne\/","og_locale":"fr_FR","og_type":"article","og_title":"S'affilier \u00e0 la F\u00e9d\u00e9ration Fran\u00e7aise de Pentathlon Moderne - CRPMNA","og_description":"Comment s'affilier \u00e0 la F\u00e9d\u00e9ration Fran\u00e7aise de Pentathlon Moderne ? Quelles sont les pi\u00e8ces justificatives \u00e0 inclure dans le dossier ?","og_url":"https:\/\/www.crpmna.fr\/index.php\/saffilier-a-la-federation-francaise-de-pentathlon-moderne\/","og_site_name":"CRPMNA","article_publisher":"https:\/\/www.facebook.com\/crpmna.fr","article_modified_time":"2026-01-28T10:42:55+00:00","og_image":[{"width":256,"height":256,"url":"https:\/\/www.crpmna.fr\/wp-content\/uploads\/2020\/08\/bill-e1596570804139.png","type":"image\/png"}],"twitter_card":"summary_large_image","twitter_misc":{"Dur\u00e9e de lecture estim\u00e9e":"3 minutes"},"schema":{"@context":"https:\/\/schema.org","@graph":[{"@type":"WebPage","@id":"https:\/\/www.crpmna.fr\/index.php\/saffilier-a-la-federation-francaise-de-pentathlon-moderne\/","url":"https:\/\/www.crpmna.fr\/index.php\/saffilier-a-la-federation-francaise-de-pentathlon-moderne\/","name":"S'affilier \u00e0 la F\u00e9d\u00e9ration Fran\u00e7aise de Pentathlon Moderne - CRPMNA","isPartOf":{"@id":"https:\/\/www.crpmna.fr\/#website"},"primaryImageOfPage":{"@id":"https:\/\/www.crpmna.fr\/index.php\/saffilier-a-la-federation-francaise-de-pentathlon-moderne\/#primaryimage"},"image":{"@id":"https:\/\/www.crpmna.fr\/index.php\/saffilier-a-la-federation-francaise-de-pentathlon-moderne\/#primaryimage"},"thumbnailUrl":"https:\/\/www.crpmna.fr\/wp-content\/uploads\/2020\/08\/bill-300x300.png","datePublished":"2020-08-04T09:39:45+00:00","dateModified":"2026-01-28T10:42:55+00:00","description":"Comment s'affilier \u00e0 la F\u00e9d\u00e9ration Fran\u00e7aise de Pentathlon Moderne ? Quelles sont les pi\u00e8ces justificatives \u00e0 inclure dans le dossier ?","breadcrumb":{"@id":"https:\/\/www.crpmna.fr\/index.php\/saffilier-a-la-federation-francaise-de-pentathlon-moderne\/#breadcrumb"},"inLanguage":"fr-FR","potentialAction":[{"@type":"ReadAction","target":["https:\/\/www.crpmna.fr\/index.php\/saffilier-a-la-federation-francaise-de-pentathlon-moderne\/"]}]},{"@type":"ImageObject","inLanguage":"fr-FR","@id":"https:\/\/www.crpmna.fr\/index.php\/saffilier-a-la-federation-francaise-de-pentathlon-moderne\/#primaryimage","url":"https:\/\/www.crpmna.fr\/wp-content\/uploads\/2020\/08\/bill-300x300.png","contentUrl":"https:\/\/www.crpmna.fr\/wp-content\/uploads\/2020\/08\/bill-300x300.png"},{"@type":"BreadcrumbList","@id":"https:\/\/www.crpmna.fr\/index.php\/saffilier-a-la-federation-francaise-de-pentathlon-moderne\/#breadcrumb","itemListElement":[{"@type":"ListItem","position":1,"name":"Home","item":"https:\/\/www.crpmna.fr\/"},{"@type":"ListItem","position":2,"name":"S&rsquo;affilier \u00e0 la F\u00e9d\u00e9ration Fran\u00e7aise de Pentathlon Moderne"}]},{"@type":"WebSite","@id":"https:\/\/www.crpmna.fr\/#website","url":"https:\/\/www.crpmna.fr\/","name":"CRPMNA","description":"Organiser et d\u00e9velopper la pratique du pentathlon moderne en Nouvelle Aquitaine","publisher":{"@id":"https:\/\/www.crpmna.fr\/#organization"},"alternateName":"Comit\u00e9 R\u00e9gional de Pentathlon Moderne de Nouvelle-Aquitaine","potentialAction":[{"@type":"SearchAction","target":{"@type":"EntryPoint","urlTemplate":"https:\/\/www.crpmna.fr\/?s={search_term_string}"},"query-input":{"@type":"PropertyValueSpecification","valueRequired":true,"valueName":"search_term_string"}}],"inLanguage":"fr-FR"},{"@type":"Organization","@id":"https:\/\/www.crpmna.fr\/#organization","name":"CRPMNA","alternateName":"Comit\u00e9 R\u00e9gional de Pentathlon Moderne de Nouvelle-Aquitaine","url":"https:\/\/www.crpmna.fr\/","logo":{"@type":"ImageObject","inLanguage":"fr-FR","@id":"https:\/\/www.crpmna.fr\/#\/schema\/logo\/image\/","url":"https:\/\/www.crpmna.fr\/wp-content\/uploads\/2023\/10\/Logo-CRPMNA-noir-sans-fond.png","contentUrl":"https:\/\/www.crpmna.fr\/wp-content\/uploads\/2023\/10\/Logo-CRPMNA-noir-sans-fond.png","width":2364,"height":2363,"caption":"CRPMNA"},"image":{"@id":"https:\/\/www.crpmna.fr\/#\/schema\/logo\/image\/"},"sameAs":["https:\/\/www.facebook.com\/crpmna.fr","https:\/\/www.instagram.com\/crpmna\/","https:\/\/www.youtube.com\/channel\/UCsnwnBbuM8lu46ibC6H2jEA","https:\/\/www.linkedin.com\/company\/89200652\/admin\/"]}]}},"coauthors":[],"author_meta":{"author_link":"https:\/\/www.crpmna.fr\/index.php\/author\/admcomite\/","display_name":"Nans ALVES"},"relative_dates":{"created":"Publi\u00e9 6 ans il y a","modified":"Mis \u00e0 jour 3 mois il y a"},"absolute_dates":{"created":"Publi\u00e9 le 4 ao\u00fbt 2020","modified":"Mise \u00e0 jour le 28 janvier 2026"},"absolute_dates_time":{"created":"Publi\u00e9 le 4 ao\u00fbt 2020 11 h 39 min","modified":"Mise \u00e0 jour le 28 janvier 2026 11 h 42 min"},"featured_img_caption":"","featured_img":false,"series_order":"","_links":{"self":[{"href":"https:\/\/www.crpmna.fr\/index.php\/wp-json\/wp\/v2\/pages\/248","targetHints":{"allow":["GET"]}}],"collection":[{"href":"https:\/\/www.crpmna.fr\/index.php\/wp-json\/wp\/v2\/pages"}],"about":[{"href":"https:\/\/www.crpmna.fr\/index.php\/wp-json\/wp\/v2\/types\/page"}],"author":[{"embeddable":true,"href":"https:\/\/www.crpmna.fr\/index.php\/wp-json\/wp\/v2\/users\/1"}],"replies":[{"embeddable":true,"href":"https:\/\/www.crpmna.fr\/index.php\/wp-json\/wp\/v2\/comments?post=248"}],"version-history":[{"count":27,"href":"https:\/\/www.crpmna.fr\/index.php\/wp-json\/wp\/v2\/pages\/248\/revisions"}],"predecessor-version":[{"id":4895,"href":"https:\/\/www.crpmna.fr\/index.php\/wp-json\/wp\/v2\/pages\/248\/revisions\/4895"}],"wp:attachment":[{"href":"https:\/\/www.crpmna.fr\/index.php\/wp-json\/wp\/v2\/media?parent=248"}],"curies":[{"name":"wp","href":"https:\/\/api.w.org\/{rel}","templated":true}]}}