{"id":266,"date":"2020-08-04T11:36:01","date_gmt":"2020-08-04T09:36:01","guid":{"rendered":"http:\/\/www.crpmna.fr\/?page_id=266"},"modified":"2026-01-30T17:16:29","modified_gmt":"2026-01-30T16:16:29","slug":"les-clubs-et-comites","status":"publish","type":"page","link":"https:\/\/www.crpmna.fr\/index.php\/les-clubs-et-comites\/","title":{"rendered":"Les clubs et comit\u00e9s"},"content":{"rendered":"\n<p style=\"text-align: center;\"><iframe src=\"https:\/\/www.google.com\/maps\/d\/embed?mid=17TTrYot5AWf1TDD6rso4OK4pFz2CYb0&amp;ehbc=2E312F\" width=\"640\" height=\"480\"><\/iframe><\/p>\n\n\n\n<div style=\"height:30px\" aria-hidden=\"true\" class=\"wp-block-spacer\"><\/div>\n\n\n\n<div class=\"wp-block-columns are-vertically-aligned-top is-layout-flex wp-container-core-columns-is-layout-28f84493 wp-block-columns-is-layout-flex\">\n<div class=\"wp-block-column is-vertically-aligned-top is-layout-flow wp-block-column-is-layout-flow\">\n<div class=\"wp-block-group is-layout-constrained wp-block-group-is-layout-constrained\">\n<p><strong><mark style=\"background-color:rgba(0, 0, 0, 0)\" class=\"has-inline-color has-cm-color-2-color\">Les d\u00e9partements des clubs :<\/mark><\/strong><\/p>\n\n\n\n<ul class=\"wp-block-list\">\n<li class=\"has-cm-color-2-color has-text-color has-link-color wp-elements-3774595d98890c553c8d58387622eb0f\"><a href=\"https:\/\/www.crpmna.fr\/index.php\/gironde-33\/\">Gironde (33)<\/a><\/li>\n\n\n\n<li class=\"has-cm-color-2-color has-text-color has-link-color wp-elements-e0b5d6a3a19a1fb96da3ffb96db1fdbf\"><a href=\"https:\/\/www.crpmna.fr\/index.php\/pyrenees-atlantiques-64\/\">Pyr\u00e9n\u00e9es-Atlantiques (64)<\/a><\/li>\n\n\n\n<li class=\"has-cm-color-2-color has-text-color has-link-color wp-elements-777a337d9c9db5b836b35f9e5b465ba8\"><a href=\"https:\/\/www.crpmna.fr\/index.php\/dordogne-24\/\">Dordogne (24)<\/a><\/li>\n\n\n\n<li class=\"has-cm-color-2-color has-text-color has-link-color wp-elements-4733fd49e0f8dcaecda19eb224d33191\"><a href=\"https:\/\/www.crpmna.fr\/index.php\/charente-maritime-17\/\">Charente-Maritimes (17)<\/a><\/li>\n\n\n\n<li class=\"has-cm-color-2-color has-text-color has-link-color wp-elements-04ed399fe90271b949acaaf5be26b620\"><a href=\"https:\/\/www.crpmna.fr\/index.php\/haute-vienne-87\/\">Haute-Vienne (87)<\/a><\/li>\n\n\n\n<li class=\"has-cm-color-2-color has-text-color has-link-color wp-elements-c38713aad706a5f40644451c80547ad6\"><a href=\"https:\/\/www.crpmna.fr\/index.php\/vienne-86\/\">Vienne (86)<\/a><\/li>\n<\/ul>\n<\/div>\n<\/div>\n\n\n\n<div class=\"wp-block-column is-vertically-aligned-top is-layout-flow wp-block-column-is-layout-flow\">\n<div class=\"wp-block-columns are-vertically-aligned-top is-layout-flex wp-container-core-columns-is-layout-1b0f05c0 wp-block-columns-is-layout-flex\" style=\"padding-right:var(--wp--preset--spacing--80);padding-left:var(--wp--preset--spacing--80)\">\n<div class=\"wp-block-column is-vertically-aligned-top is-layout-flow wp-block-column-is-layout-flow\">\n<p><strong><mark style=\"background-color:rgba(0, 0, 0, 0)\" class=\"has-inline-color has-cm-color-2-color\">Le comit\u00e9 r\u00e9gional :<\/mark><\/strong><\/p>\n\n\n\n<ul class=\"wp-block-list\">\n<li class=\"has-cm-color-2-color has-text-color has-link-color wp-elements-61ec468b2dc1c7e06f2aafb5151ca051\"><a href=\"https:\/\/www.crpmna.fr\/index.php\/qui-sommes-nous\/\">Comit\u00e9 R\u00e9gional de Pentathlon Moderne de la Nouvelle &#8211; Aquitaine<\/a><\/li>\n<\/ul>\n\n\n\n<p><\/p>\n\n\n\n<p><strong><mark style=\"background-color:rgba(0, 0, 0, 0)\" class=\"has-inline-color has-cm-color-2-color\">Le P\u00f4le France :<\/mark><\/strong><\/p>\n\n\n\n<ul class=\"wp-block-list\">\n<li class=\"has-cm-color-2-color has-text-color has-link-color wp-elements-6d1af929dcc873b860c8352c2d763e3d\"><a href=\"https:\/\/www.crpmna.fr\/index.php\/pole-de-talence\/\" target=\"_blank\" rel=\"noreferrer noopener\">P\u00f4le de Talence<\/a><\/li>\n<\/ul>\n<\/div>\n<\/div>\n<\/div>\n<\/div>\n\n\n\n<p><\/p>\n","protected":false},"excerpt":{"rendered":"<p>Les d\u00e9partements des clubs : Le comit\u00e9 r\u00e9gional : Le P\u00f4le France :<\/p>\n","protected":false},"author":1,"featured_media":0,"parent":0,"menu_order":0,"comment_status":"closed","ping_status":"closed","template":"","meta":{"colormag_page_container_layout":"no_sidebar_full_width","colormag_page_sidebar_layout":"no_sidebar","advgb_blocks_editor_width":"","advgb_blocks_columns_visual_guide":"","ngg_post_thumbnail":0,"_mc_calendar":[],"footnotes":""},"class_list":["post-266","page","type-page","status-publish","hentry"],"yoast_head":"<!-- This site is optimized with the Yoast SEO plugin v27.4 - https:\/\/yoast.com\/product\/yoast-seo-wordpress\/ -->\n<title>Les clubs et comit\u00e9s - CRPMNA<\/title>\n<meta name=\"description\" content=\"Vous \u00eates \u00e0 la recherche d&#039;un Club, d&#039;un Comit\u00e9 ou d&#039;un P\u00f4le France ? Rendez-vous sur la page &quot;Les clubs et comit\u00e9s&quot; pour voir la liste..\" \/>\n<meta name=\"robots\" content=\"index, follow, max-snippet:-1, max-image-preview:large, max-video-preview:-1\" \/>\n<link rel=\"canonical\" href=\"https:\/\/www.crpmna.fr\/index.php\/les-clubs-et-comites\/\" \/>\n<meta property=\"og:locale\" content=\"fr_FR\" \/>\n<meta property=\"og:type\" content=\"article\" \/>\n<meta property=\"og:title\" content=\"Les clubs et comit\u00e9s - CRPMNA\" \/>\n<meta property=\"og:description\" content=\"Vous \u00eates \u00e0 la recherche d&#039;un Club, d&#039;un Comit\u00e9 ou d&#039;un P\u00f4le France ? Rendez-vous sur la page &quot;Les clubs et comit\u00e9s&quot; pour voir la liste..\" \/>\n<meta property=\"og:url\" content=\"https:\/\/www.crpmna.fr\/index.php\/les-clubs-et-comites\/\" \/>\n<meta property=\"og:site_name\" content=\"CRPMNA\" \/>\n<meta property=\"article:publisher\" content=\"https:\/\/www.facebook.com\/crpmna.fr\" \/>\n<meta property=\"article:modified_time\" content=\"2026-01-30T16:16:29+00:00\" \/>\n<meta property=\"og:image\" content=\"https:\/\/www.crpmna.fr\/wp-content\/uploads\/2023\/10\/Logo-CRPMNA-noir-sans-fond.png\" \/>\n\t<meta property=\"og:image:width\" content=\"2364\" \/>\n\t<meta property=\"og:image:height\" content=\"2363\" \/>\n\t<meta property=\"og:image:type\" content=\"image\/png\" \/>\n<meta name=\"twitter:card\" content=\"summary_large_image\" \/>\n<meta name=\"twitter:label1\" content=\"Dur\u00e9e de lecture estim\u00e9e\" \/>\n\t<meta name=\"twitter:data1\" content=\"1 minute\" \/>\n<script type=\"application\/ld+json\" class=\"yoast-schema-graph\">{\"@context\":\"https:\\\/\\\/schema.org\",\"@graph\":[{\"@type\":\"WebPage\",\"@id\":\"https:\\\/\\\/www.crpmna.fr\\\/index.php\\\/les-clubs-et-comites\\\/\",\"url\":\"https:\\\/\\\/www.crpmna.fr\\\/index.php\\\/les-clubs-et-comites\\\/\",\"name\":\"Les clubs et comit\u00e9s - CRPMNA\",\"isPartOf\":{\"@id\":\"https:\\\/\\\/www.crpmna.fr\\\/#website\"},\"datePublished\":\"2020-08-04T09:36:01+00:00\",\"dateModified\":\"2026-01-30T16:16:29+00:00\",\"description\":\"Vous \u00eates \u00e0 la recherche d'un Club, d'un Comit\u00e9 ou d'un P\u00f4le France ? Rendez-vous sur la page \\\"Les clubs et comit\u00e9s\\\" pour voir la liste..\",\"breadcrumb\":{\"@id\":\"https:\\\/\\\/www.crpmna.fr\\\/index.php\\\/les-clubs-et-comites\\\/#breadcrumb\"},\"inLanguage\":\"fr-FR\",\"potentialAction\":[{\"@type\":\"ReadAction\",\"target\":[\"https:\\\/\\\/www.crpmna.fr\\\/index.php\\\/les-clubs-et-comites\\\/\"]}]},{\"@type\":\"BreadcrumbList\",\"@id\":\"https:\\\/\\\/www.crpmna.fr\\\/index.php\\\/les-clubs-et-comites\\\/#breadcrumb\",\"itemListElement\":[{\"@type\":\"ListItem\",\"position\":1,\"name\":\"Home\",\"item\":\"https:\\\/\\\/www.crpmna.fr\\\/\"},{\"@type\":\"ListItem\",\"position\":2,\"name\":\"Les clubs et comit\u00e9s\"}]},{\"@type\":\"WebSite\",\"@id\":\"https:\\\/\\\/www.crpmna.fr\\\/#website\",\"url\":\"https:\\\/\\\/www.crpmna.fr\\\/\",\"name\":\"CRPMNA\",\"description\":\"Organiser et d\u00e9velopper la pratique du pentathlon moderne en Nouvelle Aquitaine\",\"publisher\":{\"@id\":\"https:\\\/\\\/www.crpmna.fr\\\/#organization\"},\"alternateName\":\"Comit\u00e9 R\u00e9gional de Pentathlon Moderne de Nouvelle-Aquitaine\",\"potentialAction\":[{\"@type\":\"SearchAction\",\"target\":{\"@type\":\"EntryPoint\",\"urlTemplate\":\"https:\\\/\\\/www.crpmna.fr\\\/?s={search_term_string}\"},\"query-input\":{\"@type\":\"PropertyValueSpecification\",\"valueRequired\":true,\"valueName\":\"search_term_string\"}}],\"inLanguage\":\"fr-FR\"},{\"@type\":\"Organization\",\"@id\":\"https:\\\/\\\/www.crpmna.fr\\\/#organization\",\"name\":\"CRPMNA\",\"alternateName\":\"Comit\u00e9 R\u00e9gional de Pentathlon Moderne de Nouvelle-Aquitaine\",\"url\":\"https:\\\/\\\/www.crpmna.fr\\\/\",\"logo\":{\"@type\":\"ImageObject\",\"inLanguage\":\"fr-FR\",\"@id\":\"https:\\\/\\\/www.crpmna.fr\\\/#\\\/schema\\\/logo\\\/image\\\/\",\"url\":\"https:\\\/\\\/www.crpmna.fr\\\/wp-content\\\/uploads\\\/2023\\\/10\\\/Logo-CRPMNA-noir-sans-fond.png\",\"contentUrl\":\"https:\\\/\\\/www.crpmna.fr\\\/wp-content\\\/uploads\\\/2023\\\/10\\\/Logo-CRPMNA-noir-sans-fond.png\",\"width\":2364,\"height\":2363,\"caption\":\"CRPMNA\"},\"image\":{\"@id\":\"https:\\\/\\\/www.crpmna.fr\\\/#\\\/schema\\\/logo\\\/image\\\/\"},\"sameAs\":[\"https:\\\/\\\/www.facebook.com\\\/crpmna.fr\",\"https:\\\/\\\/www.instagram.com\\\/crpmna\\\/\",\"https:\\\/\\\/www.youtube.com\\\/channel\\\/UCsnwnBbuM8lu46ibC6H2jEA\",\"https:\\\/\\\/www.linkedin.com\\\/company\\\/89200652\\\/admin\\\/\"]}]}<\/script>\n<!-- \/ Yoast SEO plugin. -->","yoast_head_json":{"title":"Les clubs et comit\u00e9s - CRPMNA","description":"Vous \u00eates \u00e0 la recherche d'un Club, d'un Comit\u00e9 ou d'un P\u00f4le France ? Rendez-vous sur la page \"Les clubs et comit\u00e9s\" pour voir la liste..","robots":{"index":"index","follow":"follow","max-snippet":"max-snippet:-1","max-image-preview":"max-image-preview:large","max-video-preview":"max-video-preview:-1"},"canonical":"https:\/\/www.crpmna.fr\/index.php\/les-clubs-et-comites\/","og_locale":"fr_FR","og_type":"article","og_title":"Les clubs et comit\u00e9s - CRPMNA","og_description":"Vous \u00eates \u00e0 la recherche d'un Club, d'un Comit\u00e9 ou d'un P\u00f4le France ? Rendez-vous sur la page \"Les clubs et comit\u00e9s\" pour voir la liste..","og_url":"https:\/\/www.crpmna.fr\/index.php\/les-clubs-et-comites\/","og_site_name":"CRPMNA","article_publisher":"https:\/\/www.facebook.com\/crpmna.fr","article_modified_time":"2026-01-30T16:16:29+00:00","og_image":[{"width":2364,"height":2363,"url":"https:\/\/www.crpmna.fr\/wp-content\/uploads\/2023\/10\/Logo-CRPMNA-noir-sans-fond.png","type":"image\/png"}],"twitter_card":"summary_large_image","twitter_misc":{"Dur\u00e9e de lecture estim\u00e9e":"1 minute"},"schema":{"@context":"https:\/\/schema.org","@graph":[{"@type":"WebPage","@id":"https:\/\/www.crpmna.fr\/index.php\/les-clubs-et-comites\/","url":"https:\/\/www.crpmna.fr\/index.php\/les-clubs-et-comites\/","name":"Les clubs et comit\u00e9s - CRPMNA","isPartOf":{"@id":"https:\/\/www.crpmna.fr\/#website"},"datePublished":"2020-08-04T09:36:01+00:00","dateModified":"2026-01-30T16:16:29+00:00","description":"Vous \u00eates \u00e0 la recherche d'un Club, d'un Comit\u00e9 ou d'un P\u00f4le France ? Rendez-vous sur la page \"Les clubs et comit\u00e9s\" pour voir la liste..","breadcrumb":{"@id":"https:\/\/www.crpmna.fr\/index.php\/les-clubs-et-comites\/#breadcrumb"},"inLanguage":"fr-FR","potentialAction":[{"@type":"ReadAction","target":["https:\/\/www.crpmna.fr\/index.php\/les-clubs-et-comites\/"]}]},{"@type":"BreadcrumbList","@id":"https:\/\/www.crpmna.fr\/index.php\/les-clubs-et-comites\/#breadcrumb","itemListElement":[{"@type":"ListItem","position":1,"name":"Home","item":"https:\/\/www.crpmna.fr\/"},{"@type":"ListItem","position":2,"name":"Les clubs et comit\u00e9s"}]},{"@type":"WebSite","@id":"https:\/\/www.crpmna.fr\/#website","url":"https:\/\/www.crpmna.fr\/","name":"CRPMNA","description":"Organiser et d\u00e9velopper la pratique du pentathlon moderne en Nouvelle Aquitaine","publisher":{"@id":"https:\/\/www.crpmna.fr\/#organization"},"alternateName":"Comit\u00e9 R\u00e9gional de Pentathlon Moderne de Nouvelle-Aquitaine","potentialAction":[{"@type":"SearchAction","target":{"@type":"EntryPoint","urlTemplate":"https:\/\/www.crpmna.fr\/?s={search_term_string}"},"query-input":{"@type":"PropertyValueSpecification","valueRequired":true,"valueName":"search_term_string"}}],"inLanguage":"fr-FR"},{"@type":"Organization","@id":"https:\/\/www.crpmna.fr\/#organization","name":"CRPMNA","alternateName":"Comit\u00e9 R\u00e9gional de Pentathlon Moderne de Nouvelle-Aquitaine","url":"https:\/\/www.crpmna.fr\/","logo":{"@type":"ImageObject","inLanguage":"fr-FR","@id":"https:\/\/www.crpmna.fr\/#\/schema\/logo\/image\/","url":"https:\/\/www.crpmna.fr\/wp-content\/uploads\/2023\/10\/Logo-CRPMNA-noir-sans-fond.png","contentUrl":"https:\/\/www.crpmna.fr\/wp-content\/uploads\/2023\/10\/Logo-CRPMNA-noir-sans-fond.png","width":2364,"height":2363,"caption":"CRPMNA"},"image":{"@id":"https:\/\/www.crpmna.fr\/#\/schema\/logo\/image\/"},"sameAs":["https:\/\/www.facebook.com\/crpmna.fr","https:\/\/www.instagram.com\/crpmna\/","https:\/\/www.youtube.com\/channel\/UCsnwnBbuM8lu46ibC6H2jEA","https:\/\/www.linkedin.com\/company\/89200652\/admin\/"]}]}},"coauthors":[],"author_meta":{"author_link":"https:\/\/www.crpmna.fr\/index.php\/author\/admcomite\/","display_name":"Nans ALVES"},"relative_dates":{"created":"Publi\u00e9 6 ans il y a","modified":"Mis \u00e0 jour 2 mois il y a"},"absolute_dates":{"created":"Publi\u00e9 le 4 ao\u00fbt 2020","modified":"Mise \u00e0 jour le 30 janvier 2026"},"absolute_dates_time":{"created":"Publi\u00e9 le 4 ao\u00fbt 2020 11 h 36 min","modified":"Mise \u00e0 jour le 30 janvier 2026 17 h 16 min"},"featured_img_caption":"","featured_img":false,"series_order":"","_links":{"self":[{"href":"https:\/\/www.crpmna.fr\/index.php\/wp-json\/wp\/v2\/pages\/266","targetHints":{"allow":["GET"]}}],"collection":[{"href":"https:\/\/www.crpmna.fr\/index.php\/wp-json\/wp\/v2\/pages"}],"about":[{"href":"https:\/\/www.crpmna.fr\/index.php\/wp-json\/wp\/v2\/types\/page"}],"author":[{"embeddable":true,"href":"https:\/\/www.crpmna.fr\/index.php\/wp-json\/wp\/v2\/users\/1"}],"replies":[{"embeddable":true,"href":"https:\/\/www.crpmna.fr\/index.php\/wp-json\/wp\/v2\/comments?post=266"}],"version-history":[{"count":50,"href":"https:\/\/www.crpmna.fr\/index.php\/wp-json\/wp\/v2\/pages\/266\/revisions"}],"predecessor-version":[{"id":4940,"href":"https:\/\/www.crpmna.fr\/index.php\/wp-json\/wp\/v2\/pages\/266\/revisions\/4940"}],"wp:attachment":[{"href":"https:\/\/www.crpmna.fr\/index.php\/wp-json\/wp\/v2\/media?parent=266"}],"curies":[{"name":"wp","href":"https:\/\/api.w.org\/{rel}","templated":true}]}}