{"id":448,"date":"2021-02-15T11:45:28","date_gmt":"2021-02-15T10:45:28","guid":{"rendered":"http:\/\/www.crpmna.fr\/?page_id=448"},"modified":"2026-01-28T12:57:20","modified_gmt":"2026-01-28T11:57:20","slug":"formation","status":"publish","type":"page","link":"https:\/\/www.crpmna.fr\/index.php\/formation\/","title":{"rendered":"Formation brevets f\u00e9d\u00e9raux"},"content":{"rendered":"\n<figure class=\"wp-block-image aligncenter size-large is-resized is-style-default\"><img decoding=\"async\" width=\"1024\" height=\"180\" src=\"https:\/\/www.crpmna.fr\/wp-content\/uploads\/2022\/11\/FBF-1024x180.png\" alt=\"\" class=\"wp-image-1161\" style=\"width:1140px;height:200px\" srcset=\"https:\/\/www.crpmna.fr\/wp-content\/uploads\/2022\/11\/FBF-1024x180.png 1024w, https:\/\/www.crpmna.fr\/wp-content\/uploads\/2022\/11\/FBF-300x53.png 300w, https:\/\/www.crpmna.fr\/wp-content\/uploads\/2022\/11\/FBF-768x135.png 768w, https:\/\/www.crpmna.fr\/wp-content\/uploads\/2022\/11\/FBF-1536x270.png 1536w, https:\/\/www.crpmna.fr\/wp-content\/uploads\/2022\/11\/FBF-2048x360.png 2048w\" sizes=\"(max-width: 1024px) 100vw, 1024px\" \/><\/figure>\n\n\n\n<p>La F\u00e9d\u00e9ration fran\u00e7aise de Pentathlon Moderne (FFPM) a modifi\u00e9 au 1<sup>er<\/sup> Janvier 2021 les brevets f\u00e9d\u00e9raux de pentathlon moderne. Les trois niveaux actuels sont destin\u00e9s \u00e0 r\u00e9glementer l\u2019encadrement b\u00e9n\u00e9vole du pentathlon moderne. Pour rappel ces formations ne permettent pas d&rsquo;\u00eatre r\u00e9mun\u00e9rer.<\/p>\n\n\n\n<div class=\"wp-block-columns is-layout-flex wp-container-core-columns-is-layout-28f84493 wp-block-columns-is-layout-flex\">\n<div class=\"wp-block-column is-layout-flow wp-block-column-is-layout-flow\">\n<figure class=\"wp-block-image aligncenter size-full is-style-rounded\"><img decoding=\"async\" width=\"184\" height=\"177\" src=\"https:\/\/www.crpmna.fr\/wp-content\/uploads\/2021\/10\/BF1.png\" alt=\"\" class=\"wp-image-756\"\/><figcaption class=\"wp-element-caption\">LASER-RUN<\/figcaption><\/figure>\n\n\n\n<h5 class=\"wp-block-heading\"><strong>Brevet F\u00e9d\u00e9ral 1<\/strong><\/h5>\n\n\n\n<p><a href=\"https:\/\/www.crpmna.fr\/wp-content\/uploads\/2021\/02\/BREVET-FEDERAL-1.pdf\" target=\"_blank\" rel=\"noreferrer noopener\">Fiche pr\u00e9requis BF1 Pentathlon Moderne<\/a><\/p>\n\n\n\n<p><a href=\"https:\/\/www.crpmna.fr\/wp-content\/uploads\/2021\/10\/Contenu-BF-1.pdf\" target=\"_blank\" rel=\"noreferrer noopener\">Contenu du BF1<\/a><\/p>\n<\/div>\n\n\n\n<div class=\"wp-block-column is-layout-flow wp-block-column-is-layout-flow\">\n<figure class=\"wp-block-image aligncenter size-full is-style-default\"><img decoding=\"async\" width=\"184\" height=\"177\" src=\"https:\/\/www.crpmna.fr\/wp-content\/uploads\/2021\/10\/BF2.png\" alt=\"\" class=\"wp-image-757\"\/><figcaption class=\"wp-element-caption\">TRIATHLE<\/figcaption><\/figure>\n\n\n\n<h5 class=\"wp-block-heading\"><strong>Brevet F\u00e9d\u00e9ral 2<\/strong><\/h5>\n\n\n\n<p><a href=\"https:\/\/www.crpmna.fr\/wp-content\/uploads\/2021\/02\/BREVET-FEDERAL-2.pdf\" target=\"_blank\" rel=\"noreferrer noopener\">Fiche pr\u00e9requis BF2 Pentathlon Moderne<\/a><\/p>\n\n\n\n<p><a href=\"https:\/\/www.crpmna.fr\/wp-content\/uploads\/2021\/10\/Contenu-BF-2.pdf\" target=\"_blank\" rel=\"noreferrer noopener\">Contenu BF2<\/a><\/p>\n<\/div>\n\n\n\n<div class=\"wp-block-column is-layout-flow wp-block-column-is-layout-flow\">\n<figure class=\"wp-block-image aligncenter size-full is-style-default\"><img decoding=\"async\" width=\"186\" height=\"178\" src=\"https:\/\/www.crpmna.fr\/wp-content\/uploads\/2021\/10\/BF3.png\" alt=\"\" class=\"wp-image-758\"\/><figcaption class=\"wp-element-caption\">TETRATHLON<\/figcaption><\/figure>\n\n\n\n<h5 class=\"wp-block-heading\"><strong>Brevet F\u00e9d\u00e9ral 3<\/strong><\/h5>\n\n\n\n<p><a href=\"https:\/\/www.crpmna.fr\/wp-content\/uploads\/2021\/02\/BREVET-FEDERAL-3.pdf\" target=\"_blank\" rel=\"noreferrer noopener\">Fiche pr\u00e9requis BF3 Pentathlon Moderne<\/a><\/p>\n\n\n\n<p><a href=\"https:\/\/www.crpmna.fr\/wp-content\/uploads\/2021\/10\/Contenu-BF-3.pdf\" target=\"_blank\" rel=\"noreferrer noopener\">Contenu BF3<\/a><\/p>\n<\/div>\n<\/div>\n\n\n\n<div style=\"height:29px\" aria-hidden=\"true\" class=\"wp-block-spacer\"><\/div>\n\n\n\n<h3 class=\"wp-block-heading has-cm-color-2-color has-text-color has-link-color wp-elements-85722142e441f9295a32b7ec4c8377e4\"><strong>Livret de formation<\/strong><\/h3>\n\n\n\n<p>Un livret de suivi de formation est remis au stagiaire en d\u00e9but de cycle de formation. <strong>Il est personnel<\/strong> et il est renseign\u00e9 par le stagiaire et l\u2019\u00e9quipe des formateurs qui valide la pr\u00e9sence du stagiaire aux regroupements et aux stages.<br>Il est mis \u00e0 la disposition du tuteur qui le remplira p\u00e9riodiquement.<br>Il est remis au Pr\u00e9sident et au tuteur lors de l\u2019\u00e9valuation du candidat dans son intervention en club.<\/p>\n\n\n\n<p>Il cr\u00e9e du lien entre le candidat, la structure d\u2019accueil et l\u2019organisme de formation. Il constitue le r\u00e9sum\u00e9 du parcours de la formation initiale du candidat.<br>Il permet de donner une vision du profil du candidat aux formateurs successifs.<\/p>\n\n\n\n<p><strong>Les buts du livret de formation sont :<\/strong><\/p>\n\n\n\n<ul class=\"wp-block-list\">\n<li>Pr\u00e9ciser le contenu des modules de formation.<\/li>\n\n\n\n<li>\u00c9changer les observations entre la structure et l\u2019organisme de formation.<\/li>\n\n\n\n<li>Valider la participation et l\u2019implication du candidat.<\/li>\n\n\n\n<li>\u00c9valuer et certifier les diff\u00e9rentes comp\u00e9tences.<\/li>\n<\/ul>\n\n\n\n<p><\/p>\n\n\n\n<p><strong>Ce livret est un atout int\u00e9ressant pour une candidature \u00e0 un dipl\u00f4me sup\u00e9rieur (CQP) ainsi que lors d\u2019une demande d\u2019\u00e9quivalence.<\/strong><\/p>\n","protected":false},"excerpt":{"rendered":"<p>La F\u00e9d\u00e9ration fran\u00e7aise de Pentathlon Moderne (FFPM) a modifi\u00e9 au 1er Janvier 2021 les brevets f\u00e9d\u00e9raux de pentathlon moderne. Les<\/p>\n","protected":false},"author":1,"featured_media":0,"parent":0,"menu_order":0,"comment_status":"closed","ping_status":"closed","template":"","meta":{"colormag_page_container_layout":"default_layout","colormag_page_sidebar_layout":"default_layout","advgb_blocks_editor_width":"","advgb_blocks_columns_visual_guide":"","ngg_post_thumbnail":0,"_mc_calendar":[],"footnotes":""},"class_list":["post-448","page","type-page","status-publish","hentry"],"yoast_head":"<!-- This site is optimized with the Yoast SEO plugin v27.6 - https:\/\/yoast.com\/product\/yoast-seo-wordpress\/ -->\n<title>Formation brevets f\u00e9d\u00e9raux - CRPMNA<\/title>\n<meta name=\"description\" content=\"La F\u00e9d\u00e9ration fran\u00e7aise de Pentathlon Moderne (FFPM) a modifi\u00e9 au 1er Janvier 2021 les brevets f\u00e9d\u00e9raux de pentathlon moderne...\" \/>\n<meta name=\"robots\" content=\"index, follow, max-snippet:-1, max-image-preview:large, max-video-preview:-1\" \/>\n<link rel=\"canonical\" href=\"https:\/\/www.crpmna.fr\/index.php\/formation\/\" \/>\n<meta property=\"og:locale\" content=\"fr_FR\" \/>\n<meta property=\"og:type\" content=\"article\" \/>\n<meta property=\"og:title\" content=\"Formation brevets f\u00e9d\u00e9raux - CRPMNA\" \/>\n<meta property=\"og:description\" content=\"La F\u00e9d\u00e9ration fran\u00e7aise de Pentathlon Moderne (FFPM) a modifi\u00e9 au 1er Janvier 2021 les brevets f\u00e9d\u00e9raux de pentathlon moderne...\" \/>\n<meta property=\"og:url\" content=\"https:\/\/www.crpmna.fr\/index.php\/formation\/\" \/>\n<meta property=\"og:site_name\" content=\"CRPMNA\" \/>\n<meta property=\"article:publisher\" content=\"https:\/\/www.facebook.com\/crpmna.fr\" \/>\n<meta property=\"article:modified_time\" content=\"2026-01-28T11:57:20+00:00\" \/>\n<meta property=\"og:image\" content=\"https:\/\/www.crpmna.fr\/wp-content\/uploads\/2022\/11\/FBF.png\" \/>\n\t<meta property=\"og:image:width\" content=\"9492\" \/>\n\t<meta property=\"og:image:height\" content=\"1667\" \/>\n\t<meta property=\"og:image:type\" content=\"image\/png\" \/>\n<meta name=\"twitter:card\" content=\"summary_large_image\" \/>\n<meta name=\"twitter:label1\" content=\"Dur\u00e9e de lecture estim\u00e9e\" \/>\n\t<meta name=\"twitter:data1\" content=\"3 minutes\" \/>\n<script type=\"application\/ld+json\" class=\"yoast-schema-graph\">{\"@context\":\"https:\\\/\\\/schema.org\",\"@graph\":[{\"@type\":\"WebPage\",\"@id\":\"https:\\\/\\\/www.crpmna.fr\\\/index.php\\\/formation\\\/\",\"url\":\"https:\\\/\\\/www.crpmna.fr\\\/index.php\\\/formation\\\/\",\"name\":\"Formation brevets f\u00e9d\u00e9raux - CRPMNA\",\"isPartOf\":{\"@id\":\"https:\\\/\\\/www.crpmna.fr\\\/#website\"},\"primaryImageOfPage\":{\"@id\":\"https:\\\/\\\/www.crpmna.fr\\\/index.php\\\/formation\\\/#primaryimage\"},\"image\":{\"@id\":\"https:\\\/\\\/www.crpmna.fr\\\/index.php\\\/formation\\\/#primaryimage\"},\"thumbnailUrl\":\"https:\\\/\\\/www.crpmna.fr\\\/wp-content\\\/uploads\\\/2022\\\/11\\\/FBF-1024x180.png\",\"datePublished\":\"2021-02-15T10:45:28+00:00\",\"dateModified\":\"2026-01-28T11:57:20+00:00\",\"description\":\"La F\u00e9d\u00e9ration fran\u00e7aise de Pentathlon Moderne (FFPM) a modifi\u00e9 au 1er Janvier 2021 les brevets f\u00e9d\u00e9raux de pentathlon moderne...\",\"breadcrumb\":{\"@id\":\"https:\\\/\\\/www.crpmna.fr\\\/index.php\\\/formation\\\/#breadcrumb\"},\"inLanguage\":\"fr-FR\",\"potentialAction\":[{\"@type\":\"ReadAction\",\"target\":[\"https:\\\/\\\/www.crpmna.fr\\\/index.php\\\/formation\\\/\"]}]},{\"@type\":\"ImageObject\",\"inLanguage\":\"fr-FR\",\"@id\":\"https:\\\/\\\/www.crpmna.fr\\\/index.php\\\/formation\\\/#primaryimage\",\"url\":\"https:\\\/\\\/www.crpmna.fr\\\/wp-content\\\/uploads\\\/2022\\\/11\\\/FBF.png\",\"contentUrl\":\"https:\\\/\\\/www.crpmna.fr\\\/wp-content\\\/uploads\\\/2022\\\/11\\\/FBF.png\",\"width\":9492,\"height\":1667},{\"@type\":\"BreadcrumbList\",\"@id\":\"https:\\\/\\\/www.crpmna.fr\\\/index.php\\\/formation\\\/#breadcrumb\",\"itemListElement\":[{\"@type\":\"ListItem\",\"position\":1,\"name\":\"Home\",\"item\":\"https:\\\/\\\/www.crpmna.fr\\\/\"},{\"@type\":\"ListItem\",\"position\":2,\"name\":\"Formation brevets f\u00e9d\u00e9raux\"}]},{\"@type\":\"WebSite\",\"@id\":\"https:\\\/\\\/www.crpmna.fr\\\/#website\",\"url\":\"https:\\\/\\\/www.crpmna.fr\\\/\",\"name\":\"CRPMNA\",\"description\":\"Organiser et d\u00e9velopper la pratique du pentathlon moderne en Nouvelle Aquitaine\",\"publisher\":{\"@id\":\"https:\\\/\\\/www.crpmna.fr\\\/#organization\"},\"alternateName\":\"Comit\u00e9 R\u00e9gional de Pentathlon Moderne de Nouvelle-Aquitaine\",\"potentialAction\":[{\"@type\":\"SearchAction\",\"target\":{\"@type\":\"EntryPoint\",\"urlTemplate\":\"https:\\\/\\\/www.crpmna.fr\\\/?s={search_term_string}\"},\"query-input\":{\"@type\":\"PropertyValueSpecification\",\"valueRequired\":true,\"valueName\":\"search_term_string\"}}],\"inLanguage\":\"fr-FR\"},{\"@type\":\"Organization\",\"@id\":\"https:\\\/\\\/www.crpmna.fr\\\/#organization\",\"name\":\"CRPMNA\",\"alternateName\":\"Comit\u00e9 R\u00e9gional de Pentathlon Moderne de Nouvelle-Aquitaine\",\"url\":\"https:\\\/\\\/www.crpmna.fr\\\/\",\"logo\":{\"@type\":\"ImageObject\",\"inLanguage\":\"fr-FR\",\"@id\":\"https:\\\/\\\/www.crpmna.fr\\\/#\\\/schema\\\/logo\\\/image\\\/\",\"url\":\"https:\\\/\\\/www.crpmna.fr\\\/wp-content\\\/uploads\\\/2023\\\/10\\\/Logo-CRPMNA-noir-sans-fond.png\",\"contentUrl\":\"https:\\\/\\\/www.crpmna.fr\\\/wp-content\\\/uploads\\\/2023\\\/10\\\/Logo-CRPMNA-noir-sans-fond.png\",\"width\":2364,\"height\":2363,\"caption\":\"CRPMNA\"},\"image\":{\"@id\":\"https:\\\/\\\/www.crpmna.fr\\\/#\\\/schema\\\/logo\\\/image\\\/\"},\"sameAs\":[\"https:\\\/\\\/www.facebook.com\\\/crpmna.fr\",\"https:\\\/\\\/www.instagram.com\\\/crpmna\\\/\",\"https:\\\/\\\/www.youtube.com\\\/channel\\\/UCsnwnBbuM8lu46ibC6H2jEA\",\"https:\\\/\\\/www.linkedin.com\\\/company\\\/89200652\\\/admin\\\/\"]}]}<\/script>\n<!-- \/ Yoast SEO plugin. -->","yoast_head_json":{"title":"Formation brevets f\u00e9d\u00e9raux - CRPMNA","description":"La F\u00e9d\u00e9ration fran\u00e7aise de Pentathlon Moderne (FFPM) a modifi\u00e9 au 1er Janvier 2021 les brevets f\u00e9d\u00e9raux de pentathlon moderne...","robots":{"index":"index","follow":"follow","max-snippet":"max-snippet:-1","max-image-preview":"max-image-preview:large","max-video-preview":"max-video-preview:-1"},"canonical":"https:\/\/www.crpmna.fr\/index.php\/formation\/","og_locale":"fr_FR","og_type":"article","og_title":"Formation brevets f\u00e9d\u00e9raux - CRPMNA","og_description":"La F\u00e9d\u00e9ration fran\u00e7aise de Pentathlon Moderne (FFPM) a modifi\u00e9 au 1er Janvier 2021 les brevets f\u00e9d\u00e9raux de pentathlon moderne...","og_url":"https:\/\/www.crpmna.fr\/index.php\/formation\/","og_site_name":"CRPMNA","article_publisher":"https:\/\/www.facebook.com\/crpmna.fr","article_modified_time":"2026-01-28T11:57:20+00:00","og_image":[{"width":9492,"height":1667,"url":"https:\/\/www.crpmna.fr\/wp-content\/uploads\/2022\/11\/FBF.png","type":"image\/png"}],"twitter_card":"summary_large_image","twitter_misc":{"Dur\u00e9e de lecture estim\u00e9e":"3 minutes"},"schema":{"@context":"https:\/\/schema.org","@graph":[{"@type":"WebPage","@id":"https:\/\/www.crpmna.fr\/index.php\/formation\/","url":"https:\/\/www.crpmna.fr\/index.php\/formation\/","name":"Formation brevets f\u00e9d\u00e9raux - CRPMNA","isPartOf":{"@id":"https:\/\/www.crpmna.fr\/#website"},"primaryImageOfPage":{"@id":"https:\/\/www.crpmna.fr\/index.php\/formation\/#primaryimage"},"image":{"@id":"https:\/\/www.crpmna.fr\/index.php\/formation\/#primaryimage"},"thumbnailUrl":"https:\/\/www.crpmna.fr\/wp-content\/uploads\/2022\/11\/FBF-1024x180.png","datePublished":"2021-02-15T10:45:28+00:00","dateModified":"2026-01-28T11:57:20+00:00","description":"La F\u00e9d\u00e9ration fran\u00e7aise de Pentathlon Moderne (FFPM) a modifi\u00e9 au 1er Janvier 2021 les brevets f\u00e9d\u00e9raux de pentathlon moderne...","breadcrumb":{"@id":"https:\/\/www.crpmna.fr\/index.php\/formation\/#breadcrumb"},"inLanguage":"fr-FR","potentialAction":[{"@type":"ReadAction","target":["https:\/\/www.crpmna.fr\/index.php\/formation\/"]}]},{"@type":"ImageObject","inLanguage":"fr-FR","@id":"https:\/\/www.crpmna.fr\/index.php\/formation\/#primaryimage","url":"https:\/\/www.crpmna.fr\/wp-content\/uploads\/2022\/11\/FBF.png","contentUrl":"https:\/\/www.crpmna.fr\/wp-content\/uploads\/2022\/11\/FBF.png","width":9492,"height":1667},{"@type":"BreadcrumbList","@id":"https:\/\/www.crpmna.fr\/index.php\/formation\/#breadcrumb","itemListElement":[{"@type":"ListItem","position":1,"name":"Home","item":"https:\/\/www.crpmna.fr\/"},{"@type":"ListItem","position":2,"name":"Formation brevets f\u00e9d\u00e9raux"}]},{"@type":"WebSite","@id":"https:\/\/www.crpmna.fr\/#website","url":"https:\/\/www.crpmna.fr\/","name":"CRPMNA","description":"Organiser et d\u00e9velopper la pratique du pentathlon moderne en Nouvelle Aquitaine","publisher":{"@id":"https:\/\/www.crpmna.fr\/#organization"},"alternateName":"Comit\u00e9 R\u00e9gional de Pentathlon Moderne de Nouvelle-Aquitaine","potentialAction":[{"@type":"SearchAction","target":{"@type":"EntryPoint","urlTemplate":"https:\/\/www.crpmna.fr\/?s={search_term_string}"},"query-input":{"@type":"PropertyValueSpecification","valueRequired":true,"valueName":"search_term_string"}}],"inLanguage":"fr-FR"},{"@type":"Organization","@id":"https:\/\/www.crpmna.fr\/#organization","name":"CRPMNA","alternateName":"Comit\u00e9 R\u00e9gional de Pentathlon Moderne de Nouvelle-Aquitaine","url":"https:\/\/www.crpmna.fr\/","logo":{"@type":"ImageObject","inLanguage":"fr-FR","@id":"https:\/\/www.crpmna.fr\/#\/schema\/logo\/image\/","url":"https:\/\/www.crpmna.fr\/wp-content\/uploads\/2023\/10\/Logo-CRPMNA-noir-sans-fond.png","contentUrl":"https:\/\/www.crpmna.fr\/wp-content\/uploads\/2023\/10\/Logo-CRPMNA-noir-sans-fond.png","width":2364,"height":2363,"caption":"CRPMNA"},"image":{"@id":"https:\/\/www.crpmna.fr\/#\/schema\/logo\/image\/"},"sameAs":["https:\/\/www.facebook.com\/crpmna.fr","https:\/\/www.instagram.com\/crpmna\/","https:\/\/www.youtube.com\/channel\/UCsnwnBbuM8lu46ibC6H2jEA","https:\/\/www.linkedin.com\/company\/89200652\/admin\/"]}]}},"coauthors":[],"author_meta":{"author_link":"https:\/\/www.crpmna.fr\/index.php\/author\/admcomite\/","display_name":"Nans ALVES"},"relative_dates":{"created":"Publi\u00e9 5 ans il y a","modified":"Mis \u00e0 jour 4 mois il y a"},"absolute_dates":{"created":"Publi\u00e9 le 15 f\u00e9vrier 2021","modified":"Mise \u00e0 jour le 28 janvier 2026"},"absolute_dates_time":{"created":"Publi\u00e9 le 15 f\u00e9vrier 2021 11 h 45 min","modified":"Mise \u00e0 jour le 28 janvier 2026 12 h 57 min"},"featured_img_caption":"","featured_img":false,"series_order":"","_links":{"self":[{"href":"https:\/\/www.crpmna.fr\/index.php\/wp-json\/wp\/v2\/pages\/448","targetHints":{"allow":["GET"]}}],"collection":[{"href":"https:\/\/www.crpmna.fr\/index.php\/wp-json\/wp\/v2\/pages"}],"about":[{"href":"https:\/\/www.crpmna.fr\/index.php\/wp-json\/wp\/v2\/types\/page"}],"author":[{"embeddable":true,"href":"https:\/\/www.crpmna.fr\/index.php\/wp-json\/wp\/v2\/users\/1"}],"replies":[{"embeddable":true,"href":"https:\/\/www.crpmna.fr\/index.php\/wp-json\/wp\/v2\/comments?post=448"}],"version-history":[{"count":13,"href":"https:\/\/www.crpmna.fr\/index.php\/wp-json\/wp\/v2\/pages\/448\/revisions"}],"predecessor-version":[{"id":4907,"href":"https:\/\/www.crpmna.fr\/index.php\/wp-json\/wp\/v2\/pages\/448\/revisions\/4907"}],"wp:attachment":[{"href":"https:\/\/www.crpmna.fr\/index.php\/wp-json\/wp\/v2\/media?parent=448"}],"curies":[{"name":"wp","href":"https:\/\/api.w.org\/{rel}","templated":true}]}}