{"id":92,"date":"2019-09-22T11:20:20","date_gmt":"2019-09-22T09:20:20","guid":{"rendered":"http:\/\/www.crpmna.fr\/?page_id=92"},"modified":"2026-01-26T17:22:15","modified_gmt":"2026-01-26T16:22:15","slug":"lequitation","status":"publish","type":"page","link":"https:\/\/www.crpmna.fr\/index.php\/lequitation\/","title":{"rendered":"\u00c9QUITATION"},"content":{"rendered":"\n<div class=\"wp-block-media-text alignwide has-media-on-the-right is-stacked-on-mobile\" style=\"grid-template-columns:auto 41%\"><div class=\"wp-block-media-text__content\">\n<p><em>[<strong>Ancien format <\/strong>: L&rsquo;\u00e9quitation est remplac\u00e9e par l&rsquo;\u00e9preuve d&rsquo;<a href=\"https:\/\/www.crpmna.fr\/index.php\/obstacle\/\">obstacle<\/a>.]<\/em><\/p>\n\n\n\n<p><\/p>\n\n\n\n<p><strong>La discipline d\u2019\u00e9quitation<\/strong> consiste en <strong>un saut d\u2019obstacles<\/strong> sur une course de <strong>350 \u00e0 450 m\u00e8tres <\/strong>avec <strong>12 obstacles <\/strong>dont au minimum une combinaison d\u2019un double et d\u2019un triple. <strong>Les concurrents sont associ\u00e9s par tirage au sort \u00e0 un cheval.<\/strong> <strong>Chaque pentathl\u00e8te dispose de 20 minutes de d\u00e9tente<\/strong> pour conna\u00eetre le caract\u00e8re de son cheval <strong>avant le d\u00e9but de l\u2019\u00e9preuve<\/strong>. <strong>Un parcours dans le temps impos\u00e9 et sans faute donne 300 points maximum.<\/strong><\/p>\n<\/div><figure class=\"wp-block-media-text__media\"><img decoding=\"async\" width=\"1024\" height=\"683\" src=\"https:\/\/www.crpmna.fr\/wp-content\/uploads\/2022\/11\/pexels-jean-van-der-meulen-1559388-1024x683.jpg\" alt=\"\" class=\"wp-image-1194 size-full\" srcset=\"https:\/\/www.crpmna.fr\/wp-content\/uploads\/2022\/11\/pexels-jean-van-der-meulen-1559388-1024x683.jpg 1024w, https:\/\/www.crpmna.fr\/wp-content\/uploads\/2022\/11\/pexels-jean-van-der-meulen-1559388-300x200.jpg 300w, https:\/\/www.crpmna.fr\/wp-content\/uploads\/2022\/11\/pexels-jean-van-der-meulen-1559388-768x512.jpg 768w, https:\/\/www.crpmna.fr\/wp-content\/uploads\/2022\/11\/pexels-jean-van-der-meulen-1559388-1536x1024.jpg 1536w, https:\/\/www.crpmna.fr\/wp-content\/uploads\/2022\/11\/pexels-jean-van-der-meulen-1559388-2048x1365.jpg 2048w\" sizes=\"(max-width: 1024px) 100vw, 1024px\" \/><\/figure><\/div>\n\n\n\n<p><\/p>\n","protected":false},"excerpt":{"rendered":"<p>[Ancien format : L&rsquo;\u00e9quitation est remplac\u00e9e par l&rsquo;\u00e9preuve d&rsquo;obstacle.] La discipline d\u2019\u00e9quitation consiste en un saut d\u2019obstacles sur une course<\/p>\n","protected":false},"author":1,"featured_media":0,"parent":0,"menu_order":0,"comment_status":"closed","ping_status":"closed","template":"","meta":{"colormag_page_container_layout":"default_layout","colormag_page_sidebar_layout":"default_layout","advgb_blocks_editor_width":"","advgb_blocks_columns_visual_guide":"","ngg_post_thumbnail":0,"_mc_calendar":[],"footnotes":""},"class_list":["post-92","page","type-page","status-publish","hentry"],"yoast_head":"<!-- This site is optimized with the Yoast SEO plugin v27.5 - https:\/\/yoast.com\/product\/yoast-seo-wordpress\/ -->\n<title>\u00c9QUITATION - CRPMNA<\/title>\n<meta name=\"robots\" content=\"index, follow, max-snippet:-1, max-image-preview:large, max-video-preview:-1\" \/>\n<link rel=\"canonical\" href=\"https:\/\/www.crpmna.fr\/index.php\/lequitation\/\" \/>\n<meta property=\"og:locale\" content=\"fr_FR\" \/>\n<meta property=\"og:type\" content=\"article\" \/>\n<meta property=\"og:title\" content=\"\u00c9QUITATION - CRPMNA\" \/>\n<meta property=\"og:description\" content=\"[Ancien format : L&rsquo;\u00e9quitation est remplac\u00e9e par l&rsquo;\u00e9preuve d&rsquo;obstacle.] La discipline d\u2019\u00e9quitation consiste en un saut d\u2019obstacles sur une course\" \/>\n<meta property=\"og:url\" content=\"https:\/\/www.crpmna.fr\/index.php\/lequitation\/\" \/>\n<meta property=\"og:site_name\" content=\"CRPMNA\" \/>\n<meta property=\"article:publisher\" content=\"https:\/\/www.facebook.com\/crpmna.fr\" \/>\n<meta property=\"article:modified_time\" content=\"2026-01-26T16:22:15+00:00\" \/>\n<meta property=\"og:image\" content=\"https:\/\/www.crpmna.fr\/wp-content\/uploads\/2022\/11\/pexels-jean-van-der-meulen-1559388-scaled.jpg\" \/>\n\t<meta property=\"og:image:width\" content=\"2560\" \/>\n\t<meta property=\"og:image:height\" content=\"1706\" \/>\n\t<meta property=\"og:image:type\" content=\"image\/jpeg\" \/>\n<meta name=\"twitter:card\" content=\"summary_large_image\" \/>\n<meta name=\"twitter:label1\" content=\"Dur\u00e9e de lecture estim\u00e9e\" \/>\n\t<meta name=\"twitter:data1\" content=\"1 minute\" \/>\n<script type=\"application\/ld+json\" class=\"yoast-schema-graph\">{\"@context\":\"https:\\\/\\\/schema.org\",\"@graph\":[{\"@type\":\"WebPage\",\"@id\":\"https:\\\/\\\/www.crpmna.fr\\\/index.php\\\/lequitation\\\/\",\"url\":\"https:\\\/\\\/www.crpmna.fr\\\/index.php\\\/lequitation\\\/\",\"name\":\"\u00c9QUITATION - CRPMNA\",\"isPartOf\":{\"@id\":\"https:\\\/\\\/www.crpmna.fr\\\/#website\"},\"primaryImageOfPage\":{\"@id\":\"https:\\\/\\\/www.crpmna.fr\\\/index.php\\\/lequitation\\\/#primaryimage\"},\"image\":{\"@id\":\"https:\\\/\\\/www.crpmna.fr\\\/index.php\\\/lequitation\\\/#primaryimage\"},\"thumbnailUrl\":\"https:\\\/\\\/www.crpmna.fr\\\/wp-content\\\/uploads\\\/2022\\\/11\\\/pexels-jean-van-der-meulen-1559388-1024x683.jpg\",\"datePublished\":\"2019-09-22T09:20:20+00:00\",\"dateModified\":\"2026-01-26T16:22:15+00:00\",\"breadcrumb\":{\"@id\":\"https:\\\/\\\/www.crpmna.fr\\\/index.php\\\/lequitation\\\/#breadcrumb\"},\"inLanguage\":\"fr-FR\",\"potentialAction\":[{\"@type\":\"ReadAction\",\"target\":[\"https:\\\/\\\/www.crpmna.fr\\\/index.php\\\/lequitation\\\/\"]}]},{\"@type\":\"ImageObject\",\"inLanguage\":\"fr-FR\",\"@id\":\"https:\\\/\\\/www.crpmna.fr\\\/index.php\\\/lequitation\\\/#primaryimage\",\"url\":\"https:\\\/\\\/www.crpmna.fr\\\/wp-content\\\/uploads\\\/2022\\\/11\\\/pexels-jean-van-der-meulen-1559388-scaled.jpg\",\"contentUrl\":\"https:\\\/\\\/www.crpmna.fr\\\/wp-content\\\/uploads\\\/2022\\\/11\\\/pexels-jean-van-der-meulen-1559388-scaled.jpg\",\"width\":2560,\"height\":1706},{\"@type\":\"BreadcrumbList\",\"@id\":\"https:\\\/\\\/www.crpmna.fr\\\/index.php\\\/lequitation\\\/#breadcrumb\",\"itemListElement\":[{\"@type\":\"ListItem\",\"position\":1,\"name\":\"Home\",\"item\":\"https:\\\/\\\/www.crpmna.fr\\\/\"},{\"@type\":\"ListItem\",\"position\":2,\"name\":\"\u00c9QUITATION\"}]},{\"@type\":\"WebSite\",\"@id\":\"https:\\\/\\\/www.crpmna.fr\\\/#website\",\"url\":\"https:\\\/\\\/www.crpmna.fr\\\/\",\"name\":\"CRPMNA\",\"description\":\"Organiser et d\u00e9velopper la pratique du pentathlon moderne en Nouvelle Aquitaine\",\"publisher\":{\"@id\":\"https:\\\/\\\/www.crpmna.fr\\\/#organization\"},\"alternateName\":\"Comit\u00e9 R\u00e9gional de Pentathlon Moderne de Nouvelle-Aquitaine\",\"potentialAction\":[{\"@type\":\"SearchAction\",\"target\":{\"@type\":\"EntryPoint\",\"urlTemplate\":\"https:\\\/\\\/www.crpmna.fr\\\/?s={search_term_string}\"},\"query-input\":{\"@type\":\"PropertyValueSpecification\",\"valueRequired\":true,\"valueName\":\"search_term_string\"}}],\"inLanguage\":\"fr-FR\"},{\"@type\":\"Organization\",\"@id\":\"https:\\\/\\\/www.crpmna.fr\\\/#organization\",\"name\":\"CRPMNA\",\"alternateName\":\"Comit\u00e9 R\u00e9gional de Pentathlon Moderne de Nouvelle-Aquitaine\",\"url\":\"https:\\\/\\\/www.crpmna.fr\\\/\",\"logo\":{\"@type\":\"ImageObject\",\"inLanguage\":\"fr-FR\",\"@id\":\"https:\\\/\\\/www.crpmna.fr\\\/#\\\/schema\\\/logo\\\/image\\\/\",\"url\":\"https:\\\/\\\/www.crpmna.fr\\\/wp-content\\\/uploads\\\/2023\\\/10\\\/Logo-CRPMNA-noir-sans-fond.png\",\"contentUrl\":\"https:\\\/\\\/www.crpmna.fr\\\/wp-content\\\/uploads\\\/2023\\\/10\\\/Logo-CRPMNA-noir-sans-fond.png\",\"width\":2364,\"height\":2363,\"caption\":\"CRPMNA\"},\"image\":{\"@id\":\"https:\\\/\\\/www.crpmna.fr\\\/#\\\/schema\\\/logo\\\/image\\\/\"},\"sameAs\":[\"https:\\\/\\\/www.facebook.com\\\/crpmna.fr\",\"https:\\\/\\\/www.instagram.com\\\/crpmna\\\/\",\"https:\\\/\\\/www.youtube.com\\\/channel\\\/UCsnwnBbuM8lu46ibC6H2jEA\",\"https:\\\/\\\/www.linkedin.com\\\/company\\\/89200652\\\/admin\\\/\"]}]}<\/script>\n<!-- \/ Yoast SEO plugin. -->","yoast_head_json":{"title":"\u00c9QUITATION - CRPMNA","robots":{"index":"index","follow":"follow","max-snippet":"max-snippet:-1","max-image-preview":"max-image-preview:large","max-video-preview":"max-video-preview:-1"},"canonical":"https:\/\/www.crpmna.fr\/index.php\/lequitation\/","og_locale":"fr_FR","og_type":"article","og_title":"\u00c9QUITATION - CRPMNA","og_description":"[Ancien format : L&rsquo;\u00e9quitation est remplac\u00e9e par l&rsquo;\u00e9preuve d&rsquo;obstacle.] La discipline d\u2019\u00e9quitation consiste en un saut d\u2019obstacles sur une course","og_url":"https:\/\/www.crpmna.fr\/index.php\/lequitation\/","og_site_name":"CRPMNA","article_publisher":"https:\/\/www.facebook.com\/crpmna.fr","article_modified_time":"2026-01-26T16:22:15+00:00","og_image":[{"width":2560,"height":1706,"url":"https:\/\/www.crpmna.fr\/wp-content\/uploads\/2022\/11\/pexels-jean-van-der-meulen-1559388-scaled.jpg","type":"image\/jpeg"}],"twitter_card":"summary_large_image","twitter_misc":{"Dur\u00e9e de lecture estim\u00e9e":"1 minute"},"schema":{"@context":"https:\/\/schema.org","@graph":[{"@type":"WebPage","@id":"https:\/\/www.crpmna.fr\/index.php\/lequitation\/","url":"https:\/\/www.crpmna.fr\/index.php\/lequitation\/","name":"\u00c9QUITATION - CRPMNA","isPartOf":{"@id":"https:\/\/www.crpmna.fr\/#website"},"primaryImageOfPage":{"@id":"https:\/\/www.crpmna.fr\/index.php\/lequitation\/#primaryimage"},"image":{"@id":"https:\/\/www.crpmna.fr\/index.php\/lequitation\/#primaryimage"},"thumbnailUrl":"https:\/\/www.crpmna.fr\/wp-content\/uploads\/2022\/11\/pexels-jean-van-der-meulen-1559388-1024x683.jpg","datePublished":"2019-09-22T09:20:20+00:00","dateModified":"2026-01-26T16:22:15+00:00","breadcrumb":{"@id":"https:\/\/www.crpmna.fr\/index.php\/lequitation\/#breadcrumb"},"inLanguage":"fr-FR","potentialAction":[{"@type":"ReadAction","target":["https:\/\/www.crpmna.fr\/index.php\/lequitation\/"]}]},{"@type":"ImageObject","inLanguage":"fr-FR","@id":"https:\/\/www.crpmna.fr\/index.php\/lequitation\/#primaryimage","url":"https:\/\/www.crpmna.fr\/wp-content\/uploads\/2022\/11\/pexels-jean-van-der-meulen-1559388-scaled.jpg","contentUrl":"https:\/\/www.crpmna.fr\/wp-content\/uploads\/2022\/11\/pexels-jean-van-der-meulen-1559388-scaled.jpg","width":2560,"height":1706},{"@type":"BreadcrumbList","@id":"https:\/\/www.crpmna.fr\/index.php\/lequitation\/#breadcrumb","itemListElement":[{"@type":"ListItem","position":1,"name":"Home","item":"https:\/\/www.crpmna.fr\/"},{"@type":"ListItem","position":2,"name":"\u00c9QUITATION"}]},{"@type":"WebSite","@id":"https:\/\/www.crpmna.fr\/#website","url":"https:\/\/www.crpmna.fr\/","name":"CRPMNA","description":"Organiser et d\u00e9velopper la pratique du pentathlon moderne en Nouvelle Aquitaine","publisher":{"@id":"https:\/\/www.crpmna.fr\/#organization"},"alternateName":"Comit\u00e9 R\u00e9gional de Pentathlon Moderne de Nouvelle-Aquitaine","potentialAction":[{"@type":"SearchAction","target":{"@type":"EntryPoint","urlTemplate":"https:\/\/www.crpmna.fr\/?s={search_term_string}"},"query-input":{"@type":"PropertyValueSpecification","valueRequired":true,"valueName":"search_term_string"}}],"inLanguage":"fr-FR"},{"@type":"Organization","@id":"https:\/\/www.crpmna.fr\/#organization","name":"CRPMNA","alternateName":"Comit\u00e9 R\u00e9gional de Pentathlon Moderne de Nouvelle-Aquitaine","url":"https:\/\/www.crpmna.fr\/","logo":{"@type":"ImageObject","inLanguage":"fr-FR","@id":"https:\/\/www.crpmna.fr\/#\/schema\/logo\/image\/","url":"https:\/\/www.crpmna.fr\/wp-content\/uploads\/2023\/10\/Logo-CRPMNA-noir-sans-fond.png","contentUrl":"https:\/\/www.crpmna.fr\/wp-content\/uploads\/2023\/10\/Logo-CRPMNA-noir-sans-fond.png","width":2364,"height":2363,"caption":"CRPMNA"},"image":{"@id":"https:\/\/www.crpmna.fr\/#\/schema\/logo\/image\/"},"sameAs":["https:\/\/www.facebook.com\/crpmna.fr","https:\/\/www.instagram.com\/crpmna\/","https:\/\/www.youtube.com\/channel\/UCsnwnBbuM8lu46ibC6H2jEA","https:\/\/www.linkedin.com\/company\/89200652\/admin\/"]}]}},"coauthors":[],"author_meta":{"author_link":"https:\/\/www.crpmna.fr\/index.php\/author\/admcomite\/","display_name":"Nans ALVES"},"relative_dates":{"created":"Publi\u00e9 7 ans il y a","modified":"Mis \u00e0 jour 3 mois il y a"},"absolute_dates":{"created":"Publi\u00e9 le 22 septembre 2019","modified":"Mise \u00e0 jour le 26 janvier 2026"},"absolute_dates_time":{"created":"Publi\u00e9 le 22 septembre 2019 11 h 20 min","modified":"Mise \u00e0 jour le 26 janvier 2026 17 h 22 min"},"featured_img_caption":"","featured_img":false,"series_order":"","_links":{"self":[{"href":"https:\/\/www.crpmna.fr\/index.php\/wp-json\/wp\/v2\/pages\/92","targetHints":{"allow":["GET"]}}],"collection":[{"href":"https:\/\/www.crpmna.fr\/index.php\/wp-json\/wp\/v2\/pages"}],"about":[{"href":"https:\/\/www.crpmna.fr\/index.php\/wp-json\/wp\/v2\/types\/page"}],"author":[{"embeddable":true,"href":"https:\/\/www.crpmna.fr\/index.php\/wp-json\/wp\/v2\/users\/1"}],"replies":[{"embeddable":true,"href":"https:\/\/www.crpmna.fr\/index.php\/wp-json\/wp\/v2\/comments?post=92"}],"version-history":[{"count":13,"href":"https:\/\/www.crpmna.fr\/index.php\/wp-json\/wp\/v2\/pages\/92\/revisions"}],"predecessor-version":[{"id":4813,"href":"https:\/\/www.crpmna.fr\/index.php\/wp-json\/wp\/v2\/pages\/92\/revisions\/4813"}],"wp:attachment":[{"href":"https:\/\/www.crpmna.fr\/index.php\/wp-json\/wp\/v2\/media?parent=92"}],"curies":[{"name":"wp","href":"https:\/\/api.w.org\/{rel}","templated":true}]}}